{"id":7839183,"date":"2018-04-17T14:03:57","date_gmt":"2018-04-17T14:03:57","guid":{"rendered":"https:\/\/old2.wildix.com\/?page_id=7839183"},"modified":"2022-09-08T16:12:04","modified_gmt":"2022-09-08T16:12:04","slug":"wildix-webrtc-kite","status":"publish","type":"page","link":"https:\/\/old.wildix.com\/sv\/wildix-webrtc-kite\/","title":{"rendered":"Wildix WebRTC Kite"},"content":{"rendered":"<section class=\"wpb-content-wrapper\">\t\t<div data-elementor-type=\"wp-page\" data-elementor-id=\"7839183\" class=\"elementor elementor-7839183 elementor-6599\">\n\t\t\t\t\t\t\t\t\t<section data-particle_enable=\"false\" data-particle-mobile-disabled=\"false\" class=\"elementor-section elementor-top-section elementor-element elementor-element-13b9fea elementor-section-boxed elementor-section-height-default elementor-section-height-default\" data-id=\"13b9fea\" data-element_type=\"section\">\n\t\t\t\t\t\t<div class=\"elementor-container elementor-column-gap-default\">\n\t\t\t\t\t<div class=\"elementor-column elementor-col-100 elementor-top-column elementor-element elementor-element-de2a669\" data-id=\"de2a669\" data-element_type=\"column\">\n\t\t\t<div class=\"elementor-widget-wrap elementor-element-populated\">\n\t\t\t\t\t\t\t\t<div class=\"elementor-element elementor-element-2d648fa elementor-widget elementor-widget-html\" data-id=\"2d648fa\" data-element_type=\"widget\" data-widget_type=\"html.default\">\n\t\t\t\t<div class=\"elementor-widget-container\">\n\t\t\t[mk_page_section bg_color=\"#003366\" bg_position=\"center center\" video_opacity=\"0.9\" min_height=\"250\" full_width=\"true\" padding_top=\"0\" padding_bottom=\"0\" sidebar=\"sidebar-1\" first_page=\"false\" last_page=\"false\"][vc_column][mk_padding_divider size=\"120\" visibility=\"hidden-sm\"][mk_padding_divider size=\"70\" visibility=\"visible-sm\"][mk_fancy_title tag_name=\"h1\" color=\"#ffffff\" size=\"70\" force_font_size=\"true\" size_smallscreen=\"60\" size_tablet=\"50\" size_phone=\"40\" font_weight=\"300\" font_style=\"normal\" txt_transform=\"none\" margin_bottom=\"0\" font_family=\"none\" align=\"center\"]Wildix WebRTC Kite[\/mk_fancy_title][mk_fancy_title tag_name=\"span\" color=\"#ffffff\" size=\"24\" force_font_size=\"true\" size_smallscreen=\"22\" size_tablet=\"22\" size_phone=\"20\" font_weight=\"300\" font_style=\"normal\" txt_transform=\"none\" margin_bottom=\"0\" font_family=\"none\" align=\"center\"]Anv\u00e4nd f\u00f6retags hemsida f\u00f6r att f\u00e5 nya kunder[\/mk_fancy_title][mk_padding_divider size=\"30\"][\/vc_column][\/mk_page_section][vc_row fullwidth=\"true\" fullwidth_content=\"false\"][vc_column][mk_padding_divider size=\"50\"][\/vc_column][\/vc_row][vc_row][vc_column][vc_column_text css=\".vc_custom_1662375147681{margin-bottom: 0px !important;}\"]\n<p style=\"text-align: center;\">Wildix Kite \u00e4r en professionell l\u00f6sning f\u00f6r aff\u00e4rskommunikation baserad p\u00e5 WebRTC-teknologi\nsom tar <strong>Unified Communications till din hemsida<\/strong>.<\/p>\n[\/vc_column_text][vc_row_inner css=\".vc_custom_1523975037512{padding-top: 25px !important;padding-right: 25px !important;padding-bottom: 25px !important;padding-left: 25px !important;}\"][vc_column_inner width=\"1\/2\" css=\".vc_custom_1523976268094{margin: 0px !important;border-width: 0px !important;padding: 0px !important;}\"][vc_column_text css=\".vc_custom_1598947302457{margin-bottom: 0px !important;}\"]Med Wildix Kite kan bes\u00f6kare p\u00e5 din hemsida kommunicera med f\u00f6retagets telefonister via:\n<p style=\"text-align: center;\"><strong>chatt, ljud- och videosamtal, sk\u00e4rmdelning och fil\u00f6verf\u00f6ring,<\/strong><\/p>\n[\/vc_column_text][mk_image src=\"https:\/\/old.wildix.com\/wp-content\/uploads\/2019\/06\/kite-functions-700x135.png\" image_width=\"352\" image_height=\"68\" align=\"center\"][vc_column_text css=\".vc_custom_1598947329233{margin-bottom: 0px !important;}\"]allt med bara ett klick.\nKite \u00e4r<strong> fullt integrerat i Wildix UC-system<\/strong> och det f\u00f6rvandlar f\u00f6retagets hemsida till ett effektivt marknadsf\u00f6ringsverktyg.[\/vc_column_text][\/vc_column_inner][vc_column_inner width=\"1\/2\"][vc_video title=\"VIDEO - Vad \u00e4r Kite?\" link=\"https:\/\/youtu.be\/RGiuUdYF6b4\" custom_thumbnail=\"true\" play_icon_color=\"#dd9933\" thumbnail_image=\"7838267\"][\/vc_column_inner][\/vc_row_inner][mk_blockquote font_family=\"none\"]Universitetets m\u00e5l var att erbjuda mer avancerade och innovativa tj\u00e4nster till v\u00e5ra studenter. Med Kite beh\u00f6ver de [studenterna] bara \u00f6ppna en webbsida, v\u00e4lja vilken kurs de l\u00e4ser, se vilka operat\u00f6rer som \u00e4r tillg\u00e4ngliga f\u00f6r student och ha direkt tillg\u00e5ng till informationen, bekv\u00e4mt och enkelt, hemifr\u00e5n eller fr\u00e5n biblioteket.\n\n&nbsp;\n<p style=\"text-align: right;\">Emiliano De Rossi,\nTelefoni- och UC-chef p\u00e5<strong> Roma TRE University<\/strong> (Italien)\n<a href=\"https:\/\/www.uniroma3.it\/\" target=\"_blank\" rel=\"noopener noreferrer\">www.uniroma3.it<\/a><\/p>\n[\/mk_blockquote][mk_padding_divider size=\"15\"][\/vc_column][\/vc_row][vc_row fullwidth=\"true\" fullwidth_content=\"false\" disable_element=\"yes\"][vc_column width=\"1\/6\"][\/vc_column][vc_column width=\"2\/6\"][vc_column_text css=\".vc_custom_1564175795951{margin-bottom: 0px !important;}\"]\n<p style=\"text-align: center;\"><strong>WebRTC Kite sk\u00e4rmdelning<\/strong><\/p>\n[\/vc_column_text][vc_video link=\"https:\/\/youtu.be\/TA2rLYx6Iz4\" custom_thumbnail=\"true\" play_icon_color=\"#dd9933\" thumbnail_image=\"7838267\"][\/vc_column][vc_column width=\"2\/6\"][vc_column_text css=\".vc_custom_1564175804157{margin-bottom: 0px !important;}\"]\n<p style=\"text-align: center;\"><strong>WebRTC Kite funktioner<\/strong><\/p>\n[\/vc_column_text][vc_video link=\"https:\/\/youtu.be\/UfZjNqoaEmU\" custom_thumbnail=\"true\" play_icon_color=\"#dd9933\" thumbnail_image=\"7838267\"][\/vc_column][vc_column width=\"1\/6\"][\/vc_column][\/vc_row][vc_row][vc_column][mk_padding_divider size=\"20\"][mk_divider style=\"thin_solid\" thin_color_style=\"gradient_color\" thin_grandient_color_from=\"#3edbd9\" thin_grandient_color_to=\"#5841b8\" thin_gradient_color_angle=\"horizontal\" thin_grandient_color_fallback=\"#3edbd9\" thickness=\"5\" margin_top=\"0\"][\/vc_column][\/vc_row][vc_row css=\".vc_custom_1559053745406{background-color: #ffffff !important;}\"][vc_column width=\"1\/3\"][mk_padding_divider size=\"30\"][mk_button dimension=\"flat\" corner_style=\"rounded\" size=\"medium\" icon=\"mk-jupiter-icon-doc\" icon_anim=\"side\" url=\"https:\/\/wildix.atlassian.net\/wiki\/x\/EBvOAQ\" target=\"_blank\" align=\"center\" fullwidth=\"true\" bg_color=\"#3c72a2\" btn_hover_txt_color=\"#ffffff\"]Dokumentation[\/mk_button][\/vc_column][vc_column width=\"1\/3\"][mk_padding_divider size=\"30\"][mk_button dimension=\"flat\" corner_style=\"rounded\" size=\"medium\" icon=\"mk-jupiter-icon-doc\" icon_anim=\"side\" url=\"https:\/\/old.wildix.com?wpdmdl=7855371&amp;ind=1599118547662\" target=\"_blank\" align=\"center\" fullwidth=\"true\" bg_color=\"#3c72a2\" btn_hover_txt_color=\"#ffffff\"]KITE Brochure[\/mk_button][\/vc_column][vc_column width=\"1\/3\"][mk_padding_divider size=\"30\"][mk_button dimension=\"flat\" corner_style=\"rounded\" size=\"medium\" icon=\"mk-moon-bubble-video-chat\" icon_anim=\"side\" url=\"https:\/\/kite.wildix.com\/ucit\/86\" target=\"_blank\" align=\"center\" fullwidth=\"true\" bg_color=\"#dd3333\" btn_hover_txt_color=\"#ffffff\"]KITE demo[\/mk_button][\/vc_column][\/vc_row][vc_row][vc_column][mk_padding_divider size=\"30\"][\/vc_column][\/vc_row][vc_row fullwidth=\"true\" fullwidth_content=\"false\" css=\".vc_custom_1561629654669{padding-top: 25px !important;padding-right: 25px !important;padding-bottom: 25px !important;padding-left: 25px !important;background-color: #f6f6f6 !important;}\"][vc_column][mk_padding_divider size=\"50\"][vc_column_text css=\".vc_custom_1598947441241{margin-bottom: 0px !important;}\"]\n<h3 style=\"text-align: center;\">Fullt anpassningsbar HTML-mall<\/h3>\n&nbsp;\n<ul>\n \t<li>V\u00e4lj vilken information som visas: <strong>medarbetarnas personliga bild, n\u00e4rvaroinformation, plats<\/strong><\/li>\n \t<li>V\u00e4lj om en extern anv\u00e4ndare m\u00e5ste auktorisera eller skippa det f\u00f6r att ansluta till Kite-tj\u00e4nsten<\/li>\n \t<li>Anv\u00e4nd Kite i alla former: <strong>Kite inb\u00e4ddat<\/strong> p\u00e5 hemsidans kontaktsida, Kontakta mig-knapp, <strong>HTML-signatur<\/strong> med chatt\/samtalsknapp, en <strong>widget<\/strong> som \u00e4r fortsatt \u00f6ppen n\u00e4r kunden surfar runt p\u00e5 hemsidan.<\/li>\n<\/ul>\n[\/vc_column_text][mk_padding_divider size=\"50\"][mk_image heading_title=\"KITE MED AUKTORISERING\" src=\"https:\/\/old.wildix.com\/wp-content\/uploads\/2018\/07\/wildix-kite-authorization.jpeg\" image_size=\"full\" lightbox=\"true\" align=\"center\"][mk_custom_list style=\"mk-moon-download-7\" icon_color=\"#dd9933\" margin_bottom=\"60\"]\n<ul>\n \t<li><a href=\"https:\/\/confluence.wildix.com\/x\/xQY8AQ\" target=\"_blank\" rel=\"noopener noreferrer\">Ladda ner en f\u00e4rdig HTML-mall av Kite-knappen.<\/a><\/li>\n<\/ul>\n[\/mk_custom_list][mk_padding_divider size=\"50\"][mk_image heading_title=\"KITE UTAN AUKTORISERING\" src=\"https:\/\/old.wildix.com\/wp-content\/uploads\/2018\/07\/kite-no-auth.jpg\" image_size=\"full\" lightbox=\"true\" align=\"center\"][mk_custom_list style=\"mk-moon-link\" icon_color=\"#dd9933\" margin_bottom=\"60\"]<strong>Okej, jag har Kite, hur kan jag skippa auktorisering?<\/strong>\n<ul>\n \t<li><a href=\"https:\/\/wildix.atlassian.net\/wiki\/x\/EBvOAQ\" target=\"_blank\" rel=\"noopener noreferrer\">L\u00e4s dokumentationen.<\/a><\/li>\n<\/ul>\n[\/mk_custom_list][mk_padding_divider size=\"50\"][mk_image heading_title=\"HTML-SIGNATUR F\u00d6R DIN E-POST MED KITE-KNAPP (MED ELLER UTAN AUKTORISERING)\" src=\"https:\/\/old.wildix.com\/wp-content\/uploads\/2018\/07\/wildix-kite-email-signature.jpeg\" image_size=\"full\" lightbox=\"true\" align=\"center\"][mk_custom_list style=\"mk-moon-link\" icon_color=\"#dd9933\" margin_bottom=\"60\"]\n\n<strong>Okej, jag har Kite, var kan jag skapa min signatur?<\/strong>\n<ul>\n \t<li><a href=\"https:\/\/manuals.wildix.com\/kite\/signature.html\" target=\"_blank\" rel=\"noopener noreferrer\">F\u00f6lj den h\u00e4r l\u00e4nken och g\u00f6r det nu.<\/a><\/li>\n<\/ul>\n[\/mk_custom_list][mk_padding_divider size=\"70\"][mk_image heading_title=\"KITE WIDGET: KONTAKTA F\u00d6RETAGET N\u00c4R DU SURFAR RUNT P\u00c5 HEMSIDAN (MED ELLER UTAN AUKTORISERING)\" src=\"https:\/\/old.wildix.com\/wp-content\/uploads\/2018\/07\/wildix-kite-website.jpeg\" image_size=\"full\" lightbox=\"true\" align=\"center\"][mk_custom_list style=\"mk-moon-link\" icon_color=\"#dd9933\" margin_bottom=\"60\"]<strong>Okej, jag har Kite, var kan jag generera koden f\u00f6r widgeten?<\/strong>\n<ul>\n \t<li><a href=\"https:\/\/kite.wildix.com\/pages\/widget\/\" target=\"_blank\" rel=\"noopener noreferrer\">H\u00e4r, det tar ungef\u00e4r tv\u00e5 sekunder.<\/a><\/li>\n<\/ul>\n[\/mk_custom_list][\/vc_column][\/vc_row][vc_row fullwidth=\"true\" fullwidth_content=\"false\" css=\".vc_custom_1561629711747{padding-top: 25px !important;padding-right: 25px !important;padding-bottom: 25px !important;padding-left: 25px !important;}\"][vc_column][mk_fancy_title size=\"28\" force_font_size=\"true\" size_smallscreen=\"25\" size_tablet=\"25\" size_phone=\"20\" txt_transform=\"uppercase\" margin_top=\"20\" margin_bottom=\"10\" font_family=\"none\"]DE H\u00c4R F\u00d6RETAGEN HAR REDAN \u00d6KAT SIN F\u00d6RS\u00c4LJNING MED HJ\u00c4LP AV KITE[\/mk_fancy_title][vc_row_inner][vc_column_inner width=\"1\/2\"][vc_column_text css=\".vc_custom_1598947485926{margin-bottom: 0px !important;}\"]<strong>M\u00e4klarbyr\u00e5n MyLeane<\/strong> har ett filialkontor i Thonon-les-Bains, vid Gen\u00e8vesj\u00f6n, och ett i Louhans, Bourgogne (Frankrike). B\u00e5da platserna \u00e4r fantastiska.\n\nF\u00f6retagets f\u00f6rs\u00e4ljningschefer <strong>ville inte missa en enda informationsf\u00f6rfr\u00e5gan <\/strong>fr\u00e5n potentiella kunder p\u00e5 f\u00f6retagets hemsida.\n\nIdag, tack vare att Kite \u00e4r tillg\u00e4ngligt p\u00e5 hemsidan, kan kunder kommunicera med f\u00f6retagets telefonister via <strong>chatt, ljud- och videosamtal<\/strong>, och, varf\u00f6r inte \u2013 ta en virtuell tur.[\/vc_column_text][\/vc_column_inner][vc_column_inner width=\"1\/2\"][mk_image src=\"https:\/\/old.wildix.com\/wp-content\/uploads\/2018\/07\/companies-have-already-increased-their-sales-with-kite.jpg\" image_size=\"full\" align=\"center\" margin_bottom=\"30\"][\/vc_column_inner][\/vc_row_inner][vc_zigzag color=\"orange\" el_width=\"60\" css=\".vc_custom_1532338403527{padding-top: 40px !important;padding-bottom: 50px !important;}\"][vc_row_inner][vc_column_inner width=\"1\/2\"][vc_column_text css=\".vc_custom_1598947515933{margin-bottom: 0px !important;}\"]<strong>Agrieuro<\/strong> \u00e4r Italiens fr\u00e4msta portal f\u00f6r agrikultur, maskiner och tr\u00e4dg\u00e5rdsutrustning.\n\nF\u00f6retaget introducerade Kite inte p\u00e5 grund av kundtj\u00e4nstknappen, utan p\u00e5 grund av m\u00f6jligheten att komma i<strong> direkt kontakt med andra medlemmar i teamet<\/strong>. Kunder kan till och med v\u00e4lja vilket spr\u00e5k de f\u00f6redrar.\n\nS\u00e4tt ansikten p\u00e5 f\u00f6rs\u00e4ljningsavdelningen, fraktavdelningen och f\u00f6retagsledningen, och<strong> f\u00e5 den garanterat mest enkla och effektiva kundtj\u00e4nsten<\/strong>.[\/vc_column_text][\/vc_column_inner][vc_column_inner width=\"1\/2\"][mk_image src=\"https:\/\/old.wildix.com\/wp-content\/uploads\/2018\/07\/agrieuro-increase-sales-using-kite.jpg\" image_size=\"full\" align=\"center\" margin_bottom=\"30\"][\/vc_column_inner][\/vc_row_inner][vc_zigzag color=\"orange\" el_width=\"60\" css=\".vc_custom_1532338403527{padding-top: 40px !important;padding-bottom: 50px !important;}\"][vc_row_inner][vc_column_inner width=\"1\/2\"][vc_column_text css=\".vc_custom_1598947540190{margin-bottom: 0px !important;}\"]Alla vet att Italien \u00e4r centrum f\u00f6r mode, design och kvalitetshantverk.\n\n<strong>Tirabasso Group<\/strong>, fr\u00e4mst i Europa inom hattmakeri, best\u00e4mde sig f\u00f6r att kombinera tradition och innovation n\u00e4r de moderniserade sin hemsida, f\u00f6r att ge sina kunder ett <strong>enkelt och direkt s\u00e4tt att kontakta f\u00f6retaget<\/strong>.\n\nKite \u00e4r tillg\u00e4ngligt som en <strong>widget<\/strong> n\u00e4r man surfar runt p\u00e5 f\u00f6retagshemsidan.\n\nKite finns med p\u00e5 kontaktsidan i form av en <strong>samtalsknapp<\/strong>, vilken erbjuder direktkontakt med en teammedlem och visar <strong>n\u00e4rvaroinformation<\/strong> f\u00f6r varje person i realtid.[\/vc_column_text][\/vc_column_inner][vc_column_inner width=\"1\/2\"][mk_image src=\"https:\/\/old.wildix.com\/wp-content\/uploads\/2018\/07\/increase-sales-via-kite.jpg\" image_size=\"full\" align=\"center\" margin_bottom=\"30\"][\/vc_column_inner][\/vc_row_inner][\/vc_column][\/vc_row][vc_row disable_element=\"yes\" css=\".vc_custom_1561629153020{background-color: #003366 !important;border-radius: 20px !important;}\"][vc_column][vc_empty_space height=\"50px\"][vc_row_inner][vc_column_inner][mk_font_icons icon=\"mk-moon-link-4\" color=\"#003366\" size=\"large\" circle=\"true\" circle_color=\"#ffffff\" circle_border_color=\"#ffffff\" align=\"center\"][vc_empty_space][mk_fancy_title tag_name=\"span\" color=\"#ffffff\" size=\"35\" force_font_size=\"true\" size_smallscreen=\"30\" size_tablet=\"30\" size_phone=\"25\" font_weight=\"600\" font_style=\"normal\" txt_transform=\"uppercase\" font_family=\"none\" align=\"center\"]\n<p style=\"text-align: center;\"><a href=\"https:\/\/confluence.wildix.com\/x\/xQY8AQ\" target=\"_blank\" rel=\"noopener noreferrer\">Wildix WebRTC Kite \u2013 Online Documentation<\/a><\/p>\n[\/mk_fancy_title][\/vc_column_inner][\/vc_row_inner][vc_empty_space][\/vc_column][\/vc_row][vc_row disable_element=\"yes\"][vc_column][mk_fancy_title size=\"28\" force_font_size=\"true\" size_smallscreen=\"25\" size_tablet=\"25\" size_phone=\"20\" txt_transform=\"uppercase\" margin_top=\"20\" margin_bottom=\"10\" font_family=\"none\"]KITE VIDEO COLLECTION[\/mk_fancy_title][vc_row_inner][vc_column_inner width=\"1\/2\"][vc_video link=\"https:\/\/www.youtube.com\/watch?v=UfZjNqoaEmU\"][\/vc_column_inner][vc_column_inner width=\"1\/2\"][vc_video link=\"https:\/\/www.youtube.com\/watch?v=TA2rLYx6Iz4\" custom_thumbnail=\"true\"][\/vc_column_inner][\/vc_row_inner][mk_padding_divider size=\"60\"][\/vc_column][\/vc_row][vc_row fullwidth=\"true\" fullwidth_content=\"false\" css=\".vc_custom_1563980243307{background-color: #003366 !important;}\"][vc_column][mk_padding_divider][vc_row_inner][vc_column_inner width=\"1\/2\"][mk_button dimension=\"flat\" corner_style=\"rounded\" size=\"large\" icon=\"mk-moon-arrow-left\" icon_anim=\"side\" url=\"\/sv\/wildix-collaboration\/\" align=\"right\" button_custom_width=\"200\" bg_color=\"#dd9933\" btn_hover_txt_color=\"#ffffff\"]F\u00f6reg\u00e5ende[\/mk_button][\/vc_column_inner][vc_column_inner width=\"1\/2\"][mk_button dimension=\"flat\" corner_style=\"rounded\" size=\"large\" icon=\"mk-moon-arrow-right-2\" icon_anim=\"side\" url=\"\/sv\/wizyconf-professionell-videokonferens\/\" button_custom_width=\"200\" bg_color=\"#dd9933\" btn_hover_txt_color=\"#ffffff\"]N\u00e4sta[\/mk_button][\/vc_column_inner][\/vc_row_inner][mk_padding_divider size=\"20\"][\/vc_column][\/vc_row]\t\t<\/div>\n\t\t\t\t<\/div>\n\t\t\t\t\t<\/div>\n\t\t<\/div>\n\t\t\t\t\t\t\t<\/div>\n\t\t<\/section>\n\t\t\t\t\t\t\t<\/div>\n\t\t<\/section>","protected":false},"excerpt":{"rendered":"<p>[mk_page_section bg_color=&#8221;#003366&#8243; bg_position=&#8221;center center&#8221; video_opacity=&#8221;0.9&#8243; min_height=&#8221;250&#8243; full_width=&#8221;true&#8221; padding_top=&#8221;0&#8243; padding_bottom=&#8221;0&#8243; sidebar=&#8221;sidebar-1&#8243; first_page=&#8221;false&#8221; last_page=&#8221;false&#8221;][vc_column][mk_padding_divider size=&#8221;120&#8243; visibility=&#8221;hidden-sm&#8221;][mk_padding_divider size=&#8221;70&#8243; visibility=&#8221;visible-sm&#8221;][mk_fancy_title tag_name=&#8221;h1&#8243; color=&#8221;#ffffff&#8221; size=&#8221;70&#8243; force_font_size=&#8221;true&#8221; size_smallscreen=&#8221;60&#8243; size_tablet=&#8221;50&#8243; size_phone=&#8221;40&#8243; font_weight=&#8221;300&#8243; font_style=&#8221;normal&#8221; txt_transform=&#8221;none&#8221; margin_bottom=&#8221;0&#8243; font_family=&#8221;none&#8221; align=&#8221;center&#8221;]Wildix WebRTC Kite[\/mk_fancy_title][mk_fancy_title tag_name=&#8221;span&#8221; color=&#8221;#ffffff&#8221; size=&#8221;24&#8243; force_font_size=&#8221;true&#8221; size_smallscreen=&#8221;22&#8243; size_tablet=&#8221;22&#8243; size_phone=&#8221;20&#8243; font_weight=&#8221;300&#8243; font_style=&#8221;normal&#8221; txt_transform=&#8221;none&#8221; margin_bottom=&#8221;0&#8243; font_family=&#8221;none&#8221; align=&#8221;center&#8221;]Anv\u00e4nd f\u00f6retags hemsida f\u00f6r att f\u00e5 nya kunder[\/mk_fancy_title][mk_padding_divider size=&#8221;30&#8243;][\/vc_column][\/mk_page_section][vc_row fullwidth=&#8221;true&#8221; fullwidth_content=&#8221;false&#8221;][vc_column][mk_padding_divider size=&#8221;50&#8243;][\/vc_column][\/vc_row][vc_row][vc_column][vc_column_text [&hellip;]<\/p>\n","protected":false},"author":6,"featured_media":0,"parent":0,"menu_order":0,"comment_status":"closed","ping_status":"closed","template":"","meta":{"wpupg_custom_link":[],"wpupg_custom_link_behaviour":["default"],"wpupg_custom_image":[],"wpupg_custom_image_id":[],"footnotes":""},"acf":[],"yoast_head":"<!-- This site is optimized with the Yoast SEO plugin v21.8 - https:\/\/yoast.com\/wordpress\/plugins\/seo\/ -->\n<title>Wildix WebRTC Kite | Samordnad kommunikation till ditt f\u00f6retags hemsida<\/title>\n<meta name=\"description\" content=\"Wildix WebRTC Kite - WebRTC ljud- och videosamtal, sk\u00e4rmdelning, chatt, fil\u00f6verf\u00f6rning \u2013 helt och h\u00e5llet integrerat i Wildix kommunikationssystem\" \/>\n<meta name=\"robots\" content=\"noindex, follow, max-snippet:-1, max-image-preview:large, max-video-preview:-1\" \/>\n<meta property=\"og:locale\" content=\"sv_SE\" \/>\n<meta property=\"og:type\" content=\"article\" \/>\n<meta property=\"og:title\" content=\"Wildix WebRTC Kite | Samordnad kommunikation till ditt f\u00f6retags hemsida\" \/>\n<meta property=\"og:description\" content=\"Wildix WebRTC Kite - WebRTC ljud- och videosamtal, sk\u00e4rmdelning, chatt, fil\u00f6verf\u00f6rning \u2013 helt och h\u00e5llet integrerat i Wildix kommunikationssystem\" \/>\n<meta property=\"og:url\" content=\"https:\/\/old.wildix.com\/sv\/wildix-webrtc-kite\/\" \/>\n<meta property=\"og:site_name\" content=\"Wildix\" \/>\n<meta property=\"article:modified_time\" content=\"2022-09-08T16:12:04+00:00\" \/>\n<meta name=\"twitter:card\" content=\"summary_large_image\" \/>\n<meta name=\"twitter:label1\" content=\"Ber\u00e4knad l\u00e4stid\" \/>\n\t<meta name=\"twitter:data1\" content=\"5 minuter\" \/>\n<script type=\"application\/ld+json\" class=\"yoast-schema-graph\">{\"@context\":\"https:\/\/schema.org\",\"@graph\":[{\"@type\":\"WebPage\",\"@id\":\"https:\/\/old.wildix.com\/sv\/wildix-webrtc-kite\/\",\"url\":\"https:\/\/old.wildix.com\/sv\/wildix-webrtc-kite\/\",\"name\":\"Wildix WebRTC Kite | Samordnad kommunikation till ditt f\u00f6retags hemsida\",\"isPartOf\":{\"@id\":\"https:\/\/old.wildix.com\/#website\"},\"datePublished\":\"2018-04-17T14:03:57+00:00\",\"dateModified\":\"2022-09-08T16:12:04+00:00\",\"description\":\"Wildix WebRTC Kite - WebRTC ljud- och videosamtal, sk\u00e4rmdelning, chatt, fil\u00f6verf\u00f6rning \u2013 helt och h\u00e5llet integrerat i Wildix kommunikationssystem\",\"breadcrumb\":{\"@id\":\"https:\/\/old.wildix.com\/sv\/wildix-webrtc-kite\/#breadcrumb\"},\"inLanguage\":\"sv-SE\",\"potentialAction\":[{\"@type\":\"ReadAction\",\"target\":[\"https:\/\/old.wildix.com\/sv\/wildix-webrtc-kite\/\"]}]},{\"@type\":\"BreadcrumbList\",\"@id\":\"https:\/\/old.wildix.com\/sv\/wildix-webrtc-kite\/#breadcrumb\",\"itemListElement\":[{\"@type\":\"ListItem\",\"position\":1,\"name\":\"Home\",\"item\":\"https:\/\/old.wildix.com\/\"},{\"@type\":\"ListItem\",\"position\":2,\"name\":\"Wildix WebRTC Kite\"}]},{\"@type\":\"WebSite\",\"@id\":\"https:\/\/old.wildix.com\/#website\",\"url\":\"https:\/\/old.wildix.com\/\",\"name\":\"Wildix\",\"description\":\"Wildix PBX | VoIP Solutions | Unified Communications | WebRTC\",\"publisher\":{\"@id\":\"https:\/\/old.wildix.com\/#organization\"},\"potentialAction\":[{\"@type\":\"SearchAction\",\"target\":{\"@type\":\"EntryPoint\",\"urlTemplate\":\"https:\/\/old.wildix.com\/?s={search_term_string}\"},\"query-input\":\"required name=search_term_string\"}],\"inLanguage\":\"sv-SE\"},{\"@type\":\"Organization\",\"@id\":\"https:\/\/old.wildix.com\/#organization\",\"name\":\"Wildix\",\"url\":\"https:\/\/old.wildix.com\/\",\"logo\":{\"@type\":\"ImageObject\",\"inLanguage\":\"sv-SE\",\"@id\":\"https:\/\/old.wildix.com\/#\/schema\/logo\/image\/\",\"url\":\"https:\/\/old.wildix.com\/wp-content\/uploads\/2018\/04\/wildix-logo-2.png\",\"contentUrl\":\"https:\/\/old.wildix.com\/wp-content\/uploads\/2018\/04\/wildix-logo-2.png\",\"width\":440,\"height\":200,\"caption\":\"Wildix\"},\"image\":{\"@id\":\"https:\/\/old.wildix.com\/#\/schema\/logo\/image\/\"}}]}<\/script>\n<!-- \/ Yoast SEO plugin. -->","yoast_head_json":{"title":"Wildix WebRTC Kite | Samordnad kommunikation till ditt f\u00f6retags hemsida","description":"Wildix WebRTC Kite - WebRTC ljud- och videosamtal, sk\u00e4rmdelning, chatt, fil\u00f6verf\u00f6rning \u2013 helt och h\u00e5llet integrerat i Wildix kommunikationssystem","robots":{"index":"noindex","follow":"follow","max-snippet":"max-snippet:-1","max-image-preview":"max-image-preview:large","max-video-preview":"max-video-preview:-1"},"og_locale":"sv_SE","og_type":"article","og_title":"Wildix WebRTC Kite | Samordnad kommunikation till ditt f\u00f6retags hemsida","og_description":"Wildix WebRTC Kite - WebRTC ljud- och videosamtal, sk\u00e4rmdelning, chatt, fil\u00f6verf\u00f6rning \u2013 helt och h\u00e5llet integrerat i Wildix kommunikationssystem","og_url":"https:\/\/old.wildix.com\/sv\/wildix-webrtc-kite\/","og_site_name":"Wildix","article_modified_time":"2022-09-08T16:12:04+00:00","twitter_card":"summary_large_image","twitter_misc":{"Ber\u00e4knad l\u00e4stid":"5 minuter"},"schema":{"@context":"https:\/\/schema.org","@graph":[{"@type":"WebPage","@id":"https:\/\/old.wildix.com\/sv\/wildix-webrtc-kite\/","url":"https:\/\/old.wildix.com\/sv\/wildix-webrtc-kite\/","name":"Wildix WebRTC Kite | Samordnad kommunikation till ditt f\u00f6retags hemsida","isPartOf":{"@id":"https:\/\/old.wildix.com\/#website"},"datePublished":"2018-04-17T14:03:57+00:00","dateModified":"2022-09-08T16:12:04+00:00","description":"Wildix WebRTC Kite - WebRTC ljud- och videosamtal, sk\u00e4rmdelning, chatt, fil\u00f6verf\u00f6rning \u2013 helt och h\u00e5llet integrerat i Wildix kommunikationssystem","breadcrumb":{"@id":"https:\/\/old.wildix.com\/sv\/wildix-webrtc-kite\/#breadcrumb"},"inLanguage":"sv-SE","potentialAction":[{"@type":"ReadAction","target":["https:\/\/old.wildix.com\/sv\/wildix-webrtc-kite\/"]}]},{"@type":"BreadcrumbList","@id":"https:\/\/old.wildix.com\/sv\/wildix-webrtc-kite\/#breadcrumb","itemListElement":[{"@type":"ListItem","position":1,"name":"Home","item":"https:\/\/old.wildix.com\/"},{"@type":"ListItem","position":2,"name":"Wildix WebRTC Kite"}]},{"@type":"WebSite","@id":"https:\/\/old.wildix.com\/#website","url":"https:\/\/old.wildix.com\/","name":"Wildix","description":"Wildix PBX | VoIP Solutions | Unified Communications | WebRTC","publisher":{"@id":"https:\/\/old.wildix.com\/#organization"},"potentialAction":[{"@type":"SearchAction","target":{"@type":"EntryPoint","urlTemplate":"https:\/\/old.wildix.com\/?s={search_term_string}"},"query-input":"required name=search_term_string"}],"inLanguage":"sv-SE"},{"@type":"Organization","@id":"https:\/\/old.wildix.com\/#organization","name":"Wildix","url":"https:\/\/old.wildix.com\/","logo":{"@type":"ImageObject","inLanguage":"sv-SE","@id":"https:\/\/old.wildix.com\/#\/schema\/logo\/image\/","url":"https:\/\/old.wildix.com\/wp-content\/uploads\/2018\/04\/wildix-logo-2.png","contentUrl":"https:\/\/old.wildix.com\/wp-content\/uploads\/2018\/04\/wildix-logo-2.png","width":440,"height":200,"caption":"Wildix"},"image":{"@id":"https:\/\/old.wildix.com\/#\/schema\/logo\/image\/"}}]}},"_links":{"self":[{"href":"https:\/\/old.wildix.com\/sv\/wp-json\/wp\/v2\/pages\/7839183"}],"collection":[{"href":"https:\/\/old.wildix.com\/sv\/wp-json\/wp\/v2\/pages"}],"about":[{"href":"https:\/\/old.wildix.com\/sv\/wp-json\/wp\/v2\/types\/page"}],"author":[{"embeddable":true,"href":"https:\/\/old.wildix.com\/sv\/wp-json\/wp\/v2\/users\/6"}],"replies":[{"embeddable":true,"href":"https:\/\/old.wildix.com\/sv\/wp-json\/wp\/v2\/comments?post=7839183"}],"version-history":[{"count":0,"href":"https:\/\/old.wildix.com\/sv\/wp-json\/wp\/v2\/pages\/7839183\/revisions"}],"wp:attachment":[{"href":"https:\/\/old.wildix.com\/sv\/wp-json\/wp\/v2\/media?parent=7839183"}],"curies":[{"name":"wp","href":"https:\/\/api.w.org\/{rel}","templated":true}]}}