{"id":7839867,"date":"2018-04-18T07:41:05","date_gmt":"2018-04-18T07:41:05","guid":{"rendered":"https:\/\/old2.wildix.com\/?page_id=7839867"},"modified":"2022-09-05T11:25:49","modified_gmt":"2022-09-05T11:25:49","slug":"overvakning-rapportering","status":"publish","type":"page","link":"https:\/\/old.wildix.com\/sv\/overvakning-rapportering\/","title":{"rendered":"\u00d6vervakning och rapportering"},"content":{"rendered":"<section class=\"wpb-content-wrapper\">[mk_page_section bg_color=&#8221;#003366&#8243; video_opacity=&#8221;0.9&#8243; min_height=&#8221;250&#8243; full_width=&#8221;true&#8221; padding_top=&#8221;0&#8243; padding_bottom=&#8221;0&#8243; sidebar=&#8221;sidebar-1&#8243; first_page=&#8221;false&#8221; last_page=&#8221;false&#8221;][vc_column][mk_padding_divider size=&#8221;120&#8243; visibility=&#8221;hidden-sm&#8221;][mk_padding_divider size=&#8221;70&#8243; visibility=&#8221;visible-sm&#8221;][mk_fancy_title tag_name=&#8221;h1&#8243; color=&#8221;#ffffff&#8221; size=&#8221;70&#8243; force_font_size=&#8221;true&#8221; size_smallscreen=&#8221;60&#8243; size_tablet=&#8221;50&#8243; size_phone=&#8221;40&#8243; font_weight=&#8221;300&#8243; font_style=&#8221;normal&#8221; txt_transform=&#8221;none&#8221; margin_bottom=&#8221;0&#8243; font_family=&#8221;none&#8221; align=&#8221;center&#8221;]\u00d6vervakning &amp; rapportering[\/mk_fancy_title][mk_fancy_title tag_name=&#8221;span&#8221; color=&#8221;#ffffff&#8221; size=&#8221;24&#8243; force_font_size=&#8221;true&#8221; size_smallscreen=&#8221;22&#8243; size_tablet=&#8221;22&#8243; size_phone=&#8221;20&#8243; font_weight=&#8221;300&#8243; font_style=&#8221;normal&#8221; txt_transform=&#8221;none&#8221; margin_bottom=&#8221;0&#8243; font_family=&#8221;none&#8221; align=&#8221;center&#8221;]Rapportering och analys av samtalsaktiviteter och kostnader[\/mk_fancy_title][mk_padding_divider size=&#8221;30&#8243;][\/vc_column][\/mk_page_section][vc_row][vc_column][mk_padding_divider size=&#8221;50&#8243;][\/vc_column][\/vc_row][vc_row][vc_column][vc_column_text css=&#8221;.vc_custom_1566955244226{margin-bottom: 0px !important;}&#8221;]\n<h2>\u00d6vervakning f\u00f6r callcenter och mjukvara f\u00f6r rapportering<\/h2>\n[\/vc_column_text][vc_empty_space][\/vc_column][\/vc_row][vc_row][vc_column][vc_column_text css=&#8221;.vc_custom_1598954064395{margin-bottom: 0px !important;}&#8221;]Utan \u00f6vervakning, kontroll och analys \u00e4r det ingen strategi. Wildix erbjuder <strong>effektiva verktyg som ger dig information r\u00f6rande dina anst\u00e4lldas samtalsaktivitet<\/strong>, s\u00e5 som antal, l\u00e4ngd, typ och kostnad f\u00f6r alla samtal som tas emot och g\u00f6rs av dina medarbetare.[\/vc_column_text][\/vc_column][\/vc_row][vc_row equal_height=&#8221;yes&#8221;][vc_column width=&#8221;1\/2&#8243;][vc_empty_space][vc_video title=&#8221;VIDEO &#8211; CDR-View&#8221; link=&#8221;https:\/\/youtu.be\/rLbUnPO4iH0&#8243; custom_thumbnail=&#8221;true&#8221; play_icon_size=&#8221;64&#8243; play_icon_color=&#8221;#dd9933&#8243; thumbnail_image=&#8221;7838267&#8243;][vc_empty_space][\/vc_column][vc_column width=&#8221;1\/2&#8243;][vc_empty_space][vc_column_text css=&#8221;.vc_custom_1567000654176{margin-bottom: 0px !important;}&#8221;]\n<h2>CDR-View<\/h2>\n[\/vc_column_text][vc_column_text css=&#8221;.vc_custom_1598954107901{margin-bottom: 0px !important;}&#8221;]Rapportering och analys av intern och extern samtalstrafik.<\/p>\n<p>Information om antal, l\u00e4ngd, typ och kostnad av inkommande och utg\u00e5ende trafik i diagram och datatabeller.<\/p>\n<p>CDR-View hj\u00e4lper f\u00f6retagsledningen med att analysera specifika event eller f\u00f6retagets samtalsaktivitet i allm\u00e4nhet och ta beslut r\u00f6rande framtida aff\u00e4rsstrategier.<\/p>\n<p>Ett enkelt s\u00e4tt att skapa v\u00e4rde f\u00f6r din investering.[\/vc_column_text][\/vc_column][\/vc_row][vc_row equal_height=&#8221;yes&#8221;][vc_column width=&#8221;1\/2&#8243;][vc_empty_space][vc_video title=&#8221;VIDEO &#8211; Call Center Wallboard&#8221; link=&#8221;https:\/\/youtu.be\/6DRQYkZ_QmU&#8221; custom_thumbnail=&#8221;true&#8221; play_icon_size=&#8221;64&#8243; play_icon_color=&#8221;#dd9933&#8243; thumbnail_image=&#8221;7838267&#8243;][vc_empty_space][\/vc_column][vc_column width=&#8221;1\/2&#8243;][vc_empty_space][vc_column_text css=&#8221;.vc_custom_1567000709329{margin-bottom: 0px !important;}&#8221;]\n<h2>WILDIX CALL CENTER WALLBOARD<\/h2>\n[\/vc_column_text][vc_column_text css=&#8221;.vc_custom_1598954144456{margin-bottom: 0px !important;}&#8221;]Verktyg f\u00f6r realtids\u00f6vervakning av serviceniv\u00e5.<\/p>\n<p>Appen g\u00f6r att du kan \u00f6vervaka dina medarbetares aktivitet och ger dig information ang\u00e5ende serviceniv\u00e5, vilket hj\u00e4lper till att m\u00e4ta callcentrets prestanda.[\/vc_column_text][\/vc_column][\/vc_row][vc_row][vc_column][vc_empty_space height=&#8221;50px&#8221;][\/vc_column][\/vc_row][vc_row][vc_column][mk_padding_divider size=&#8221;30&#8243;][mk_gallery images=&#8221;7838286,7838287,7838288,7838289&#8243; column=&#8221;4&#8243; height=&#8221;300&#8243; item_spacing=&#8221;5&#8243; margin_bottom=&#8221;0&#8243; orderby=&#8221;post__in&#8221;][mk_padding_divider size=&#8221;30&#8243;][\/vc_column][\/vc_row][vc_row][vc_column][mk_divider style=&#8221;thin_solid&#8221; thin_color_style=&#8221;gradient_color&#8221; thin_grandient_color_from=&#8221;#3edbd9&#8243; thin_grandient_color_to=&#8221;#5841b8&#8243; thin_gradient_color_angle=&#8221;horizontal&#8221; thin_grandient_color_fallback=&#8221;#3edbd9&#8243; thickness=&#8221;5&#8243; margin_top=&#8221;0&#8243;][\/vc_column][\/vc_row][vc_row css=&#8221;.vc_custom_1559053745406{background-color: #ffffff !important;}&#8221;][vc_column width=&#8221;1\/6&#8243;][\/vc_column][vc_column width=&#8221;2\/6&#8243;][mk_padding_divider size=&#8221;30&#8243;][mk_button dimension=&#8221;flat&#8221; corner_style=&#8221;rounded&#8221; size=&#8221;medium&#8221; icon=&#8221;mk-jupiter-icon-doc&#8221; icon_anim=&#8221;side&#8221; url=&#8221;https:\/\/wildix.atlassian.net\/wiki\/x\/3xbOAQ&#8221; target=&#8221;_blank&#8221; align=&#8221;center&#8221; fullwidth=&#8221;true&#8221; bg_color=&#8221;#3c72a2&#8243; btn_hover_txt_color=&#8221;#ffffff&#8221;]Dokumentation f\u00f6r CDR-View[\/mk_button][mk_padding_divider size=&#8221;30&#8243;][\/vc_column][vc_column width=&#8221;2\/6&#8243;][mk_padding_divider size=&#8221;30&#8243;][mk_button dimension=&#8221;flat&#8221; corner_style=&#8221;rounded&#8221; size=&#8221;medium&#8221; icon=&#8221;mk-li-rocket&#8221; icon_anim=&#8221;side&#8221; url=&#8221;https:\/\/wildix.atlassian.net\/wiki\/x\/MA-OAQ&#8221; target=&#8221;_blank&#8221; align=&#8221;center&#8221; fullwidth=&#8221;true&#8221; bg_color=&#8221;#3c72a2&#8243; btn_hover_txt_color=&#8221;#ffffff&#8221;]Call Center Wallboard[\/mk_button][mk_padding_divider size=&#8221;30&#8243;][\/vc_column][vc_column width=&#8221;1\/6&#8243;][\/vc_column][\/vc_row][vc_row fullwidth=&#8221;true&#8221; fullwidth_content=&#8221;false&#8221; css=&#8221;.vc_custom_1563980243307{background-color: #003366 !important;}&#8221;][vc_column][mk_padding_divider][vc_row_inner][vc_column_inner width=&#8221;1\/2&#8243;][mk_button dimension=&#8221;flat&#8221; corner_style=&#8221;rounded&#8221; size=&#8221;large&#8221; icon=&#8221;mk-moon-arrow-left&#8221; icon_anim=&#8221;side&#8221; url=&#8221;\/sv\/wizywebinar-platform\/&#8221; align=&#8221;right&#8221; button_custom_width=&#8221;200&#8243; bg_color=&#8221;#dd9933&#8243; btn_hover_txt_color=&#8221;#ffffff&#8221;]F\u00f6reg\u00e5ende[\/mk_button][\/vc_column_inner][vc_column_inner width=&#8221;1\/2&#8243;][mk_button dimension=&#8221;flat&#8221; corner_style=&#8221;rounded&#8221; size=&#8221;large&#8221; icon=&#8221;mk-moon-arrow-right-2&#8243; icon_anim=&#8221;side&#8221; url=&#8221;\/sv\/acd-stats-x-caracal\/&#8221; button_custom_width=&#8221;200&#8243; bg_color=&#8221;#dd9933&#8243; btn_hover_txt_color=&#8221;#ffffff&#8221;]N\u00e4sta[\/mk_button][\/vc_column_inner][\/vc_row_inner][mk_padding_divider size=&#8221;20&#8243;][\/vc_column][\/vc_row]\n<\/section>","protected":false},"excerpt":{"rendered":"<p>[mk_page_section bg_color=&#8221;#003366&#8243; video_opacity=&#8221;0.9&#8243; min_height=&#8221;250&#8243; full_width=&#8221;true&#8221; padding_top=&#8221;0&#8243; padding_bottom=&#8221;0&#8243; sidebar=&#8221;sidebar-1&#8243; first_page=&#8221;false&#8221; last_page=&#8221;false&#8221;][vc_column][mk_padding_divider size=&#8221;120&#8243; visibility=&#8221;hidden-sm&#8221;][mk_padding_divider size=&#8221;70&#8243; visibility=&#8221;visible-sm&#8221;][mk_fancy_title tag_name=&#8221;h1&#8243; color=&#8221;#ffffff&#8221; size=&#8221;70&#8243; force_font_size=&#8221;true&#8221; size_smallscreen=&#8221;60&#8243; size_tablet=&#8221;50&#8243; size_phone=&#8221;40&#8243; font_weight=&#8221;300&#8243; font_style=&#8221;normal&#8221; txt_transform=&#8221;none&#8221; margin_bottom=&#8221;0&#8243; font_family=&#8221;none&#8221; align=&#8221;center&#8221;]\u00d6vervakning &amp; rapportering[\/mk_fancy_title][mk_fancy_title tag_name=&#8221;span&#8221; color=&#8221;#ffffff&#8221; size=&#8221;24&#8243; force_font_size=&#8221;true&#8221; size_smallscreen=&#8221;22&#8243; size_tablet=&#8221;22&#8243; size_phone=&#8221;20&#8243; font_weight=&#8221;300&#8243; font_style=&#8221;normal&#8221; txt_transform=&#8221;none&#8221; margin_bottom=&#8221;0&#8243; font_family=&#8221;none&#8221; align=&#8221;center&#8221;]Rapportering och analys av samtalsaktiviteter och kostnader[\/mk_fancy_title][mk_padding_divider size=&#8221;30&#8243;][\/vc_column][\/mk_page_section][vc_row][vc_column][mk_padding_divider size=&#8221;50&#8243;][\/vc_column][\/vc_row][vc_row][vc_column][vc_column_text css=&#8221;.vc_custom_1566955244226{margin-bottom: 0px !important;}&#8221;] \u00d6vervakning f\u00f6r [&hellip;]<\/p>\n","protected":false},"author":6,"featured_media":0,"parent":0,"menu_order":10,"comment_status":"closed","ping_status":"closed","template":"","meta":{"wpupg_custom_link":[],"wpupg_custom_link_behaviour":["default"],"wpupg_custom_image":[],"wpupg_custom_image_id":[],"footnotes":""},"acf":[],"yoast_head":"<!-- This site is optimized with the Yoast SEO plugin v21.8 - https:\/\/yoast.com\/wordpress\/plugins\/seo\/ -->\n<title>Mjukvara f\u00f6r callcenter\u00f6vervakning - samtalas\u00f6vervakning och rapportering<\/title>\n<meta name=\"description\" content=\"Wildix mjukvara f\u00f6r rapportering av samtals\u00f6vervakning - den b\u00e4sta l\u00f6sningen f\u00f6r f\u00f6retag, banker och offentliga institutioner.\" \/>\n<meta name=\"robots\" content=\"noindex, follow, max-snippet:-1, max-image-preview:large, max-video-preview:-1\" \/>\n<meta property=\"og:locale\" content=\"sv_SE\" \/>\n<meta property=\"og:type\" content=\"article\" \/>\n<meta property=\"og:title\" content=\"Mjukvara f\u00f6r callcenter\u00f6vervakning - samtalas\u00f6vervakning och rapportering\" \/>\n<meta property=\"og:description\" content=\"Wildix mjukvara f\u00f6r rapportering av samtals\u00f6vervakning - den b\u00e4sta l\u00f6sningen f\u00f6r f\u00f6retag, banker och offentliga institutioner.\" \/>\n<meta property=\"og:url\" content=\"https:\/\/old.wildix.com\/sv\/overvakning-rapportering\/\" \/>\n<meta property=\"og:site_name\" content=\"Wildix\" \/>\n<meta property=\"article:modified_time\" content=\"2022-09-05T11:25:49+00:00\" \/>\n<meta name=\"twitter:card\" content=\"summary_large_image\" \/>\n<meta name=\"twitter:label1\" content=\"Ber\u00e4knad l\u00e4stid\" \/>\n\t<meta name=\"twitter:data1\" content=\"4 minuter\" \/>\n<script type=\"application\/ld+json\" class=\"yoast-schema-graph\">{\"@context\":\"https:\/\/schema.org\",\"@graph\":[{\"@type\":\"WebPage\",\"@id\":\"https:\/\/old.wildix.com\/sv\/overvakning-rapportering\/\",\"url\":\"https:\/\/old.wildix.com\/sv\/overvakning-rapportering\/\",\"name\":\"Mjukvara f\u00f6r callcenter\u00f6vervakning - samtalas\u00f6vervakning och rapportering\",\"isPartOf\":{\"@id\":\"https:\/\/old.wildix.com\/#website\"},\"datePublished\":\"2018-04-18T07:41:05+00:00\",\"dateModified\":\"2022-09-05T11:25:49+00:00\",\"description\":\"Wildix mjukvara f\u00f6r rapportering av samtals\u00f6vervakning - den b\u00e4sta l\u00f6sningen f\u00f6r f\u00f6retag, banker och offentliga institutioner.\",\"breadcrumb\":{\"@id\":\"https:\/\/old.wildix.com\/sv\/overvakning-rapportering\/#breadcrumb\"},\"inLanguage\":\"sv-SE\",\"potentialAction\":[{\"@type\":\"ReadAction\",\"target\":[\"https:\/\/old.wildix.com\/sv\/overvakning-rapportering\/\"]}]},{\"@type\":\"BreadcrumbList\",\"@id\":\"https:\/\/old.wildix.com\/sv\/overvakning-rapportering\/#breadcrumb\",\"itemListElement\":[{\"@type\":\"ListItem\",\"position\":1,\"name\":\"Home\",\"item\":\"https:\/\/old.wildix.com\/\"},{\"@type\":\"ListItem\",\"position\":2,\"name\":\"\u00d6vervakning och rapportering\"}]},{\"@type\":\"WebSite\",\"@id\":\"https:\/\/old.wildix.com\/#website\",\"url\":\"https:\/\/old.wildix.com\/\",\"name\":\"Wildix\",\"description\":\"Wildix PBX | VoIP Solutions | Unified Communications | WebRTC\",\"publisher\":{\"@id\":\"https:\/\/old.wildix.com\/#organization\"},\"potentialAction\":[{\"@type\":\"SearchAction\",\"target\":{\"@type\":\"EntryPoint\",\"urlTemplate\":\"https:\/\/old.wildix.com\/?s={search_term_string}\"},\"query-input\":\"required name=search_term_string\"}],\"inLanguage\":\"sv-SE\"},{\"@type\":\"Organization\",\"@id\":\"https:\/\/old.wildix.com\/#organization\",\"name\":\"Wildix\",\"url\":\"https:\/\/old.wildix.com\/\",\"logo\":{\"@type\":\"ImageObject\",\"inLanguage\":\"sv-SE\",\"@id\":\"https:\/\/old.wildix.com\/#\/schema\/logo\/image\/\",\"url\":\"https:\/\/old.wildix.com\/wp-content\/uploads\/2018\/04\/wildix-logo-2.png\",\"contentUrl\":\"https:\/\/old.wildix.com\/wp-content\/uploads\/2018\/04\/wildix-logo-2.png\",\"width\":440,\"height\":200,\"caption\":\"Wildix\"},\"image\":{\"@id\":\"https:\/\/old.wildix.com\/#\/schema\/logo\/image\/\"}}]}<\/script>\n<!-- \/ Yoast SEO plugin. -->","yoast_head_json":{"title":"Mjukvara f\u00f6r callcenter\u00f6vervakning - samtalas\u00f6vervakning och rapportering","description":"Wildix mjukvara f\u00f6r rapportering av samtals\u00f6vervakning - den b\u00e4sta l\u00f6sningen f\u00f6r f\u00f6retag, banker och offentliga institutioner.","robots":{"index":"noindex","follow":"follow","max-snippet":"max-snippet:-1","max-image-preview":"max-image-preview:large","max-video-preview":"max-video-preview:-1"},"og_locale":"sv_SE","og_type":"article","og_title":"Mjukvara f\u00f6r callcenter\u00f6vervakning - samtalas\u00f6vervakning och rapportering","og_description":"Wildix mjukvara f\u00f6r rapportering av samtals\u00f6vervakning - den b\u00e4sta l\u00f6sningen f\u00f6r f\u00f6retag, banker och offentliga institutioner.","og_url":"https:\/\/old.wildix.com\/sv\/overvakning-rapportering\/","og_site_name":"Wildix","article_modified_time":"2022-09-05T11:25:49+00:00","twitter_card":"summary_large_image","twitter_misc":{"Ber\u00e4knad l\u00e4stid":"4 minuter"},"schema":{"@context":"https:\/\/schema.org","@graph":[{"@type":"WebPage","@id":"https:\/\/old.wildix.com\/sv\/overvakning-rapportering\/","url":"https:\/\/old.wildix.com\/sv\/overvakning-rapportering\/","name":"Mjukvara f\u00f6r callcenter\u00f6vervakning - samtalas\u00f6vervakning och rapportering","isPartOf":{"@id":"https:\/\/old.wildix.com\/#website"},"datePublished":"2018-04-18T07:41:05+00:00","dateModified":"2022-09-05T11:25:49+00:00","description":"Wildix mjukvara f\u00f6r rapportering av samtals\u00f6vervakning - den b\u00e4sta l\u00f6sningen f\u00f6r f\u00f6retag, banker och offentliga institutioner.","breadcrumb":{"@id":"https:\/\/old.wildix.com\/sv\/overvakning-rapportering\/#breadcrumb"},"inLanguage":"sv-SE","potentialAction":[{"@type":"ReadAction","target":["https:\/\/old.wildix.com\/sv\/overvakning-rapportering\/"]}]},{"@type":"BreadcrumbList","@id":"https:\/\/old.wildix.com\/sv\/overvakning-rapportering\/#breadcrumb","itemListElement":[{"@type":"ListItem","position":1,"name":"Home","item":"https:\/\/old.wildix.com\/"},{"@type":"ListItem","position":2,"name":"\u00d6vervakning och rapportering"}]},{"@type":"WebSite","@id":"https:\/\/old.wildix.com\/#website","url":"https:\/\/old.wildix.com\/","name":"Wildix","description":"Wildix PBX | VoIP Solutions | Unified Communications | WebRTC","publisher":{"@id":"https:\/\/old.wildix.com\/#organization"},"potentialAction":[{"@type":"SearchAction","target":{"@type":"EntryPoint","urlTemplate":"https:\/\/old.wildix.com\/?s={search_term_string}"},"query-input":"required name=search_term_string"}],"inLanguage":"sv-SE"},{"@type":"Organization","@id":"https:\/\/old.wildix.com\/#organization","name":"Wildix","url":"https:\/\/old.wildix.com\/","logo":{"@type":"ImageObject","inLanguage":"sv-SE","@id":"https:\/\/old.wildix.com\/#\/schema\/logo\/image\/","url":"https:\/\/old.wildix.com\/wp-content\/uploads\/2018\/04\/wildix-logo-2.png","contentUrl":"https:\/\/old.wildix.com\/wp-content\/uploads\/2018\/04\/wildix-logo-2.png","width":440,"height":200,"caption":"Wildix"},"image":{"@id":"https:\/\/old.wildix.com\/#\/schema\/logo\/image\/"}}]}},"_links":{"self":[{"href":"https:\/\/old.wildix.com\/sv\/wp-json\/wp\/v2\/pages\/7839867"}],"collection":[{"href":"https:\/\/old.wildix.com\/sv\/wp-json\/wp\/v2\/pages"}],"about":[{"href":"https:\/\/old.wildix.com\/sv\/wp-json\/wp\/v2\/types\/page"}],"author":[{"embeddable":true,"href":"https:\/\/old.wildix.com\/sv\/wp-json\/wp\/v2\/users\/6"}],"replies":[{"embeddable":true,"href":"https:\/\/old.wildix.com\/sv\/wp-json\/wp\/v2\/comments?post=7839867"}],"version-history":[{"count":0,"href":"https:\/\/old.wildix.com\/sv\/wp-json\/wp\/v2\/pages\/7839867\/revisions"}],"wp:attachment":[{"href":"https:\/\/old.wildix.com\/sv\/wp-json\/wp\/v2\/media?parent=7839867"}],"curies":[{"name":"wp","href":"https:\/\/api.w.org\/{rel}","templated":true}]}}