{"id":7839871,"date":"2018-04-18T07:54:10","date_gmt":"2018-04-18T07:54:10","guid":{"rendered":"https:\/\/old2.wildix.com\/?page_id=7839871"},"modified":"2021-04-15T09:47:58","modified_gmt":"2021-04-15T09:47:58","slug":"mobilitet","status":"publish","type":"page","link":"https:\/\/old.wildix.com\/sv\/mobilitet\/","title":{"rendered":"Wildix Mobilitet f\u00f6r F\u00f6retag"},"content":{"rendered":"<section class=\"wpb-content-wrapper\">[mk_page_section bg_color=&#8221;#003366&#8243; video_color_mask=&#8221;#003366&#8243; video_opacity=&#8221;0.9&#8243; min_height=&#8221;250&#8243; full_width=&#8221;true&#8221; padding_top=&#8221;0&#8243; padding_bottom=&#8221;0&#8243; sidebar=&#8221;sidebar-1&#8243; first_page=&#8221;false&#8221; last_page=&#8221;false&#8221;][vc_column][mk_padding_divider size=&#8221;120&#8243; visibility=&#8221;hidden-sm&#8221;][mk_padding_divider size=&#8221;70&#8243; visibility=&#8221;visible-sm&#8221;][mk_fancy_title tag_name=&#8221;h1&#8243; color=&#8221;#ffffff&#8221; size=&#8221;70&#8243; force_font_size=&#8221;true&#8221; size_smallscreen=&#8221;60&#8243; size_tablet=&#8221;50&#8243; size_phone=&#8221;40&#8243; font_weight=&#8221;300&#8243; font_style=&#8221;normal&#8221; txt_transform=&#8221;none&#8221; margin_bottom=&#8221;0&#8243; font_family=&#8221;none&#8221; align=&#8221;center&#8221;]Wildix Mobilitet f\u00f6r F\u00f6retag[\/mk_fancy_title][mk_fancy_title tag_name=&#8221;span&#8221; color=&#8221;#ffffff&#8221; size=&#8221;24&#8243; force_font_size=&#8221;true&#8221; size_smallscreen=&#8221;22&#8243; size_tablet=&#8221;22&#8243; size_phone=&#8221;20&#8243; font_weight=&#8221;300&#8243; font_style=&#8221;normal&#8221; txt_transform=&#8221;none&#8221; margin_bottom=&#8221;0&#8243; font_family=&#8221;none&#8221; align=&#8221;center&#8221;]Best\u00e4m n\u00e4r du ska vara tillg\u00e4nglig[\/mk_fancy_title][mk_padding_divider size=&#8221;30&#8243;][\/vc_column][\/mk_page_section][vc_row][vc_column][mk_padding_divider size=&#8221;50&#8243;][\/vc_column][\/vc_row][vc_row][vc_column][vc_column_text css=&#8221;.vc_custom_1598954242960{margin-bottom: 0px !important;}&#8221;]\n<h2 style=\"text-align: center;\">HANTERA SAMTAL SOM DU VAR P\u00c5 KONTORET?<\/h2>\n[\/vc_column_text][vc_column_text css=&#8221;.vc_custom_1565353901342{margin-bottom: 0px !important;}&#8221;]\n<h2 style=\"text-align: center;\">DET \u00c4R M\u00d6JLIGT.<\/h2>\n[\/vc_column_text][vc_empty_space][\/vc_column][\/vc_row][vc_row][vc_column][vc_column_text css=&#8221;.vc_custom_1598954575726{margin-bottom: 0px !important;}&#8221;]<strong>Mobiltill\u00e4gget<\/strong> integrerar anst\u00e4lldas mobiler i f\u00f6retagets telefonsystem. Idag \u00e4r den h\u00e4r inte l\u00e4ngre valfritt utan grundl\u00e4ggande f\u00f6r ett smidigt arbetsteam, det har blivit en <strong>stapelvara<\/strong>.<\/p>\n<p>Wildix Mobility service kan enkelt <strong>aktiveras och anpassas<\/strong> p\u00e5 n\u00e5gra sekunder, och det erbjuder f\u00f6ljande funktioner:<\/p>\n<ul>\n<li>Mobilen och kontorstelefonen ringer <strong>samtidigt<\/strong>.<\/li>\n<li>Mobilen ringer <strong>\u00e5tskilliga sekunder efter<\/strong> kontorstelefonen.<\/li>\n<li>Mobilen ringer <strong>vid vissa tidpunkter<\/strong>.<\/li>\n<li>Alla enheter registrerade p\u00e5 ditt konto ringer samtidigt, eller<strong> en efter en<\/strong>.<\/li>\n<\/ul>\n[\/vc_column_text][\/vc_column][\/vc_row][vc_row][vc_column width=&#8221;2\/3&#8243;][vc_empty_space height=&#8221;60px&#8221;][mk_image src=&#8221;https:\/\/old.wildix.com\/wp-content\/uploads\/2019\/05\/wildix-administration-software-1.jpg&#8221; image_size=&#8221;full&#8221; align=&#8221;center&#8221;][vc_column_text align=&#8221;center&#8221; css=&#8221;.vc_custom_1565354138855{margin-bottom: 0px !important;}&#8221;]\n<p style=\"text-align: center;\"><strong>\u00d6VERALLT. ETT NUMMER. ALLA ENHETER.<\/strong><\/p>\n[\/vc_column_text][\/vc_column][vc_column width=&#8221;1\/3&#8243;][vc_empty_space height=&#8221;60px&#8221;][vc_column_text css=&#8221;.vc_custom_1565354149292{margin-bottom: 0px !important;}&#8221;]\n<h3>ETT NUMMER<\/h3>\n[\/vc_column_text][vc_column_text css=&#8221;.vc_custom_1565354220735{margin-bottom: 0px !important;}&#8221;]\n<ul>\n<li>Mobil samtalshantering (smartphones, telefoner, tr\u00e5dl\u00f6st, laptops)<\/li>\n<li>Samtals\u00f6verf\u00f6ring<\/li>\n<li>Konferens<\/li>\n<li>R\u00f6stbrevl\u00e5da<\/li>\n<li>Delade telefonb\u00f6cker<\/li>\n<\/ul>\n[\/vc_column_text][\/vc_column][\/vc_row][vc_row][vc_column][vc_empty_space height=&#8221;40px&#8221;][\/vc_column][\/vc_row][vc_row][vc_column][mk_divider style=&#8221;thin_solid&#8221; thin_color_style=&#8221;gradient_color&#8221; thin_grandient_color_from=&#8221;#3edbd9&#8243; thin_grandient_color_to=&#8221;#5841b8&#8243; thin_gradient_color_angle=&#8221;horizontal&#8221; thin_grandient_color_fallback=&#8221;#3edbd9&#8243; thickness=&#8221;5&#8243; margin_top=&#8221;0&#8243;][\/vc_column][\/vc_row][vc_row css=&#8221;.vc_custom_1559053745406{background-color: #ffffff !important;}&#8221;][vc_column width=&#8221;1\/4&#8243;][\/vc_column][vc_column width=&#8221;1\/4&#8243;][mk_padding_divider size=&#8221;30&#8243;][mk_button dimension=&#8221;flat&#8221; corner_style=&#8221;rounded&#8221; size=&#8221;medium&#8221; icon=&#8221;mk-jupiter-icon-doc&#8221; icon_anim=&#8221;side&#8221; url=&#8221;https:\/\/drive.google.com\/drive\/u\/1\/folders\/1lCvEuQnfDLlJ-xWT76JeNyxGm43pcQeF&#8221; target=&#8221;_blank&#8221; align=&#8221;center&#8221; fullwidth=&#8221;true&#8221; bg_color=&#8221;#3c72a2&#8243; btn_hover_txt_color=&#8221;#ffffff&#8221;]Dokumentation[\/mk_button][mk_padding_divider size=&#8221;30&#8243;][\/vc_column][vc_column width=&#8221;1\/4&#8243;][mk_padding_divider size=&#8221;30&#8243;][mk_button dimension=&#8221;flat&#8221; corner_style=&#8221;rounded&#8221; size=&#8221;medium&#8221; icon=&#8221;mk-li-phone&#8221; icon_anim=&#8221;side&#8221; url=&#8221;\/sv\/mobilappar\/&#8221; target=&#8221;_blank&#8221; fullwidth=&#8221;true&#8221; bg_color=&#8221;#3c72a2&#8243; btn_hover_txt_color=&#8221;#ffffff&#8221;]Collaboration mobilapp[\/mk_button][mk_padding_divider size=&#8221;30&#8243;][\/vc_column][vc_column width=&#8221;1\/4&#8243;][\/vc_column][\/vc_row][vc_row][vc_column][mk_blockquote font_family=&#8221;none&#8221;]<strong><img decoding=\"async\" class=\"wp-image-6678 size-full alignleft\" src=\"https:\/\/old.wildix.com\/wp-content\/uploads\/2018\/04\/telefonia-alto-adige-logo.jpg\" alt=\"\" width=\"252\" height=\"98\" \/><\/strong><\/p>\n<p><strong>TeAA Networks<\/strong>, partner till Wildix och <strong>en av de ledande inom telefoniindustrin<\/strong> i Alto Adige-regionen, specialiserade p\u00e5 r\u00f6st- och datal\u00f6sningar, har n\u00e5tt fantastiska resultat med hj\u00e4lp av Wildix Mobility Enterprise-l\u00f6sning.<\/p>\n<p>F\u00f6retaget har 20 tekniker som jobbar utanf\u00f6r kontoret, var och en av dem har en f\u00f6retagsmobil. Tack vare Wildix Mobility-l\u00f6sning har f\u00f6retaget kunnat <strong>optimera samtalstrafiken<\/strong> de anst\u00e4llda genererar.<\/p>\n<h3><\/h3>\n<p><strong>HUR?<\/strong><\/p>\n<p><strong>Genom att begr\u00e4nsa r\u00f6sttrafiken<\/strong> till att bara till\u00e5ta <strong>samtal\u00a0 till nummer kopplade till f\u00f6retaget<\/strong>. Varje samtal g\u00e5r via f\u00f6retagets PBX och lyder under Dialplan-reglerna, vilka endast till\u00e5ter anv\u00e4ndarna att ringa nummer som finns i f\u00f6retagets telefonbok och nummer som tillh\u00f6r kunder som har tj\u00e4nsten Mobility service.[\/mk_blockquote][vc_empty_space height=&#8221;30px&#8221;][\/vc_column][\/vc_row][vc_row fullwidth=&#8221;true&#8221; fullwidth_content=&#8221;false&#8221; css=&#8221;.vc_custom_1563980243307{background-color: #003366 !important;}&#8221;][vc_column][mk_padding_divider][vc_row_inner][vc_column_inner width=&#8221;1\/2&#8243;][mk_button dimension=&#8221;flat&#8221; corner_style=&#8221;rounded&#8221; size=&#8221;large&#8221; icon=&#8221;mk-moon-arrow-left&#8221; icon_anim=&#8221;side&#8221; url=&#8221;\/sv\/acd-stats-x-caracal\/&#8221; align=&#8221;right&#8221; button_custom_width=&#8221;200&#8243; bg_color=&#8221;#dd9933&#8243; btn_hover_txt_color=&#8221;#ffffff&#8221;]F\u00f6reg\u00e5ende[\/mk_button][\/vc_column_inner][vc_column_inner width=&#8221;1\/2&#8243;][mk_button dimension=&#8221;flat&#8221; corner_style=&#8221;rounded&#8221; size=&#8221;large&#8221; icon=&#8221;mk-moon-arrow-right-2&#8243; icon_anim=&#8221;side&#8221; url=&#8221;\/sv\/mobilappar\/&#8221; button_custom_width=&#8221;200&#8243; bg_color=&#8221;#dd9933&#8243; btn_hover_txt_color=&#8221;#ffffff&#8221;]N\u00e4sta[\/mk_button][\/vc_column_inner][\/vc_row_inner][mk_padding_divider size=&#8221;20&#8243;][\/vc_column][\/vc_row]\n<\/section>","protected":false},"excerpt":{"rendered":"<p>[mk_page_section bg_color=&#8221;#003366&#8243; video_color_mask=&#8221;#003366&#8243; video_opacity=&#8221;0.9&#8243; min_height=&#8221;250&#8243; full_width=&#8221;true&#8221; padding_top=&#8221;0&#8243; padding_bottom=&#8221;0&#8243; sidebar=&#8221;sidebar-1&#8243; first_page=&#8221;false&#8221; last_page=&#8221;false&#8221;][vc_column][mk_padding_divider size=&#8221;120&#8243; visibility=&#8221;hidden-sm&#8221;][mk_padding_divider size=&#8221;70&#8243; visibility=&#8221;visible-sm&#8221;][mk_fancy_title tag_name=&#8221;h1&#8243; color=&#8221;#ffffff&#8221; size=&#8221;70&#8243; force_font_size=&#8221;true&#8221; size_smallscreen=&#8221;60&#8243; size_tablet=&#8221;50&#8243; size_phone=&#8221;40&#8243; font_weight=&#8221;300&#8243; font_style=&#8221;normal&#8221; txt_transform=&#8221;none&#8221; margin_bottom=&#8221;0&#8243; font_family=&#8221;none&#8221; align=&#8221;center&#8221;]Wildix Mobilitet f\u00f6r F\u00f6retag[\/mk_fancy_title][mk_fancy_title tag_name=&#8221;span&#8221; color=&#8221;#ffffff&#8221; size=&#8221;24&#8243; force_font_size=&#8221;true&#8221; size_smallscreen=&#8221;22&#8243; size_tablet=&#8221;22&#8243; size_phone=&#8221;20&#8243; font_weight=&#8221;300&#8243; font_style=&#8221;normal&#8221; txt_transform=&#8221;none&#8221; margin_bottom=&#8221;0&#8243; font_family=&#8221;none&#8221; align=&#8221;center&#8221;]Best\u00e4m n\u00e4r du ska vara tillg\u00e4nglig[\/mk_fancy_title][mk_padding_divider size=&#8221;30&#8243;][\/vc_column][\/mk_page_section][vc_row][vc_column][mk_padding_divider size=&#8221;50&#8243;][\/vc_column][\/vc_row][vc_row][vc_column][vc_column_text css=&#8221;.vc_custom_1598954242960{margin-bottom: 0px !important;}&#8221;] HANTERA [&hellip;]<\/p>\n","protected":false},"author":6,"featured_media":0,"parent":0,"menu_order":10,"comment_status":"closed","ping_status":"closed","template":"","meta":{"wpupg_custom_link":[],"wpupg_custom_link_behaviour":["default"],"wpupg_custom_image":[],"wpupg_custom_image_id":[],"footnotes":""},"acf":[],"yoast_head":"<!-- This site is optimized with the Yoast SEO plugin v21.8 - https:\/\/yoast.com\/wordpress\/plugins\/seo\/ -->\n<title>Wildix Mobility Enterprise One Number - endast ett nummer<\/title>\n<meta name=\"description\" content=\"Hantera samtalen som om du var p\u00e5 kontoret? Wildix Mobility One Number integrerar de anst\u00e4lldas mobiltelefoner i f\u00f6retagets telefonsystem.\" \/>\n<meta name=\"robots\" content=\"noindex, follow, max-snippet:-1, max-image-preview:large, max-video-preview:-1\" \/>\n<meta property=\"og:locale\" content=\"sv_SE\" \/>\n<meta property=\"og:type\" content=\"article\" \/>\n<meta property=\"og:title\" content=\"Wildix Mobility Enterprise One Number - endast ett nummer\" \/>\n<meta property=\"og:description\" content=\"Hantera samtalen som om du var p\u00e5 kontoret? Wildix Mobility One Number integrerar de anst\u00e4lldas mobiltelefoner i f\u00f6retagets telefonsystem.\" \/>\n<meta property=\"og:url\" content=\"https:\/\/old.wildix.com\/sv\/mobilitet\/\" \/>\n<meta property=\"og:site_name\" content=\"Wildix\" \/>\n<meta property=\"article:modified_time\" content=\"2021-04-15T09:47:58+00:00\" \/>\n<meta property=\"og:image\" content=\"https:\/\/old.wildix.com\/wp-content\/uploads\/2018\/04\/telefonia-alto-adige-logo.jpg\" \/>\n<meta name=\"twitter:card\" content=\"summary_large_image\" \/>\n<meta name=\"twitter:label1\" content=\"Ber\u00e4knad l\u00e4stid\" \/>\n\t<meta name=\"twitter:data1\" content=\"4 minuter\" \/>\n<script type=\"application\/ld+json\" class=\"yoast-schema-graph\">{\"@context\":\"https:\/\/schema.org\",\"@graph\":[{\"@type\":\"WebPage\",\"@id\":\"https:\/\/old.wildix.com\/sv\/mobilitet\/\",\"url\":\"https:\/\/old.wildix.com\/sv\/mobilitet\/\",\"name\":\"Wildix Mobility Enterprise One Number - endast ett nummer\",\"isPartOf\":{\"@id\":\"https:\/\/old.wildix.com\/#website\"},\"datePublished\":\"2018-04-18T07:54:10+00:00\",\"dateModified\":\"2021-04-15T09:47:58+00:00\",\"description\":\"Hantera samtalen som om du var p\u00e5 kontoret? Wildix Mobility One Number integrerar de anst\u00e4lldas mobiltelefoner i f\u00f6retagets telefonsystem.\",\"breadcrumb\":{\"@id\":\"https:\/\/old.wildix.com\/sv\/mobilitet\/#breadcrumb\"},\"inLanguage\":\"sv-SE\",\"potentialAction\":[{\"@type\":\"ReadAction\",\"target\":[\"https:\/\/old.wildix.com\/sv\/mobilitet\/\"]}]},{\"@type\":\"BreadcrumbList\",\"@id\":\"https:\/\/old.wildix.com\/sv\/mobilitet\/#breadcrumb\",\"itemListElement\":[{\"@type\":\"ListItem\",\"position\":1,\"name\":\"Home\",\"item\":\"https:\/\/old.wildix.com\/\"},{\"@type\":\"ListItem\",\"position\":2,\"name\":\"Wildix Mobilitet f\u00f6r F\u00f6retag\"}]},{\"@type\":\"WebSite\",\"@id\":\"https:\/\/old.wildix.com\/#website\",\"url\":\"https:\/\/old.wildix.com\/\",\"name\":\"Wildix\",\"description\":\"Wildix PBX | VoIP Solutions | Unified Communications | WebRTC\",\"publisher\":{\"@id\":\"https:\/\/old.wildix.com\/#organization\"},\"potentialAction\":[{\"@type\":\"SearchAction\",\"target\":{\"@type\":\"EntryPoint\",\"urlTemplate\":\"https:\/\/old.wildix.com\/?s={search_term_string}\"},\"query-input\":\"required name=search_term_string\"}],\"inLanguage\":\"sv-SE\"},{\"@type\":\"Organization\",\"@id\":\"https:\/\/old.wildix.com\/#organization\",\"name\":\"Wildix\",\"url\":\"https:\/\/old.wildix.com\/\",\"logo\":{\"@type\":\"ImageObject\",\"inLanguage\":\"sv-SE\",\"@id\":\"https:\/\/old.wildix.com\/#\/schema\/logo\/image\/\",\"url\":\"https:\/\/old.wildix.com\/wp-content\/uploads\/2018\/04\/wildix-logo-2.png\",\"contentUrl\":\"https:\/\/old.wildix.com\/wp-content\/uploads\/2018\/04\/wildix-logo-2.png\",\"width\":440,\"height\":200,\"caption\":\"Wildix\"},\"image\":{\"@id\":\"https:\/\/old.wildix.com\/#\/schema\/logo\/image\/\"}}]}<\/script>\n<!-- \/ Yoast SEO plugin. -->","yoast_head_json":{"title":"Wildix Mobility Enterprise One Number - endast ett nummer","description":"Hantera samtalen som om du var p\u00e5 kontoret? Wildix Mobility One Number integrerar de anst\u00e4lldas mobiltelefoner i f\u00f6retagets telefonsystem.","robots":{"index":"noindex","follow":"follow","max-snippet":"max-snippet:-1","max-image-preview":"max-image-preview:large","max-video-preview":"max-video-preview:-1"},"og_locale":"sv_SE","og_type":"article","og_title":"Wildix Mobility Enterprise One Number - endast ett nummer","og_description":"Hantera samtalen som om du var p\u00e5 kontoret? Wildix Mobility One Number integrerar de anst\u00e4lldas mobiltelefoner i f\u00f6retagets telefonsystem.","og_url":"https:\/\/old.wildix.com\/sv\/mobilitet\/","og_site_name":"Wildix","article_modified_time":"2021-04-15T09:47:58+00:00","og_image":[{"url":"https:\/\/old.wildix.com\/wp-content\/uploads\/2018\/04\/telefonia-alto-adige-logo.jpg"}],"twitter_card":"summary_large_image","twitter_misc":{"Ber\u00e4knad l\u00e4stid":"4 minuter"},"schema":{"@context":"https:\/\/schema.org","@graph":[{"@type":"WebPage","@id":"https:\/\/old.wildix.com\/sv\/mobilitet\/","url":"https:\/\/old.wildix.com\/sv\/mobilitet\/","name":"Wildix Mobility Enterprise One Number - endast ett nummer","isPartOf":{"@id":"https:\/\/old.wildix.com\/#website"},"datePublished":"2018-04-18T07:54:10+00:00","dateModified":"2021-04-15T09:47:58+00:00","description":"Hantera samtalen som om du var p\u00e5 kontoret? Wildix Mobility One Number integrerar de anst\u00e4lldas mobiltelefoner i f\u00f6retagets telefonsystem.","breadcrumb":{"@id":"https:\/\/old.wildix.com\/sv\/mobilitet\/#breadcrumb"},"inLanguage":"sv-SE","potentialAction":[{"@type":"ReadAction","target":["https:\/\/old.wildix.com\/sv\/mobilitet\/"]}]},{"@type":"BreadcrumbList","@id":"https:\/\/old.wildix.com\/sv\/mobilitet\/#breadcrumb","itemListElement":[{"@type":"ListItem","position":1,"name":"Home","item":"https:\/\/old.wildix.com\/"},{"@type":"ListItem","position":2,"name":"Wildix Mobilitet f\u00f6r F\u00f6retag"}]},{"@type":"WebSite","@id":"https:\/\/old.wildix.com\/#website","url":"https:\/\/old.wildix.com\/","name":"Wildix","description":"Wildix PBX | VoIP Solutions | Unified Communications | WebRTC","publisher":{"@id":"https:\/\/old.wildix.com\/#organization"},"potentialAction":[{"@type":"SearchAction","target":{"@type":"EntryPoint","urlTemplate":"https:\/\/old.wildix.com\/?s={search_term_string}"},"query-input":"required name=search_term_string"}],"inLanguage":"sv-SE"},{"@type":"Organization","@id":"https:\/\/old.wildix.com\/#organization","name":"Wildix","url":"https:\/\/old.wildix.com\/","logo":{"@type":"ImageObject","inLanguage":"sv-SE","@id":"https:\/\/old.wildix.com\/#\/schema\/logo\/image\/","url":"https:\/\/old.wildix.com\/wp-content\/uploads\/2018\/04\/wildix-logo-2.png","contentUrl":"https:\/\/old.wildix.com\/wp-content\/uploads\/2018\/04\/wildix-logo-2.png","width":440,"height":200,"caption":"Wildix"},"image":{"@id":"https:\/\/old.wildix.com\/#\/schema\/logo\/image\/"}}]}},"_links":{"self":[{"href":"https:\/\/old.wildix.com\/sv\/wp-json\/wp\/v2\/pages\/7839871"}],"collection":[{"href":"https:\/\/old.wildix.com\/sv\/wp-json\/wp\/v2\/pages"}],"about":[{"href":"https:\/\/old.wildix.com\/sv\/wp-json\/wp\/v2\/types\/page"}],"author":[{"embeddable":true,"href":"https:\/\/old.wildix.com\/sv\/wp-json\/wp\/v2\/users\/6"}],"replies":[{"embeddable":true,"href":"https:\/\/old.wildix.com\/sv\/wp-json\/wp\/v2\/comments?post=7839871"}],"version-history":[{"count":0,"href":"https:\/\/old.wildix.com\/sv\/wp-json\/wp\/v2\/pages\/7839871\/revisions"}],"wp:attachment":[{"href":"https:\/\/old.wildix.com\/sv\/wp-json\/wp\/v2\/media?parent=7839871"}],"curies":[{"name":"wp","href":"https:\/\/api.w.org\/{rel}","templated":true}]}}