{"id":7839873,"date":"2018-04-18T14:17:09","date_gmt":"2018-04-18T14:17:09","guid":{"rendered":"https:\/\/old2.wildix.com\/?page_id=7839873"},"modified":"2022-09-05T12:59:16","modified_gmt":"2022-09-05T12:59:16","slug":"mobilappar","status":"publish","type":"page","link":"https:\/\/old.wildix.com\/sv\/mobilappar\/","title":{"rendered":"Mobilappar"},"content":{"rendered":"<section class=\"wpb-content-wrapper\">[mk_page_section bg_color=&#8221;#003366&#8243; video_color_mask=&#8221;#003366&#8243; video_opacity=&#8221;0.9&#8243; min_height=&#8221;250&#8243; full_width=&#8221;true&#8221; padding_top=&#8221;0&#8243; padding_bottom=&#8221;0&#8243; sidebar=&#8221;sidebar-1&#8243; first_page=&#8221;false&#8221; last_page=&#8221;false&#8221;][vc_column][mk_padding_divider size=&#8221;120&#8243; visibility=&#8221;hidden-sm&#8221;][mk_padding_divider size=&#8221;70&#8243; visibility=&#8221;visible-sm&#8221;][mk_fancy_title color=&#8221;#ffffff&#8221; size=&#8221;70&#8243; force_font_size=&#8221;true&#8221; size_smallscreen=&#8221;60&#8243; size_tablet=&#8221;50&#8243; size_phone=&#8221;40&#8243; font_weight=&#8221;300&#8243; font_style=&#8221;normal&#8221; txt_transform=&#8221;none&#8221; margin_bottom=&#8221;0&#8243; font_family=&#8221;none&#8221; align=&#8221;center&#8221;]Mobilappar[\/mk_fancy_title][mk_fancy_title tag_name=&#8221;span&#8221; color=&#8221;#ffffff&#8221; size=&#8221;24&#8243; force_font_size=&#8221;true&#8221; size_smallscreen=&#8221;22&#8243; size_tablet=&#8221;22&#8243; size_phone=&#8221;20&#8243; font_weight=&#8221;300&#8243; font_style=&#8221;normal&#8221; txt_transform=&#8221;none&#8221; margin_bottom=&#8221;0&#8243; font_family=&#8221;none&#8221; align=&#8221;center&#8221;]Unified Communications f\u00f6r din smartphone och din platta[\/mk_fancy_title][mk_padding_divider size=&#8221;30&#8243;][\/vc_column][\/mk_page_section][vc_row][vc_column][mk_padding_divider size=&#8221;50&#8243;][mk_image src=&#8221;https:\/\/old.wildix.com\/wp-content\/uploads\/2019\/04\/wildix-mobile-apps-2019.jpg&#8221; image_width=&#8221;1024&#8243; image_height=&#8221;300&#8243; align=&#8221;center&#8221;][mk_padding_divider size=&#8221;80&#8243;][\/vc_column][\/vc_row][vc_row][vc_column][vc_column_text css=&#8221;.vc_custom_1565386398068{margin-bottom: 0px !important;}&#8221;]\n<h2 style=\"text-align: center;\">WILDIX COLLABORATION MOBILAPPAR<\/h2>\n[\/vc_column_text][vc_column_text css=&#8221;.vc_custom_1565386445420{margin-bottom: 0px !important;}&#8221;]\n<h2 style=\"text-align: center;\">ALLA WILDIX COLLABORATION-EGENSKAPER P\u00c5 <strong>IOS<\/strong> OCH <strong>ANDROID<\/strong>.<\/h2>\n[\/vc_column_text][vc_empty_space][\/vc_column][\/vc_row][vc_row fullwidth=&#8221;true&#8221; fullwidth_content=&#8221;false&#8221; disable_element=&#8221;yes&#8221;][vc_column][mk_blockquote font_family=&#8221;none&#8221;]\n<p><strong><img decoding=\"async\" class=\"wp-image-6678 size-full alignleft\" src=\"https:\/\/old.wildix.com\/wp-content\/uploads\/2018\/06\/roseo-hotels-logo.jpg\" alt=\"Roseo Hotel Verona\" \/><\/strong><\/p>\n<p>\u2026Wildix Mobility-tj\u00e4nsten har \u00e4ndrat s\u00e4ttet vi arbetar p\u00e5. Vi \u00e4r ofta p\u00e5 resande fot, p\u00e5 olika v\u00e5ningar p\u00e5 hotellet. Kommunikation \u00e4r mycket l\u00e4ttare nu tack vare Wildix Mobilappar.<\/p>\n<p>&nbsp;<\/p>\n<p style=\"text-align: right;\">Barbara Agos,<\/p>\n<p>Vd, Roseo Hotel Verona<\/p>\n<p><a href=\"https:\/\/www.hotelleondoroverona.com\/it\/home\" target=\"_blank\" rel=\"noopener noreferrer\">www.hotelleondoroverona.com<\/a><\/p>\n[\/mk_blockquote][vc_empty_space height=&#8221;30px&#8221;][\/vc_column][\/vc_row][vc_row][vc_column width=&#8221;1\/2&#8243;][vc_column_text css=&#8221;.vc_custom_1566957582477{margin-bottom: 0px !important;}&#8221;]Wildix Collaboration Mobilappar erbjuder ditt f\u00f6retags PBX UC-funktioner till iPhone, iPod Touch, iPad och Android-telefoner.[\/vc_column_text][vc_column_text css=&#8221;.vc_custom_1565386639287{margin-bottom: 0px !important;}&#8221;]\n<h3>FUNKTIONER<\/h3>\n[\/vc_column_text][mk_custom_list]\n<ul>\n<li style=\"list-style-type: none;\">\n<ul>\n<li>Samtal via VoIP eller GSM till alla kontakter i telefonboken<\/li>\n<li>Videosamtal till alla anv\u00e4ndare<\/li>\n<li>Mobility callback-service<\/li>\n<li>Chatt<\/li>\n<li>Post-It<\/li>\n<li>Chatt- och samtalshistorik<\/li>\n<li>Fil\u00f6verf\u00f6ring<\/li>\n<li>Anv\u00e4ndares n\u00e4rvaroinformation och fysiska plats<\/li>\n<li>Synkronisera med Microsoft Exchange, Outlook, externa databaser, MySql, MS SQL, CRM<\/li>\n<li>Mobile SIP Client f\u00f6r WiFi, 3G-UMTS, 4G-LTE-n\u00e4tverk, G.729- och H.264-kodekar<\/li>\n<li>Krypterad HTTPS-anslutning till PBXen<\/li>\n<\/ul>\n<\/li>\n<\/ul>\n[\/mk_custom_list][\/vc_column][vc_column width=&#8221;1\/2&#8243;][vc_video link=&#8221;https:\/\/wildix.wistia.com\/medias\/jt19iy6rmf&#8221;][mk_padding_divider][vc_column_text css=&#8221;.vc_custom_1565386842161{margin-bottom: 0px !important;}&#8221;]\n<h3>SYSTEMKRAV<\/h3>\n[\/vc_column_text][mk_custom_list]\n<ul>\n<li style=\"list-style-type: none;\">\n<ul>\n<li style=\"list-style-type: none;\">\n<ul>\n<li style=\"list-style-type: none;\">\n<ul>\n<li>WMS version 3.84 eller senare<\/li>\n<li>iOS version 9 eller senare<\/li>\n<li>iPhone 5 minimum<\/li>\n<li>Android OS 4 eller senare<\/li>\n<\/ul>\n<\/li>\n<\/ul>\n<\/li>\n<\/ul>\n<\/li>\n<\/ul>\n[\/mk_custom_list][\/vc_column][\/vc_row][vc_row fullwidth=&#8221;true&#8221; fullwidth_content=&#8221;false&#8221;][vc_column][mk_padding_divider][vc_column_text css=&#8221;.vc_custom_1572860537197{margin-bottom: 0px !important;}&#8221;]\n<h3 style=\"text-align: center;\">F\u00e5 aviseringar p\u00e5 din Apple Watch<\/h3>\n[\/vc_column_text][mk_padding_divider][vc_row_inner][vc_column_inner width=&#8221;1\/6&#8243;][\/vc_column_inner][vc_column_inner width=&#8221;2\/3&#8243;][mk_gallery images=&#8221;7841242,7841241,7841240&#8243; image_size=&#8221;full&#8221; order=&#8221;DESC&#8221;][\/vc_column_inner][vc_column_inner width=&#8221;1\/6&#8243;][\/vc_column_inner][\/vc_row_inner][mk_padding_divider][\/vc_column][\/vc_row][vc_row][vc_column][mk_testimonials style=&#8221;modern&#8221; testimonials=&#8221;7839526&#8243;][\/vc_column][\/vc_row][vc_row fullwidth=&#8221;true&#8221; css=&#8221;.vc_custom_1561718340417{background-color: #f6f6f6 !important;}&#8221;][vc_column][vc_empty_space height=&#8221;40px&#8221;][\/vc_column][\/vc_row][vc_row fullwidth=&#8221;true&#8221; fullwidth_content=&#8221;false&#8221; css=&#8221;.vc_custom_1561718333829{background-color: #f6f6f6 !important;}&#8221;][vc_column width=&#8221;1\/4&#8243;][\/vc_column][vc_column width=&#8221;1\/4&#8243;][mk_image src=&#8221;https:\/\/old.wildix.com\/wp-content\/uploads\/2018\/04\/app_store_badge_en1.jpeg&#8221; image_size=&#8221;full&#8221; link=&#8221;https:\/\/itunes.apple.com\/app\/cticonnect-ios\/id458185001?l=it&amp;ls=1&amp;mt=8&#8243; target=&#8221;_blank&#8221;][\/vc_column][vc_column width=&#8221;1\/4&#8243;][mk_image src=&#8221;https:\/\/old.wildix.com\/wp-content\/uploads\/2018\/04\/google_play_logo.jpeg&#8221; image_size=&#8221;full&#8221; link=&#8221;https:\/\/play.google.com\/store\/apps\/details?id=com.wildix&amp;feature=search_result&amp;hl=&#8221; target=&#8221;_blank&#8221;][\/vc_column][vc_column width=&#8221;1\/4&#8243;][\/vc_column][\/vc_row][vc_row fullwidth=&#8221;true&#8221; css=&#8221;.vc_custom_1561718346153{background-color: #f6f6f6 !important;}&#8221;][vc_column][vc_empty_space height=&#8221;40px&#8221;][\/vc_column][\/vc_row][vc_row fullwidth=&#8221;true&#8221; fullwidth_content=&#8221;false&#8221;][vc_column][mk_padding_divider size=&#8221;50&#8243;][vc_column_text css=&#8221;.vc_custom_1565386921152{margin-bottom: 0px !important;}&#8221;]\n<h3 style=\"text-align: center;\">BILDER P\u00c5 WILDIX COLLABORATION MOBILE F\u00d6R ANDROID OCH IOS<\/h3>\n[\/vc_column_text][mk_padding_divider size=&#8221;50&#8243;][mk_gallery images=&#8221;7834634,7834632,7834633,7834631,7834635,7834637,7834638,7834636,7834639,7834640&#8243; column=&#8221;5&#8243; image_size=&#8221;full&#8221; orderby=&#8221;post__in&#8221;][mk_padding_divider size=&#8221;30&#8243;][\/vc_column][\/vc_row][vc_row css=&#8221;.vc_custom_1559053498750{margin-top: 0px !important;border-top-width: 0px !important;padding-top: 0px !important;}&#8221;][vc_column][mk_divider style=&#8221;thin_solid&#8221; thin_color_style=&#8221;gradient_color&#8221; thin_grandient_color_from=&#8221;#3edbd9&#8243; thin_grandient_color_to=&#8221;#5841b8&#8243; thin_gradient_color_angle=&#8221;horizontal&#8221; thin_grandient_color_fallback=&#8221;#3edbd9&#8243; thickness=&#8221;5&#8243; margin_top=&#8221;0&#8243;][\/vc_column][\/vc_row][vc_row css=&#8221;.vc_custom_1559053745406{background-color: #ffffff !important;}&#8221;][vc_column width=&#8221;1\/4&#8243;][mk_padding_divider size=&#8221;30&#8243;][\/vc_column][vc_column width=&#8221;1\/4&#8243;][mk_padding_divider size=&#8221;30&#8243;][mk_button dimension=&#8221;flat&#8221; corner_style=&#8221;rounded&#8221; size=&#8221;medium&#8221; icon=&#8221;mk-jupiter-icon-doc&#8221; icon_anim=&#8221;side&#8221; url=&#8221;https:\/\/wildix.atlassian.net\/wiki\/x\/3ATOAQ&#8221; target=&#8221;_blank&#8221; align=&#8221;center&#8221; fullwidth=&#8221;true&#8221; bg_color=&#8221;#3c72a2&#8243; btn_hover_txt_color=&#8221;#ffffff&#8221;]APP iOS &#038; Android[\/mk_button][\/vc_column][vc_column width=&#8221;1\/4&#8243;][mk_padding_divider size=&#8221;30&#8243;][mk_button dimension=&#8221;flat&#8221; corner_style=&#8221;rounded&#8221; size=&#8221;medium&#8221; icon=&#8221;mk-moon-link&#8221; icon_anim=&#8221;side&#8221; url=&#8221;\/sv\/mobilitet\/&#8221; target=&#8221;_blank&#8221; align=&#8221;center&#8221; fullwidth=&#8221;true&#8221; bg_color=&#8221;#3c72a2&#8243; btn_hover_txt_color=&#8221;#ffffff&#8221;]Mobilitet f\u00f6r F\u00f6retag[\/mk_button][mk_padding_divider size=&#8221;30&#8243;][\/vc_column][vc_column width=&#8221;1\/4&#8243;][mk_padding_divider size=&#8221;30&#8243;][\/vc_column][\/vc_row][vc_row fullwidth=&#8221;true&#8221; fullwidth_content=&#8221;false&#8221; css=&#8221;.vc_custom_1563980243307{background-color: #003366 !important;}&#8221;][vc_column][mk_padding_divider][vc_row_inner][vc_column_inner width=&#8221;1\/2&#8243;][mk_button dimension=&#8221;flat&#8221; corner_style=&#8221;rounded&#8221; size=&#8221;large&#8221; icon=&#8221;mk-moon-arrow-left&#8221; icon_anim=&#8221;side&#8221; url=&#8221;\/sv\/mobilitet\/&#8221; align=&#8221;right&#8221; button_custom_width=&#8221;200&#8243; bg_color=&#8221;#dd9933&#8243; btn_hover_txt_color=&#8221;#ffffff&#8221;]F\u00f6reg\u00e5ende[\/mk_button][\/vc_column_inner][vc_column_inner width=&#8221;1\/2&#8243;][mk_button dimension=&#8221;flat&#8221; corner_style=&#8221;rounded&#8221; size=&#8221;large&#8221; icon=&#8221;mk-moon-arrow-right-2&#8243; icon_anim=&#8221;side&#8221; url=&#8221;\/sv\/tapi-integrationer\/&#8221; button_custom_width=&#8221;200&#8243; bg_color=&#8221;#dd9933&#8243; btn_hover_txt_color=&#8221;#ffffff&#8221;]N\u00e4sta[\/mk_button][\/vc_column_inner][\/vc_row_inner][mk_padding_divider size=&#8221;20&#8243;][\/vc_column][\/vc_row]\n<\/section>","protected":false},"excerpt":{"rendered":"<p>[mk_page_section bg_color=&#8221;#003366&#8243; video_color_mask=&#8221;#003366&#8243; video_opacity=&#8221;0.9&#8243; min_height=&#8221;250&#8243; full_width=&#8221;true&#8221; padding_top=&#8221;0&#8243; padding_bottom=&#8221;0&#8243; sidebar=&#8221;sidebar-1&#8243; first_page=&#8221;false&#8221; last_page=&#8221;false&#8221;][vc_column][mk_padding_divider size=&#8221;120&#8243; visibility=&#8221;hidden-sm&#8221;][mk_padding_divider size=&#8221;70&#8243; visibility=&#8221;visible-sm&#8221;][mk_fancy_title color=&#8221;#ffffff&#8221; size=&#8221;70&#8243; force_font_size=&#8221;true&#8221; size_smallscreen=&#8221;60&#8243; size_tablet=&#8221;50&#8243; size_phone=&#8221;40&#8243; font_weight=&#8221;300&#8243; font_style=&#8221;normal&#8221; txt_transform=&#8221;none&#8221; margin_bottom=&#8221;0&#8243; font_family=&#8221;none&#8221; align=&#8221;center&#8221;]Mobilappar[\/mk_fancy_title][mk_fancy_title tag_name=&#8221;span&#8221; color=&#8221;#ffffff&#8221; size=&#8221;24&#8243; force_font_size=&#8221;true&#8221; size_smallscreen=&#8221;22&#8243; size_tablet=&#8221;22&#8243; size_phone=&#8221;20&#8243; font_weight=&#8221;300&#8243; font_style=&#8221;normal&#8221; txt_transform=&#8221;none&#8221; margin_bottom=&#8221;0&#8243; font_family=&#8221;none&#8221; align=&#8221;center&#8221;]Unified Communications f\u00f6r din smartphone och din platta[\/mk_fancy_title][mk_padding_divider size=&#8221;30&#8243;][\/vc_column][\/mk_page_section][vc_row][vc_column][mk_padding_divider size=&#8221;50&#8243;][mk_image src=&#8221;https:\/\/old.wildix.com\/wp-content\/uploads\/2019\/04\/wildix-mobile-apps-2019.jpg&#8221; image_width=&#8221;1024&#8243; image_height=&#8221;300&#8243; align=&#8221;center&#8221;][mk_padding_divider size=&#8221;80&#8243;][\/vc_column][\/vc_row][vc_row][vc_column][vc_column_text css=&#8221;.vc_custom_1565386398068{margin-bottom: [&hellip;]<\/p>\n","protected":false},"author":6,"featured_media":0,"parent":0,"menu_order":0,"comment_status":"closed","ping_status":"closed","template":"","meta":{"wpupg_custom_link":[],"wpupg_custom_link_behaviour":["default"],"wpupg_custom_image":[],"wpupg_custom_image_id":[],"footnotes":""},"acf":[],"yoast_head":"<!-- This site is optimized with the Yoast SEO plugin v21.8 - https:\/\/yoast.com\/wordpress\/plugins\/seo\/ -->\n<title>Mobilappar f\u00f6r f\u00f6retag | iOS och Android<\/title>\n<meta name=\"description\" content=\"Collaboration mobilappar f\u00f6r din Apple iPhone, iPod Touch, iPad och Android. Ljud- och videosamtal via VoIP, GSM mobility callback, n\u00e4rvaroinformation.\" \/>\n<meta name=\"robots\" content=\"noindex, follow, max-snippet:-1, max-image-preview:large, max-video-preview:-1\" \/>\n<meta property=\"og:locale\" content=\"sv_SE\" \/>\n<meta property=\"og:type\" content=\"article\" \/>\n<meta property=\"og:title\" content=\"Mobilappar f\u00f6r f\u00f6retag | iOS och Android\" \/>\n<meta property=\"og:description\" content=\"Collaboration mobilappar f\u00f6r din Apple iPhone, iPod Touch, iPad och Android. Ljud- och videosamtal via VoIP, GSM mobility callback, n\u00e4rvaroinformation.\" \/>\n<meta property=\"og:url\" content=\"https:\/\/old.wildix.com\/sv\/mobilappar\/\" \/>\n<meta property=\"og:site_name\" content=\"Wildix\" \/>\n<meta property=\"article:modified_time\" content=\"2022-09-05T12:59:16+00:00\" \/>\n<meta property=\"og:image\" content=\"https:\/\/old.wildix.com\/wp-content\/uploads\/2018\/06\/roseo-hotels-logo.jpg\" \/>\n<meta name=\"twitter:card\" content=\"summary_large_image\" \/>\n<meta name=\"twitter:label1\" content=\"Ber\u00e4knad l\u00e4stid\" \/>\n\t<meta name=\"twitter:data1\" content=\"5 minuter\" \/>\n<script type=\"application\/ld+json\" class=\"yoast-schema-graph\">{\"@context\":\"https:\/\/schema.org\",\"@graph\":[{\"@type\":\"WebPage\",\"@id\":\"https:\/\/old.wildix.com\/sv\/mobilappar\/\",\"url\":\"https:\/\/old.wildix.com\/sv\/mobilappar\/\",\"name\":\"Mobilappar f\u00f6r f\u00f6retag | iOS och Android\",\"isPartOf\":{\"@id\":\"https:\/\/old.wildix.com\/#website\"},\"datePublished\":\"2018-04-18T14:17:09+00:00\",\"dateModified\":\"2022-09-05T12:59:16+00:00\",\"description\":\"Collaboration mobilappar f\u00f6r din Apple iPhone, iPod Touch, iPad och Android. Ljud- och videosamtal via VoIP, GSM mobility callback, n\u00e4rvaroinformation.\",\"breadcrumb\":{\"@id\":\"https:\/\/old.wildix.com\/sv\/mobilappar\/#breadcrumb\"},\"inLanguage\":\"sv-SE\",\"potentialAction\":[{\"@type\":\"ReadAction\",\"target\":[\"https:\/\/old.wildix.com\/sv\/mobilappar\/\"]}]},{\"@type\":\"BreadcrumbList\",\"@id\":\"https:\/\/old.wildix.com\/sv\/mobilappar\/#breadcrumb\",\"itemListElement\":[{\"@type\":\"ListItem\",\"position\":1,\"name\":\"Home\",\"item\":\"https:\/\/old.wildix.com\/\"},{\"@type\":\"ListItem\",\"position\":2,\"name\":\"Mobilappar\"}]},{\"@type\":\"WebSite\",\"@id\":\"https:\/\/old.wildix.com\/#website\",\"url\":\"https:\/\/old.wildix.com\/\",\"name\":\"Wildix\",\"description\":\"Wildix PBX | VoIP Solutions | Unified Communications | WebRTC\",\"publisher\":{\"@id\":\"https:\/\/old.wildix.com\/#organization\"},\"potentialAction\":[{\"@type\":\"SearchAction\",\"target\":{\"@type\":\"EntryPoint\",\"urlTemplate\":\"https:\/\/old.wildix.com\/?s={search_term_string}\"},\"query-input\":\"required name=search_term_string\"}],\"inLanguage\":\"sv-SE\"},{\"@type\":\"Organization\",\"@id\":\"https:\/\/old.wildix.com\/#organization\",\"name\":\"Wildix\",\"url\":\"https:\/\/old.wildix.com\/\",\"logo\":{\"@type\":\"ImageObject\",\"inLanguage\":\"sv-SE\",\"@id\":\"https:\/\/old.wildix.com\/#\/schema\/logo\/image\/\",\"url\":\"https:\/\/old.wildix.com\/wp-content\/uploads\/2018\/04\/wildix-logo-2.png\",\"contentUrl\":\"https:\/\/old.wildix.com\/wp-content\/uploads\/2018\/04\/wildix-logo-2.png\",\"width\":440,\"height\":200,\"caption\":\"Wildix\"},\"image\":{\"@id\":\"https:\/\/old.wildix.com\/#\/schema\/logo\/image\/\"}}]}<\/script>\n<!-- \/ Yoast SEO plugin. -->","yoast_head_json":{"title":"Mobilappar f\u00f6r f\u00f6retag | iOS och Android","description":"Collaboration mobilappar f\u00f6r din Apple iPhone, iPod Touch, iPad och Android. Ljud- och videosamtal via VoIP, GSM mobility callback, n\u00e4rvaroinformation.","robots":{"index":"noindex","follow":"follow","max-snippet":"max-snippet:-1","max-image-preview":"max-image-preview:large","max-video-preview":"max-video-preview:-1"},"og_locale":"sv_SE","og_type":"article","og_title":"Mobilappar f\u00f6r f\u00f6retag | iOS och Android","og_description":"Collaboration mobilappar f\u00f6r din Apple iPhone, iPod Touch, iPad och Android. Ljud- och videosamtal via VoIP, GSM mobility callback, n\u00e4rvaroinformation.","og_url":"https:\/\/old.wildix.com\/sv\/mobilappar\/","og_site_name":"Wildix","article_modified_time":"2022-09-05T12:59:16+00:00","og_image":[{"url":"https:\/\/old.wildix.com\/wp-content\/uploads\/2018\/06\/roseo-hotels-logo.jpg"}],"twitter_card":"summary_large_image","twitter_misc":{"Ber\u00e4knad l\u00e4stid":"5 minuter"},"schema":{"@context":"https:\/\/schema.org","@graph":[{"@type":"WebPage","@id":"https:\/\/old.wildix.com\/sv\/mobilappar\/","url":"https:\/\/old.wildix.com\/sv\/mobilappar\/","name":"Mobilappar f\u00f6r f\u00f6retag | iOS och Android","isPartOf":{"@id":"https:\/\/old.wildix.com\/#website"},"datePublished":"2018-04-18T14:17:09+00:00","dateModified":"2022-09-05T12:59:16+00:00","description":"Collaboration mobilappar f\u00f6r din Apple iPhone, iPod Touch, iPad och Android. Ljud- och videosamtal via VoIP, GSM mobility callback, n\u00e4rvaroinformation.","breadcrumb":{"@id":"https:\/\/old.wildix.com\/sv\/mobilappar\/#breadcrumb"},"inLanguage":"sv-SE","potentialAction":[{"@type":"ReadAction","target":["https:\/\/old.wildix.com\/sv\/mobilappar\/"]}]},{"@type":"BreadcrumbList","@id":"https:\/\/old.wildix.com\/sv\/mobilappar\/#breadcrumb","itemListElement":[{"@type":"ListItem","position":1,"name":"Home","item":"https:\/\/old.wildix.com\/"},{"@type":"ListItem","position":2,"name":"Mobilappar"}]},{"@type":"WebSite","@id":"https:\/\/old.wildix.com\/#website","url":"https:\/\/old.wildix.com\/","name":"Wildix","description":"Wildix PBX | VoIP Solutions | Unified Communications | WebRTC","publisher":{"@id":"https:\/\/old.wildix.com\/#organization"},"potentialAction":[{"@type":"SearchAction","target":{"@type":"EntryPoint","urlTemplate":"https:\/\/old.wildix.com\/?s={search_term_string}"},"query-input":"required name=search_term_string"}],"inLanguage":"sv-SE"},{"@type":"Organization","@id":"https:\/\/old.wildix.com\/#organization","name":"Wildix","url":"https:\/\/old.wildix.com\/","logo":{"@type":"ImageObject","inLanguage":"sv-SE","@id":"https:\/\/old.wildix.com\/#\/schema\/logo\/image\/","url":"https:\/\/old.wildix.com\/wp-content\/uploads\/2018\/04\/wildix-logo-2.png","contentUrl":"https:\/\/old.wildix.com\/wp-content\/uploads\/2018\/04\/wildix-logo-2.png","width":440,"height":200,"caption":"Wildix"},"image":{"@id":"https:\/\/old.wildix.com\/#\/schema\/logo\/image\/"}}]}},"_links":{"self":[{"href":"https:\/\/old.wildix.com\/sv\/wp-json\/wp\/v2\/pages\/7839873"}],"collection":[{"href":"https:\/\/old.wildix.com\/sv\/wp-json\/wp\/v2\/pages"}],"about":[{"href":"https:\/\/old.wildix.com\/sv\/wp-json\/wp\/v2\/types\/page"}],"author":[{"embeddable":true,"href":"https:\/\/old.wildix.com\/sv\/wp-json\/wp\/v2\/users\/6"}],"replies":[{"embeddable":true,"href":"https:\/\/old.wildix.com\/sv\/wp-json\/wp\/v2\/comments?post=7839873"}],"version-history":[{"count":0,"href":"https:\/\/old.wildix.com\/sv\/wp-json\/wp\/v2\/pages\/7839873\/revisions"}],"wp:attachment":[{"href":"https:\/\/old.wildix.com\/sv\/wp-json\/wp\/v2\/media?parent=7839873"}],"curies":[{"name":"wp","href":"https:\/\/api.w.org\/{rel}","templated":true}]}}