{"id":7839880,"date":"2018-04-18T10:10:39","date_gmt":"2018-04-18T10:10:39","guid":{"rendered":"https:\/\/old2.wildix.com\/?page_id=7839880"},"modified":"2022-09-05T13:18:07","modified_gmt":"2022-09-05T13:18:07","slug":"tapi-integrationer","status":"publish","type":"page","link":"https:\/\/old.wildix.com\/sv\/tapi-integrationer\/","title":{"rendered":"TAPI-integrationer: Wildix TAPI och Web API"},"content":{"rendered":"<section class=\"wpb-content-wrapper\">[mk_page_section bg_color=&#8221;#003366&#8243; video_color_mask=&#8221;#003366&#8243; video_opacity=&#8221;0.9&#8243; min_height=&#8221;250&#8243; full_width=&#8221;true&#8221; padding_top=&#8221;0&#8243; padding_bottom=&#8221;0&#8243; sidebar=&#8221;sidebar-1&#8243; first_page=&#8221;false&#8221; last_page=&#8221;false&#8221;][vc_column][mk_padding_divider size=&#8221;120&#8243; visibility=&#8221;hidden-sm&#8221;][mk_padding_divider size=&#8221;70&#8243; visibility=&#8221;visible-sm&#8221;][mk_fancy_title tag_name=&#8221;h1&#8243; color=&#8221;#ffffff&#8221; size=&#8221;60&#8243; force_font_size=&#8221;true&#8221; size_smallscreen=&#8221;45&#8243; size_tablet=&#8221;35&#8243; size_phone=&#8221;35&#8243; font_weight=&#8221;300&#8243; font_style=&#8221;normal&#8221; txt_transform=&#8221;none&#8221; margin_bottom=&#8221;0&#8243; font_family=&#8221;none&#8221; align=&#8221;center&#8221;]TAPI-integrationer:<br \/>\nWildix TAPI och Web API[\/mk_fancy_title][mk_fancy_title tag_name=&#8221;span&#8221; color=&#8221;#ffffff&#8221; size=&#8221;24&#8243; force_font_size=&#8221;true&#8221; size_smallscreen=&#8221;22&#8243; size_tablet=&#8221;22&#8243; size_phone=&#8221;20&#8243; font_weight=&#8221;300&#8243; font_style=&#8221;normal&#8221; txt_transform=&#8221;none&#8221; margin_bottom=&#8221;0&#8243; font_family=&#8221;none&#8221; align=&#8221;center&#8221;]Integration med Windows- och webbappar[\/mk_fancy_title][mk_padding_divider size=&#8221;30&#8243;][\/vc_column][\/mk_page_section][vc_row][vc_column][mk_padding_divider size=&#8221;50&#8243;][\/vc_column][\/vc_row][vc_row][vc_column][vc_column_text align=&#8221;center&#8221; css=&#8221;.vc_custom_1566958825839{margin-bottom: 0px !important;}&#8221;]\n<h3 style=\"text-align: center;\">W-TAPI \u00e4r en mjukvarukomponent som \u00e4r kompatibel<br \/>\nmed alla Wildix PBXer f\u00f6r TAPI-integration.<\/h3>\n[\/vc_column_text][mk_padding_divider size=&#8221;50&#8243;][\/vc_column][\/vc_row][vc_row][vc_column][vc_column_text align=&#8221;center&#8221; css=&#8221;.vc_custom_1565393379331{margin-bottom: 0px !important;}&#8221;]W-TAPI-appar m\u00f6jligg\u00f6r f\u00f6r dig att g\u00f6ra och \u00f6vervaka samtal<br \/>\nfr\u00e5n olika<strong> Windowsappar<\/strong> (<em>Wildix TAPI<\/em>) eller<strong> hemsidor<\/strong> (<em>Wildix Web API<\/em>).[\/vc_column_text][\/vc_column][\/vc_row][vc_row fullwidth=&#8221;true&#8221;][vc_column][mk_divider style=&#8221;thin_solid&#8221;][\/vc_column][\/vc_row][vc_row equal_height=&#8221;yes&#8221;][vc_column width=&#8221;1\/2&#8243;][vc_empty_space][vc_column_text css=&#8221;.vc_custom_1524046392600{margin-bottom: 0px !important;}&#8221;]\n<h2>WILDIX TAPI<\/h2>\n[\/vc_column_text][vc_column_text css=&#8221;.vc_custom_1598959240620{margin-bottom: 0px !important;}&#8221;]<em>Wildix TAPI<\/em> inkluderar alla grundl\u00e4ggande samtalsfunktioner, som att <strong>ringa upp<\/strong>, <strong>svara<\/strong>, <strong>l\u00e4gga p\u00e5<\/strong> och ytterligare funktioner, som <strong>pausa<\/strong>, <strong>\u00e5teruppta<\/strong>, <strong>\u00f6verf\u00f6r<\/strong> och <strong>konferens<\/strong>.[\/vc_column_text][vc_empty_space][vc_column_text css=&#8221;.vc_custom_1565393203148{margin-bottom: 0px !important;}&#8221;]\n<h4>EGENSKAPER HOS W-TAPI:<\/h4>\n[\/vc_column_text][mk_custom_list icon_color=&#8221;#dd9933&#8243; align=&#8221;left&#8221;]\n<ul>\n<li>Flera linjer (f\u00f6r att kontrollera flera anv\u00e4ndare)<\/li>\n<li>Funktioner i LAN- och internetmilj\u00f6er<\/li>\n<li>Anv\u00e4nder en single port 5060 UDP<\/li>\n<li>St\u00f6d f\u00f6r SIP-protokoll<\/li>\n<li>TSP \u00e4r kompatibel med TAPI 2.1 och TAPI 3.0<\/li>\n<li>Kompatibel med Windows XP och senrae (32- och 64-bitars)<\/li>\n<li>St\u00f6d f\u00f6r Wildixenheter<\/li>\n<\/ul>\n[\/mk_custom_list][vc_empty_space][\/vc_column][vc_column width=&#8221;1\/2&#8243;][vc_empty_space][mk_image src=&#8221;https:\/\/old.wildix.com\/wp-content\/uploads\/2021\/03\/w-tapi-scheme.jpg&#8221; image_size=&#8221;full&#8221;][\/vc_column][\/vc_row][vc_row fullwidth=&#8221;true&#8221;][vc_column][mk_divider style=&#8221;thin_solid&#8221;][\/vc_column][\/vc_row][vc_row equal_height=&#8221;yes&#8221;][vc_column width=&#8221;1\/2&#8243;][vc_empty_space][vc_column_text css=&#8221;.vc_custom_1524047378985{margin-bottom: 0px !important;}&#8221;]\n<h2>WILDIX WEB API<\/h2>\n[\/vc_column_text][vc_column_text css=&#8221;.vc_custom_1598959352107{margin-bottom: 0px !important;}&#8221;]<em>Wildix Web API<\/em> integrerar med CRM, ERP-mjukvara, Fias\/Fidelio-l\u00f6sningar och webbappar. Javascripttelefoni API g\u00f6r det m\u00f6jligt f\u00f6r dig att kontrollera enheter anslutna till f\u00f6retagets Wildix PBX.<br \/>\nWildix Web API erbjuder en funktionell chatt och ger dig information om <strong>n\u00e4rvaro<\/strong>status och om kollegers aktivitet. <strong>Videosamtal<\/strong> st\u00f6ds n\u00e4r de anv\u00e4nds tillsammans med Zero Distance-appen. <em><strong>Wildix Web API<\/strong><\/em> f\u00f6rvandlar vilken sida som helst till en operat\u00f6rskonsol.[\/vc_column_text][vc_empty_space][\/vc_column][vc_column width=&#8221;1\/2&#8243;][vc_empty_space][mk_image src=&#8221;https:\/\/old.wildix.com\/wp-content\/uploads\/2021\/03\/webapi-scheme.jpg&#8221; image_size=&#8221;full&#8221;][\/vc_column][\/vc_row][vc_row equal_height=&#8221;yes&#8221;][vc_column width=&#8221;1\/2&#8243;][vc_empty_space][vc_column_text css=&#8221;.vc_custom_1565393591445{margin-bottom: 0px !important;}&#8221;]\n<h4>EGENSKAPER F\u00d6R WEB API:<\/h4>\n[\/vc_column_text][mk_custom_list icon_color=&#8221;#dd9933&#8243; align=&#8221;left&#8221;]\n<ul>\n<li>Ring upp<\/li>\n<li>L\u00e4gg p\u00e5<\/li>\n<li>Svara p\u00e5 ett samtal<\/li>\n<li>Pausa och \u00e5teruppta ett samtal<\/li>\n<li>Spela in ett samtal<\/li>\n<li>Genomf\u00f6r och delta i samtalstransfereringar<\/li>\n<li>Ta emot notiser<\/li>\n<li>\u00d6vervaka aktiva samtal<\/li>\n<li>Chatta med anv\u00e4ndare<\/li>\n<li>Ta emot anv\u00e4ndares n\u00e4rvaroinformation och fysiska plats<\/li>\n<li>St\u00e4ll in och kommunicera din egen status och fysiska plats<\/li>\n<li>Kontrollera Wildixenheter<\/li>\n<\/ul>\n[\/mk_custom_list][vc_empty_space][\/vc_column][vc_column width=&#8221;1\/2&#8243;][vc_empty_space][vc_column_text css=&#8221;.vc_custom_1565393789792{margin-bottom: 0px !important;}&#8221;]\n<h4>SYSTEMKRAV:<\/h4>\n[\/vc_column_text][vc_column_text css=&#8221;.vc_custom_1572860618115{margin-bottom: 0px !important;}&#8221;]\n<ul>\n<li>PBX \u00e5tkomlig via webben<\/li>\n<li>UC-Business eller UC-Premium-licens<\/li>\n<\/ul>\n<p>Wildix Web TAPI \u00e4r kompatibelt med f\u00f6ljande webbl\u00e4sare och senare:<\/p>\n<ul>\n<li>Firefox 21<\/li>\n<li>Opera 12<\/li>\n<li>Google Chrome 27<\/li>\n<li>Safari 6<\/li>\n<li>IE 10<\/li>\n<\/ul>\n[\/vc_column_text][\/vc_column][\/vc_row][vc_row css=&#8221;.vc_custom_1559053498750{margin-top: 0px !important;border-top-width: 0px !important;padding-top: 0px !important;}&#8221;][vc_column][mk_divider style=&#8221;thin_solid&#8221; thin_color_style=&#8221;gradient_color&#8221; thin_grandient_color_from=&#8221;#3edbd9&#8243; thin_grandient_color_to=&#8221;#5841b8&#8243; thin_gradient_color_angle=&#8221;horizontal&#8221; thin_grandient_color_fallback=&#8221;#3edbd9&#8243; thickness=&#8221;5&#8243; margin_top=&#8221;0&#8243;][\/vc_column][\/vc_row][vc_row css=&#8221;.vc_custom_1559053745406{background-color: #ffffff !important;}&#8221;][vc_column width=&#8221;1\/3&#8243;][\/vc_column][vc_column width=&#8221;1\/3&#8243;][mk_padding_divider][mk_button dimension=&#8221;flat&#8221; corner_style=&#8221;rounded&#8221; size=&#8221;medium&#8221; icon=&#8221;mk-jupiter-icon-doc&#8221; icon_anim=&#8221;side&#8221; url=&#8221;https:\/\/wildix.atlassian.net\/wiki\/x\/MA-OAQ&#8221; target=&#8221;_blank&#8221; fullwidth=&#8221;true&#8221; bg_color=&#8221;#3c72a2&#8243; btn_hover_txt_color=&#8221;#ffffff&#8221;]Wildix Web API-dokumentation[\/mk_button][mk_padding_divider size=&#8221;20&#8243;][\/vc_column][vc_column width=&#8221;1\/3&#8243;][\/vc_column][\/vc_row][vc_row fullwidth=&#8221;true&#8221; fullwidth_content=&#8221;false&#8221; css=&#8221;.vc_custom_1563980243307{background-color: #003366 !important;}&#8221;][vc_column][mk_padding_divider][vc_row_inner][vc_column_inner width=&#8221;1\/2&#8243;][mk_button dimension=&#8221;flat&#8221; corner_style=&#8221;rounded&#8221; size=&#8221;large&#8221; icon=&#8221;mk-moon-arrow-left&#8221; icon_anim=&#8221;side&#8221; url=&#8221;\/sv\/mobilappar\/&#8221; align=&#8221;right&#8221; button_custom_width=&#8221;200&#8243; bg_color=&#8221;#dd9933&#8243; btn_hover_txt_color=&#8221;#ffffff&#8221;]F\u00f6reg\u00e5ende[\/mk_button][\/vc_column_inner][vc_column_inner width=&#8221;1\/2&#8243;][mk_button dimension=&#8221;flat&#8221; corner_style=&#8221;rounded&#8221; size=&#8221;large&#8221; icon=&#8221;mk-moon-arrow-right-2&#8243; icon_anim=&#8221;side&#8221; url=&#8221;\/sv\/cloud-voip-pbx\/&#8221; button_custom_width=&#8221;200&#8243; bg_color=&#8221;#dd9933&#8243; btn_hover_txt_color=&#8221;#ffffff&#8221;]N\u00e4sta[\/mk_button][\/vc_column_inner][\/vc_row_inner][mk_padding_divider size=&#8221;20&#8243;][\/vc_column][\/vc_row]\n<\/section>","protected":false},"excerpt":{"rendered":"<p>[mk_page_section bg_color=&#8221;#003366&#8243; video_color_mask=&#8221;#003366&#8243; video_opacity=&#8221;0.9&#8243; min_height=&#8221;250&#8243; full_width=&#8221;true&#8221; padding_top=&#8221;0&#8243; padding_bottom=&#8221;0&#8243; sidebar=&#8221;sidebar-1&#8243; first_page=&#8221;false&#8221; last_page=&#8221;false&#8221;][vc_column][mk_padding_divider size=&#8221;120&#8243; visibility=&#8221;hidden-sm&#8221;][mk_padding_divider size=&#8221;70&#8243; visibility=&#8221;visible-sm&#8221;][mk_fancy_title tag_name=&#8221;h1&#8243; color=&#8221;#ffffff&#8221; size=&#8221;60&#8243; force_font_size=&#8221;true&#8221; size_smallscreen=&#8221;45&#8243; size_tablet=&#8221;35&#8243; size_phone=&#8221;35&#8243; font_weight=&#8221;300&#8243; font_style=&#8221;normal&#8221; txt_transform=&#8221;none&#8221; margin_bottom=&#8221;0&#8243; font_family=&#8221;none&#8221; align=&#8221;center&#8221;]TAPI-integrationer: Wildix TAPI och Web API[\/mk_fancy_title][mk_fancy_title tag_name=&#8221;span&#8221; color=&#8221;#ffffff&#8221; size=&#8221;24&#8243; force_font_size=&#8221;true&#8221; size_smallscreen=&#8221;22&#8243; size_tablet=&#8221;22&#8243; size_phone=&#8221;20&#8243; font_weight=&#8221;300&#8243; font_style=&#8221;normal&#8221; txt_transform=&#8221;none&#8221; margin_bottom=&#8221;0&#8243; font_family=&#8221;none&#8221; align=&#8221;center&#8221;]Integration med Windows- och webbappar[\/mk_fancy_title][mk_padding_divider size=&#8221;30&#8243;][\/vc_column][\/mk_page_section][vc_row][vc_column][mk_padding_divider size=&#8221;50&#8243;][\/vc_column][\/vc_row][vc_row][vc_column][vc_column_text align=&#8221;center&#8221; css=&#8221;.vc_custom_1566958825839{margin-bottom: 0px [&hellip;]<\/p>\n","protected":false},"author":6,"featured_media":0,"parent":0,"menu_order":10,"comment_status":"closed","ping_status":"closed","template":"","meta":{"wpupg_custom_link":[],"wpupg_custom_link_behaviour":["default"],"wpupg_custom_image":[],"wpupg_custom_image_id":[],"footnotes":""},"acf":[],"yoast_head":"<!-- This site is optimized with the Yoast SEO plugin v21.8 - https:\/\/yoast.com\/wordpress\/plugins\/seo\/ -->\n<title>Windows TAPI &amp; Collaboration WebAPI | Wildix CEBP<\/title>\n<meta name=\"description\" content=\"Wildix CEBP: Collaboration WebAPI integrarar UC till applikationer som CRM och ERP. Windows TAPI g\u00f6r att du kan ringa fr\u00e5n Windowsappar.\" \/>\n<meta name=\"robots\" content=\"noindex, follow, max-snippet:-1, max-image-preview:large, max-video-preview:-1\" \/>\n<meta property=\"og:locale\" content=\"sv_SE\" \/>\n<meta property=\"og:type\" content=\"article\" \/>\n<meta property=\"og:title\" content=\"Windows TAPI &amp; Collaboration WebAPI | Wildix CEBP\" \/>\n<meta property=\"og:description\" content=\"Wildix CEBP: Collaboration WebAPI integrarar UC till applikationer som CRM och ERP. Windows TAPI g\u00f6r att du kan ringa fr\u00e5n Windowsappar.\" \/>\n<meta property=\"og:url\" content=\"https:\/\/old.wildix.com\/sv\/tapi-integrationer\/\" \/>\n<meta property=\"og:site_name\" content=\"Wildix\" \/>\n<meta property=\"article:modified_time\" content=\"2022-09-05T13:18:07+00:00\" \/>\n<meta name=\"twitter:card\" content=\"summary_large_image\" \/>\n<meta name=\"twitter:label1\" content=\"Ber\u00e4knad l\u00e4stid\" \/>\n\t<meta name=\"twitter:data1\" content=\"5 minuter\" \/>\n<script type=\"application\/ld+json\" class=\"yoast-schema-graph\">{\"@context\":\"https:\/\/schema.org\",\"@graph\":[{\"@type\":\"WebPage\",\"@id\":\"https:\/\/old.wildix.com\/sv\/tapi-integrationer\/\",\"url\":\"https:\/\/old.wildix.com\/sv\/tapi-integrationer\/\",\"name\":\"Windows TAPI & Collaboration WebAPI | Wildix CEBP\",\"isPartOf\":{\"@id\":\"https:\/\/old.wildix.com\/#website\"},\"datePublished\":\"2018-04-18T10:10:39+00:00\",\"dateModified\":\"2022-09-05T13:18:07+00:00\",\"description\":\"Wildix CEBP: Collaboration WebAPI integrarar UC till applikationer som CRM och ERP. Windows TAPI g\u00f6r att du kan ringa fr\u00e5n Windowsappar.\",\"breadcrumb\":{\"@id\":\"https:\/\/old.wildix.com\/sv\/tapi-integrationer\/#breadcrumb\"},\"inLanguage\":\"sv-SE\",\"potentialAction\":[{\"@type\":\"ReadAction\",\"target\":[\"https:\/\/old.wildix.com\/sv\/tapi-integrationer\/\"]}]},{\"@type\":\"BreadcrumbList\",\"@id\":\"https:\/\/old.wildix.com\/sv\/tapi-integrationer\/#breadcrumb\",\"itemListElement\":[{\"@type\":\"ListItem\",\"position\":1,\"name\":\"Home\",\"item\":\"https:\/\/old.wildix.com\/\"},{\"@type\":\"ListItem\",\"position\":2,\"name\":\"TAPI-integrationer: Wildix TAPI och Web API\"}]},{\"@type\":\"WebSite\",\"@id\":\"https:\/\/old.wildix.com\/#website\",\"url\":\"https:\/\/old.wildix.com\/\",\"name\":\"Wildix\",\"description\":\"Wildix PBX | VoIP Solutions | Unified Communications | WebRTC\",\"publisher\":{\"@id\":\"https:\/\/old.wildix.com\/#organization\"},\"potentialAction\":[{\"@type\":\"SearchAction\",\"target\":{\"@type\":\"EntryPoint\",\"urlTemplate\":\"https:\/\/old.wildix.com\/?s={search_term_string}\"},\"query-input\":\"required name=search_term_string\"}],\"inLanguage\":\"sv-SE\"},{\"@type\":\"Organization\",\"@id\":\"https:\/\/old.wildix.com\/#organization\",\"name\":\"Wildix\",\"url\":\"https:\/\/old.wildix.com\/\",\"logo\":{\"@type\":\"ImageObject\",\"inLanguage\":\"sv-SE\",\"@id\":\"https:\/\/old.wildix.com\/#\/schema\/logo\/image\/\",\"url\":\"https:\/\/old.wildix.com\/wp-content\/uploads\/2018\/04\/wildix-logo-2.png\",\"contentUrl\":\"https:\/\/old.wildix.com\/wp-content\/uploads\/2018\/04\/wildix-logo-2.png\",\"width\":440,\"height\":200,\"caption\":\"Wildix\"},\"image\":{\"@id\":\"https:\/\/old.wildix.com\/#\/schema\/logo\/image\/\"}}]}<\/script>\n<!-- \/ Yoast SEO plugin. -->","yoast_head_json":{"title":"Windows TAPI & Collaboration WebAPI | Wildix CEBP","description":"Wildix CEBP: Collaboration WebAPI integrarar UC till applikationer som CRM och ERP. Windows TAPI g\u00f6r att du kan ringa fr\u00e5n Windowsappar.","robots":{"index":"noindex","follow":"follow","max-snippet":"max-snippet:-1","max-image-preview":"max-image-preview:large","max-video-preview":"max-video-preview:-1"},"og_locale":"sv_SE","og_type":"article","og_title":"Windows TAPI & Collaboration WebAPI | Wildix CEBP","og_description":"Wildix CEBP: Collaboration WebAPI integrarar UC till applikationer som CRM och ERP. Windows TAPI g\u00f6r att du kan ringa fr\u00e5n Windowsappar.","og_url":"https:\/\/old.wildix.com\/sv\/tapi-integrationer\/","og_site_name":"Wildix","article_modified_time":"2022-09-05T13:18:07+00:00","twitter_card":"summary_large_image","twitter_misc":{"Ber\u00e4knad l\u00e4stid":"5 minuter"},"schema":{"@context":"https:\/\/schema.org","@graph":[{"@type":"WebPage","@id":"https:\/\/old.wildix.com\/sv\/tapi-integrationer\/","url":"https:\/\/old.wildix.com\/sv\/tapi-integrationer\/","name":"Windows TAPI & Collaboration WebAPI | Wildix CEBP","isPartOf":{"@id":"https:\/\/old.wildix.com\/#website"},"datePublished":"2018-04-18T10:10:39+00:00","dateModified":"2022-09-05T13:18:07+00:00","description":"Wildix CEBP: Collaboration WebAPI integrarar UC till applikationer som CRM och ERP. Windows TAPI g\u00f6r att du kan ringa fr\u00e5n Windowsappar.","breadcrumb":{"@id":"https:\/\/old.wildix.com\/sv\/tapi-integrationer\/#breadcrumb"},"inLanguage":"sv-SE","potentialAction":[{"@type":"ReadAction","target":["https:\/\/old.wildix.com\/sv\/tapi-integrationer\/"]}]},{"@type":"BreadcrumbList","@id":"https:\/\/old.wildix.com\/sv\/tapi-integrationer\/#breadcrumb","itemListElement":[{"@type":"ListItem","position":1,"name":"Home","item":"https:\/\/old.wildix.com\/"},{"@type":"ListItem","position":2,"name":"TAPI-integrationer: Wildix TAPI och Web API"}]},{"@type":"WebSite","@id":"https:\/\/old.wildix.com\/#website","url":"https:\/\/old.wildix.com\/","name":"Wildix","description":"Wildix PBX | VoIP Solutions | Unified Communications | WebRTC","publisher":{"@id":"https:\/\/old.wildix.com\/#organization"},"potentialAction":[{"@type":"SearchAction","target":{"@type":"EntryPoint","urlTemplate":"https:\/\/old.wildix.com\/?s={search_term_string}"},"query-input":"required name=search_term_string"}],"inLanguage":"sv-SE"},{"@type":"Organization","@id":"https:\/\/old.wildix.com\/#organization","name":"Wildix","url":"https:\/\/old.wildix.com\/","logo":{"@type":"ImageObject","inLanguage":"sv-SE","@id":"https:\/\/old.wildix.com\/#\/schema\/logo\/image\/","url":"https:\/\/old.wildix.com\/wp-content\/uploads\/2018\/04\/wildix-logo-2.png","contentUrl":"https:\/\/old.wildix.com\/wp-content\/uploads\/2018\/04\/wildix-logo-2.png","width":440,"height":200,"caption":"Wildix"},"image":{"@id":"https:\/\/old.wildix.com\/#\/schema\/logo\/image\/"}}]}},"_links":{"self":[{"href":"https:\/\/old.wildix.com\/sv\/wp-json\/wp\/v2\/pages\/7839880"}],"collection":[{"href":"https:\/\/old.wildix.com\/sv\/wp-json\/wp\/v2\/pages"}],"about":[{"href":"https:\/\/old.wildix.com\/sv\/wp-json\/wp\/v2\/types\/page"}],"author":[{"embeddable":true,"href":"https:\/\/old.wildix.com\/sv\/wp-json\/wp\/v2\/users\/6"}],"replies":[{"embeddable":true,"href":"https:\/\/old.wildix.com\/sv\/wp-json\/wp\/v2\/comments?post=7839880"}],"version-history":[{"count":0,"href":"https:\/\/old.wildix.com\/sv\/wp-json\/wp\/v2\/pages\/7839880\/revisions"}],"wp:attachment":[{"href":"https:\/\/old.wildix.com\/sv\/wp-json\/wp\/v2\/media?parent=7839880"}],"curies":[{"name":"wp","href":"https:\/\/api.w.org\/{rel}","templated":true}]}}