{"id":7839927,"date":"2018-04-18T12:43:31","date_gmt":"2018-04-18T12:43:31","guid":{"rendered":"https:\/\/old2.wildix.com\/?page_id=7839927"},"modified":"2022-09-06T13:17:08","modified_gmt":"2022-09-06T13:17:08","slug":"media-gateways-sip-pa","status":"publish","type":"page","link":"https:\/\/old.wildix.com\/sv\/media-gateways-sip-pa\/","title":{"rendered":"Media Gateways | SIP PA"},"content":{"rendered":"<section class=\"wpb-content-wrapper\">[mk_page_section bg_color=&#8221;#003366&#8243; video_color_mask=&#8221;#003366&#8243; video_opacity=&#8221;0.9&#8243; min_height=&#8221;250&#8243; full_width=&#8221;true&#8221; padding_top=&#8221;0&#8243; padding_bottom=&#8221;0&#8243; sidebar=&#8221;sidebar-1&#8243; first_page=&#8221;false&#8221; last_page=&#8221;false&#8221;][vc_column][mk_padding_divider size=&#8221;120&#8243; visibility=&#8221;hidden-sm&#8221;][mk_padding_divider size=&#8221;70&#8243; visibility=&#8221;visible-sm&#8221;][mk_fancy_title tag_name=&#8221;h1&#8243; color=&#8221;#ffffff&#8221; size=&#8221;70&#8243; force_font_size=&#8221;true&#8221; size_smallscreen=&#8221;60&#8243; size_tablet=&#8221;50&#8243; size_phone=&#8221;40&#8243; font_weight=&#8221;300&#8243; font_style=&#8221;normal&#8221; txt_transform=&#8221;none&#8221; margin_bottom=&#8221;0&#8243; font_family=&#8221;none&#8221; align=&#8221;center&#8221;]Media Gateways och SIP W-PA[\/mk_fancy_title][mk_padding_divider size=&#8221;30&#8243;][\/vc_column][\/mk_page_section][vc_row][vc_column][mk_padding_divider size=&#8221;50&#8243;][\/vc_column][\/vc_row][vc_row][vc_column][vc_column_text css=&#8221;.vc_custom_1648555545301{margin-bottom: 0px !important;}&#8221;]Wildix erbjuder ett komplett utbud av media gateways <strong>(FXO, FXS, GSM \u2013 LTE<\/strong>), vilket erbjuder flexibilitet och skalbarhet i arkitekturen hos f\u00f6retagets kommunikationssystem.[\/vc_column_text][vc_empty_space height=&#8221;15px&#8221;][vc_column_text css=&#8221;.vc_custom_1566860812198{margin-bottom: 0px !important;}&#8221;]<strong>W-PA \u00e4r en Public Announcer-<\/strong> och en SIP Paging-gateway, fullt integrerad i Wildix Unified Communication System.[\/vc_column_text][vc_empty_space][\/vc_column][\/vc_row][vc_row disable_element=&#8221;yes&#8221;][vc_column width=&#8221;1\/3&#8243;][mk_content_box heading=&#8221;Media Gateway BRI&#8221;][vc_column_text css=&#8221;.vc_custom_1620392345068{margin-bottom: 0px !important;}&#8221;]\n<p style=\"text-align: center;\"><strong>Media Gateway 4 BRI-portar<\/strong><\/p>\n[\/vc_column_text][mk_image src=&#8221;https:\/\/old.wildix.com\/wp-content\/uploads\/2020\/08\/w04bri.jpg&#8221; image_size=&#8221;full&#8221; lightbox=&#8221;true&#8221; align=&#8221;center&#8221;][vc_empty_space height=&#8221;25px&#8221;][vc_tta_accordion style=&#8221;modern&#8221; shape=&#8221;square&#8221; c_icon=&#8221;&#8221; active_section=&#8221;&#8221; no_fill=&#8221;true&#8221; collapsible_all=&#8221;true&#8221;][vc_tta_section i_icon_fontawesome=&#8221;fa fa-search-plus&#8221; add_icon=&#8221;true&#8221; title=&#8221;Egenskaper&#8221; tab_id=&#8221;1648555550291-4eadf5fc-75b8&#8243;][mk_custom_list icon_color=&#8221;#dd9933&#8243;]<strong>W04BRI:<\/strong>4 ISDN BRI-portar\/utan PoE &#8211; 8 r\u00f6stkanaler[\/mk_custom_list][\/vc_tta_section][\/vc_tta_accordion][\/mk_content_box][vc_empty_space height=&#8221;60px&#8221;][\/vc_column][vc_column width=&#8221;1\/3&#8243;][mk_content_box heading=&#8221;Media Gateway PRI&#8221;][vc_column_text css=&#8221;.vc_custom_1620392369851{margin-bottom: 0px !important;}&#8221;]\n<p style=\"text-align: center;\"><strong>Media Gateway 2 PRI-portar<\/strong><\/p>\n[\/vc_column_text][mk_image src=&#8221;https:\/\/old.wildix.com\/wp-content\/uploads\/2021\/05\/wildix-w02pri.jpg&#8221; image_size=&#8221;full&#8221; lightbox=&#8221;true&#8221; align=&#8221;center&#8221;][vc_tta_accordion style=&#8221;modern&#8221; shape=&#8221;square&#8221; c_icon=&#8221;&#8221; active_section=&#8221;&#8221; no_fill=&#8221;true&#8221; collapsible_all=&#8221;true&#8221;][vc_tta_section i_icon_fontawesome=&#8221;fa fa-search-plus&#8221; add_icon=&#8221;true&#8221; title=&#8221;Egenskaper&#8221; tab_id=&#8221;1648555550502-19c2e90a-af96&#8243;][mk_custom_list icon_color=&#8221;#dd9933&#8243;]<strong>W02PRI<\/strong>:<br \/>\n2 ISDN PRI-portar\/PoE \u2013 60 r\u00f6stkanaler[\/mk_custom_list][\/vc_tta_section][\/vc_tta_accordion][\/mk_content_box][vc_empty_space height=&#8221;60px&#8221;][\/vc_column][vc_column width=&#8221;1\/3&#8243;][mk_content_box heading=&#8221;Media Gateways FXS&#8221;][vc_column_text css=&#8221;.vc_custom_1566860909850{margin-bottom: 0px !important;}&#8221;]\n<p style=\"text-align: center;\"><strong>Media Gateways 2 \u2013 4 \u2013 24 FXS-portar<\/strong><\/p>\n[\/vc_column_text][mk_image src=&#8221;https:\/\/old.wildix.com\/wp-content\/uploads\/2019\/10\/3-media-gateway-fxs.jpg&#8221; image_size=&#8221;full&#8221; lightbox=&#8221;true&#8221; align=&#8221;center&#8221;][vc_tta_accordion style=&#8221;modern&#8221; shape=&#8221;square&#8221; c_icon=&#8221;&#8221; active_section=&#8221;&#8221; no_fill=&#8221;true&#8221; collapsible_all=&#8221;true&#8221;][vc_tta_section i_icon_fontawesome=&#8221;fa fa-search-plus&#8221; add_icon=&#8221;true&#8221; title=&#8221;Egenskaper&#8221; tab_id=&#8221;1648555550716-d5ae797a-a516&#8243;][mk_custom_list icon_color=&#8221;#dd9933&#8243;]\n<ul>\n<li><strong>W02FXS<\/strong>:<br \/>\n2 RJ11 connectors \/ PoE \u2013 2 r\u00f6stkanaler<\/li>\n<li><strong>W04FXS<\/strong>:<br \/>\n4 RJ11 connectors \/ PoE \u2013 4 r\u00f6stkanaler<\/li>\n<li><strong>W24FXS<\/strong>:<br \/>\n24 RJ11 + 1 RJ21 connectors \/ 24 r\u00f6stkanaler<\/li>\n<\/ul>\n[\/mk_custom_list][\/vc_tta_section][\/vc_tta_accordion][\/mk_content_box][vc_empty_space height=&#8221;60px&#8221;][\/vc_column][\/vc_row][vc_row][vc_column width=&#8221;1\/3&#8243;][mk_content_box heading=&#8221;Media Gateways FXS&#8221;][vc_column_text css=&#8221;.vc_custom_1566860909850{margin-bottom: 0px !important;}&#8221;]\n<p style=\"text-align: center;\"><strong>Media Gateways 2 \u2013 4 \u2013 24 FXS-portar<\/strong><\/p>\n[\/vc_column_text][mk_image src=&#8221;https:\/\/old.wildix.com\/wp-content\/uploads\/2019\/10\/3-media-gateway-fxs.jpg&#8221; image_size=&#8221;full&#8221; lightbox=&#8221;true&#8221; align=&#8221;center&#8221;][vc_tta_accordion style=&#8221;modern&#8221; shape=&#8221;square&#8221; c_icon=&#8221;&#8221; active_section=&#8221;&#8221; no_fill=&#8221;true&#8221; collapsible_all=&#8221;true&#8221;][vc_tta_section i_icon_fontawesome=&#8221;fa fa-search-plus&#8221; add_icon=&#8221;true&#8221; title=&#8221;Egenskaper&#8221; tab_id=&#8221;1562576892405-94e6567c-d4e8&#8243;][mk_custom_list icon_color=&#8221;#dd9933&#8243;]\n<ul>\n<li><strong>W02FXS<\/strong>:<br \/>\n2 RJ11 connectors \/ PoE \u2013 2 r\u00f6stkanaler<\/li>\n<li><strong>W04FXS<\/strong>:<br \/>\n4 RJ11 connectors \/ PoE \u2013 4 r\u00f6stkanaler<\/li>\n<li><strong>W24FXS<\/strong>:<br \/>\n24 RJ11 + 1 RJ21 connectors \/ 24 r\u00f6stkanaler<\/li>\n<\/ul>\n[\/mk_custom_list][\/vc_tta_section][\/vc_tta_accordion][\/mk_content_box][vc_empty_space height=&#8221;60px&#8221;][\/vc_column][vc_column width=&#8221;1\/3&#8243;][mk_content_box heading=&#8221;Media Gateways FXO&#8221;][vc_column_text css=&#8221;.vc_custom_1566860967158{margin-bottom: 0px !important;}&#8221;]\n<p style=\"text-align: center;\"><strong>Media Gateways 4 FXO-portar<\/strong><\/p>\n[\/vc_column_text][mk_image src=&#8221;https:\/\/old.wildix.com\/wp-content\/uploads\/2020\/10\/w04fxo.jpg&#8221; image_size=&#8221;full&#8221; lightbox=&#8221;true&#8221; align=&#8221;center&#8221;][vc_tta_accordion style=&#8221;modern&#8221; shape=&#8221;square&#8221; c_icon=&#8221;&#8221; active_section=&#8221;&#8221; no_fill=&#8221;true&#8221; collapsible_all=&#8221;true&#8221;][vc_tta_section i_icon_fontawesome=&#8221;fa fa-search-plus&#8221; add_icon=&#8221;true&#8221; title=&#8221;Egenskaper&#8221; tab_id=&#8221;1562577335926-4d69fc5e-2bd4&#8243;][mk_custom_list icon_color=&#8221;#dd9933&#8243;]\n<ul>\n<li><strong>W04FXO<\/strong>:<br \/>\n4 RJ11 connectors \/ PoE \u2013 4 r\u00f6stkanaler<\/li>\n<\/ul>\n[\/mk_custom_list][\/vc_tta_section][\/vc_tta_accordion][\/mk_content_box][vc_empty_space height=&#8221;60px&#8221;][\/vc_column][vc_column width=&#8221;1\/3&#8243;][mk_content_box heading=&#8221;Media Gateways GSM &#8211; LTE&#8221;][vc_column_text css=&#8221;.vc_custom_1524058530120{margin-bottom: 0px !important;}&#8221;]\n<p style=\"text-align: center;\"><strong>Media Gateway\u00a01\u00a0SIM\u00a0GSM<\/strong><\/p>\n[\/vc_column_text][mk_image src=&#8221;https:\/\/old.wildix.com\/wp-content\/uploads\/2019\/02\/daysaver-front-3.jpg&#8221; image_size=&#8221;full&#8221; lightbox=&#8221;true&#8221; align=&#8221;center&#8221;][vc_tta_accordion style=&#8221;modern&#8221; shape=&#8221;square&#8221; c_icon=&#8221;&#8221; active_section=&#8221;&#8221; no_fill=&#8221;true&#8221; collapsible_all=&#8221;true&#8221;][vc_tta_section i_icon_fontawesome=&#8221;fa fa-search-plus&#8221; add_icon=&#8221;true&#8221; title=&#8221;Egenskaper&#8221; tab_id=&#8221;1562577345496-d68cea72-7714&#8243;][mk_custom_list icon_color=&#8221;#dd9933&#8243;]\n<ul>\n<li><strong>DaySaver<\/strong>:<br \/>\n1 GSM SIM-slot \/ PoE-st\u00f6d<br \/>\nTv\u00e5 antenner &#8211; 3G \/ 4G \/ LTE<br \/>\nSMS-st\u00f6d<br \/>\nWAN \/ LAN-port<\/li>\n<\/ul>\n[\/mk_custom_list][\/vc_tta_section][\/vc_tta_accordion][\/mk_content_box][vc_empty_space height=&#8221;60px&#8221;][\/vc_column][\/vc_row][vc_row][vc_column width=&#8221;1\/3&#8243;][mk_content_box heading=&#8221;SIP W-PA&#8221;][vc_column_text css=&#8221;.vc_custom_1524058605704{margin-bottom: 0px !important;}&#8221;]\n<p style=\"text-align: center;\"><strong>SIP W-PA<\/strong><\/p>\n[\/vc_column_text][mk_image src=&#8221;https:\/\/old.wildix.com\/wp-content\/uploads\/2018\/04\/sip-w-pa-dark-blue-2.jpg&#8221; image_size=&#8221;full&#8221; lightbox=&#8221;true&#8221; align=&#8221;center&#8221;][vc_tta_accordion style=&#8221;modern&#8221; shape=&#8221;square&#8221; c_icon=&#8221;&#8221; active_section=&#8221;&#8221; no_fill=&#8221;true&#8221; collapsible_all=&#8221;true&#8221;][vc_tta_section i_icon_fontawesome=&#8221;fa fa-search-plus&#8221; add_icon=&#8221;true&#8221; title=&#8221;Egenskaper&#8221; tab_id=&#8221;1562577323046-9a709658-8dc0&#8243;][mk_custom_list icon_color=&#8221;#dd9933&#8243;]\n<ul>\n<li><strong>SIP W-PA<\/strong>:PoE; 10W ljudutg\u00e5ng; Multicast &amp; Intracom broadcast; st\u00f6d f\u00f6r ringklocka eller rel\u00e4switch<\/li>\n<\/ul>\n[\/mk_custom_list][\/vc_tta_section][\/vc_tta_accordion][\/mk_content_box][vc_empty_space height=&#8221;60px&#8221;][\/vc_column][vc_column width=&#8221;1\/3&#8243;][vc_empty_space height=&#8221;60px&#8221;][\/vc_column][vc_column width=&#8221;1\/3&#8243;][vc_empty_space height=&#8221;60px&#8221;][\/vc_column][\/vc_row][vc_row][vc_column width=&#8221;1\/2&#8243;][vc_column_text css=&#8221;.vc_custom_1567024390492{margin-bottom: 0px !important;}&#8221;]Med Wildix Media Gateways kan du <strong>ansluta telefonlinjer till VoIP-tj\u00e4nster och analoga telefoner till din Wildix PBX<\/strong>. Wildix-systemet \u00e4r flexibelt och skalbart, och kan enkelt byggas ut genom att helt enkelt i farten l\u00e4gga till en ny modul till n\u00e4tverket, utan att ta paus i arbetet.[\/vc_column_text][vc_column_text css=&#8221;.vc_custom_1648555590167{margin-bottom: 0px !important;}&#8221;]<strong>Wildix FXO Media Gateways<\/strong> g\u00f6r det m\u00f6jligt f\u00f6r dig att ansluta ISDN och analoga linjer till Wildix PBX.[\/vc_column_text][vc_column_text css=&#8221;.vc_custom_1648556633739{margin-bottom: 0px !important;}&#8221;]<strong>Wildix FXS Media Gateway<\/strong> ansluter analoga telefoner och faxar till Wildix\u00a0PBX.[\/vc_column_text][vc_column_text css=&#8221;.vc_custom_1566861315017{margin-bottom: 0px !important;}&#8221;]<strong>DaySaver<\/strong> \u00e4r en <strong>LTE-gateway<\/strong>. Den har tv\u00e5 antenner, en f\u00f6r dataanslutningar och en f\u00f6r samtal och SMS. Den kan anv\u00e4ndas som <strong>backup f\u00f6r Cloud PBX<\/strong>, som backup f\u00f6r den tr\u00e5dbundna internetanslutningen, och till och med som<strong> internetanslutning f\u00f6r sm\u00e5 kontor<\/strong> eller vid event. Om internet slocknar byter DaySaver till LTE och anv\u00e4nder mobildata. DaySaver har ocks\u00e5 st\u00f6d f\u00f6r inkommande och utg\u00e5ende SMS.[\/vc_column_text][\/vc_column][vc_column width=&#8221;1\/2&#8243;][vc_column_text css=&#8221;.vc_custom_1566861503694{margin-bottom: 0px !important;}&#8221;]\n<p style=\"text-align: left;\"><span style=\"color: #48afdb;\"><strong><b>Public Announcern \u00e4r fullt integererad i det samordnade kommunikationssystemet.<\/b> Helt enkelt kraftfull!<\/strong><\/span><\/p>\n<p><strong>W-PA \u00e4r en SIP Public Announcer<\/strong> som anv\u00e4nds f\u00f6r att s\u00e4nda n\u00f6dmeddelanden och kommunicera i stora milj\u00f6er, s\u00e5 som k\u00f6pcenter, stormarknader, flygplatser och sjukhus.[\/vc_column_text][vc_column_text css=&#8221;.vc_custom_1567441523914{margin-bottom: 0px !important;}&#8221;]Public Announcer \u00e4r 100 % integrerad i Wildix Communication System, vilket garanterar en extraordin\u00e4r kontinuitet i tj\u00e4nsten och reducerar risken att enheten kopplas fr\u00e5n till noll.[\/vc_column_text][vc_column_text css=&#8221;.vc_custom_1566960731294{margin-bottom: 0px !important;}&#8221;]Wildix media-gateways och W-PA \u00e4r enkla att ansluta till Wildix PBX och att uppdatera via WMS-gr\u00e4nssnittet.[\/vc_column_text][vc_column_text css=&#8221;.vc_custom_1572436469597{margin-bottom: 0px !important;}&#8221;]W-PA framg\u00e5ngsrikt installerad p\u00e5 en tandl\u00e4karmottagning<strong>. L\u00e4s <a title=\"W-PA Use Case\" href=\"\/sv\/w-pa-use-case\/\" target=\"_blank\" rel=\"noopener noreferrer\">anv\u00e4ndarexemplet<\/a><\/strong>.[\/vc_column_text][\/vc_column][\/vc_row][vc_row css=&#8221;.vc_custom_1559053498750{margin-top: 0px !important;border-top-width: 0px !important;padding-top: 0px !important;}&#8221;][vc_column][mk_padding_divider size=&#8221;60&#8243;][mk_divider style=&#8221;thin_solid&#8221; thin_color_style=&#8221;gradient_color&#8221; thin_grandient_color_from=&#8221;#3edbd9&#8243; thin_grandient_color_to=&#8221;#5841b8&#8243; thin_gradient_color_angle=&#8221;horizontal&#8221; thin_grandient_color_fallback=&#8221;#3edbd9&#8243; thickness=&#8221;5&#8243; margin_top=&#8221;0&#8243;][\/vc_column][\/vc_row][vc_row css=&#8221;.vc_custom_1559053745406{background-color: #ffffff !important;}&#8221;][vc_column width=&#8221;1\/2&#8243;][mk_padding_divider size=&#8221;20&#8243;][mk_button dimension=&#8221;flat&#8221; corner_style=&#8221;rounded&#8221; size=&#8221;medium&#8221; icon=&#8221;mk-jupiter-icon-doc&#8221; icon_anim=&#8221;side&#8221; url=&#8221;https:\/\/wildix.atlassian.net\/wiki\/x\/QwrOAQ&#8221; target=&#8221;_blank&#8221; fullwidth=&#8221;true&#8221; bg_color=&#8221;#3c72a2&#8243; btn_hover_txt_color=&#8221;#ffffff&#8221;]Dokumentation[\/mk_button][\/vc_column][vc_column width=&#8221;1\/2&#8243;][mk_padding_divider size=&#8221;20&#8243;][mk_button dimension=&#8221;flat&#8221; corner_style=&#8221;rounded&#8221; size=&#8221;medium&#8221; icon=&#8221;mk-icon-lightbulb-o&#8221; icon_anim=&#8221;side&#8221; url=&#8221;\/sv\/w-pa-use-case\/&#8221; target=&#8221;_blank&#8221; fullwidth=&#8221;true&#8221; bg_color=&#8221;#3c72a2&#8243; btn_hover_txt_color=&#8221;#ffffff&#8221;]W-PA anv\u00e4ndarexempel[\/mk_button][\/vc_column][\/vc_row][vc_row fullwidth=&#8221;true&#8221; fullwidth_content=&#8221;false&#8221; css=&#8221;.vc_custom_1523959005446{background-color: #f2f2f2 !important;}&#8221;][vc_column][mk_padding_divider size=&#8221;80&#8243;][vc_column_text css=&#8221;.vc_custom_1567024104686{margin-bottom: 0px !important;}&#8221;]\n<h3 style=\"text-align: center;\">Galleri Media Gateways<\/h3>\n[\/vc_column_text][mk_padding_divider size=&#8221;50&#8243;][mk_gallery images=&#8221;7818442,6889,7832679,7842232,7853272,7860696&#8243; column=&#8221;4&#8243; height=&#8221;200&#8243; item_spacing=&#8221;15&#8243; orderby=&#8221;rand&#8221;][mk_padding_divider size=&#8221;50&#8243;][\/vc_column][\/vc_row][vc_row fullwidth=&#8221;true&#8221; fullwidth_content=&#8221;false&#8221; css=&#8221;.vc_custom_1563980243307{background-color: #003366 !important;}&#8221;][vc_column][mk_padding_divider][vc_row_inner][vc_column_inner width=&#8221;1\/2&#8243;][mk_button dimension=&#8221;flat&#8221; corner_style=&#8221;rounded&#8221; size=&#8221;large&#8221; icon=&#8221;mk-moon-arrow-left&#8221; icon_anim=&#8221;side&#8221; url=&#8221;\/sv\/w-air-tradlos-telefon\/&#8221; align=&#8221;right&#8221; button_custom_width=&#8221;200&#8243; bg_color=&#8221;#dd9933&#8243; btn_hover_txt_color=&#8221;#ffffff&#8221;]F\u00f6reg\u00e5ende[\/mk_button][\/vc_column_inner][vc_column_inner width=&#8221;1\/2&#8243;][mk_button dimension=&#8221;flat&#8221; corner_style=&#8221;rounded&#8221; size=&#8221;large&#8221; icon=&#8221;mk-moon-arrow-right-2&#8243; icon_anim=&#8221;side&#8221; url=&#8221;\/sv\/switchar-extenders-poe\/&#8221; button_custom_width=&#8221;200&#8243; bg_color=&#8221;#dd9933&#8243; btn_hover_txt_color=&#8221;#ffffff&#8221;]N\u00e4sta[\/mk_button][\/vc_column_inner][\/vc_row_inner][mk_padding_divider size=&#8221;20&#8243;][\/vc_column][\/vc_row]\n<\/section>","protected":false},"excerpt":{"rendered":"<p>[mk_page_section bg_color=&#8221;#003366&#8243; video_color_mask=&#8221;#003366&#8243; video_opacity=&#8221;0.9&#8243; min_height=&#8221;250&#8243; full_width=&#8221;true&#8221; padding_top=&#8221;0&#8243; padding_bottom=&#8221;0&#8243; sidebar=&#8221;sidebar-1&#8243; first_page=&#8221;false&#8221; last_page=&#8221;false&#8221;][vc_column][mk_padding_divider size=&#8221;120&#8243; visibility=&#8221;hidden-sm&#8221;][mk_padding_divider size=&#8221;70&#8243; visibility=&#8221;visible-sm&#8221;][mk_fancy_title tag_name=&#8221;h1&#8243; color=&#8221;#ffffff&#8221; size=&#8221;70&#8243; force_font_size=&#8221;true&#8221; size_smallscreen=&#8221;60&#8243; size_tablet=&#8221;50&#8243; size_phone=&#8221;40&#8243; font_weight=&#8221;300&#8243; font_style=&#8221;normal&#8221; txt_transform=&#8221;none&#8221; margin_bottom=&#8221;0&#8243; font_family=&#8221;none&#8221; align=&#8221;center&#8221;]Media Gateways och SIP W-PA[\/mk_fancy_title][mk_padding_divider size=&#8221;30&#8243;][\/vc_column][\/mk_page_section][vc_row][vc_column][mk_padding_divider size=&#8221;50&#8243;][\/vc_column][\/vc_row][vc_row][vc_column][vc_column_text css=&#8221;.vc_custom_1648555545301{margin-bottom: 0px !important;}&#8221;]Wildix erbjuder ett komplett utbud av media gateways (FXO, FXS, GSM \u2013 LTE), vilket erbjuder flexibilitet och skalbarhet i [&hellip;]<\/p>\n","protected":false},"author":6,"featured_media":0,"parent":0,"menu_order":0,"comment_status":"closed","ping_status":"closed","template":"","meta":{"wpupg_custom_link":[],"wpupg_custom_link_behaviour":["default"],"wpupg_custom_image":[],"wpupg_custom_image_id":[],"footnotes":""},"acf":[],"yoast_head":"<!-- This site is optimized with the Yoast SEO plugin v21.8 - https:\/\/yoast.com\/wordpress\/plugins\/seo\/ -->\n<title>Media Gateways<\/title>\n<meta name=\"description\" content=\"Wildix erbjuder ett komplett utbud av media-gateways (PRI, BRI, FXO, FXS, GSM \u2013 LTE), vilket erbjuder flexibilitet och skalbarhet i arkitekturen hos f\u00f6retagets kommunikationssystem.\" \/>\n<meta name=\"robots\" content=\"noindex, follow, max-snippet:-1, max-image-preview:large, max-video-preview:-1\" \/>\n<meta property=\"og:locale\" content=\"sv_SE\" \/>\n<meta property=\"og:type\" content=\"article\" \/>\n<meta property=\"og:title\" content=\"Media Gateways\" \/>\n<meta property=\"og:description\" content=\"Wildix erbjuder ett komplett utbud av media-gateways (PRI, BRI, FXO, FXS, GSM \u2013 LTE), vilket erbjuder flexibilitet och skalbarhet i arkitekturen hos f\u00f6retagets kommunikationssystem.\" \/>\n<meta property=\"og:url\" content=\"https:\/\/old.wildix.com\/sv\/media-gateways-sip-pa\/\" \/>\n<meta property=\"og:site_name\" content=\"Wildix\" \/>\n<meta property=\"article:modified_time\" content=\"2022-09-06T13:17:08+00:00\" \/>\n<meta name=\"twitter:card\" content=\"summary_large_image\" \/>\n<meta name=\"twitter:label1\" content=\"Ber\u00e4knad l\u00e4stid\" \/>\n\t<meta name=\"twitter:data1\" content=\"4 minuter\" \/>\n<script type=\"application\/ld+json\" class=\"yoast-schema-graph\">{\"@context\":\"https:\/\/schema.org\",\"@graph\":[{\"@type\":\"WebPage\",\"@id\":\"https:\/\/old.wildix.com\/sv\/media-gateways-sip-pa\/\",\"url\":\"https:\/\/old.wildix.com\/sv\/media-gateways-sip-pa\/\",\"name\":\"Media Gateways\",\"isPartOf\":{\"@id\":\"https:\/\/old.wildix.com\/#website\"},\"datePublished\":\"2018-04-18T12:43:31+00:00\",\"dateModified\":\"2022-09-06T13:17:08+00:00\",\"description\":\"Wildix erbjuder ett komplett utbud av media-gateways (PRI, BRI, FXO, FXS, GSM \u2013 LTE), vilket erbjuder flexibilitet och skalbarhet i arkitekturen hos f\u00f6retagets kommunikationssystem.\",\"breadcrumb\":{\"@id\":\"https:\/\/old.wildix.com\/sv\/media-gateways-sip-pa\/#breadcrumb\"},\"inLanguage\":\"sv-SE\",\"potentialAction\":[{\"@type\":\"ReadAction\",\"target\":[\"https:\/\/old.wildix.com\/sv\/media-gateways-sip-pa\/\"]}]},{\"@type\":\"BreadcrumbList\",\"@id\":\"https:\/\/old.wildix.com\/sv\/media-gateways-sip-pa\/#breadcrumb\",\"itemListElement\":[{\"@type\":\"ListItem\",\"position\":1,\"name\":\"Home\",\"item\":\"https:\/\/old.wildix.com\/\"},{\"@type\":\"ListItem\",\"position\":2,\"name\":\"Media Gateways | SIP PA\"}]},{\"@type\":\"WebSite\",\"@id\":\"https:\/\/old.wildix.com\/#website\",\"url\":\"https:\/\/old.wildix.com\/\",\"name\":\"Wildix\",\"description\":\"Wildix PBX | VoIP Solutions | Unified Communications | WebRTC\",\"publisher\":{\"@id\":\"https:\/\/old.wildix.com\/#organization\"},\"potentialAction\":[{\"@type\":\"SearchAction\",\"target\":{\"@type\":\"EntryPoint\",\"urlTemplate\":\"https:\/\/old.wildix.com\/?s={search_term_string}\"},\"query-input\":\"required name=search_term_string\"}],\"inLanguage\":\"sv-SE\"},{\"@type\":\"Organization\",\"@id\":\"https:\/\/old.wildix.com\/#organization\",\"name\":\"Wildix\",\"url\":\"https:\/\/old.wildix.com\/\",\"logo\":{\"@type\":\"ImageObject\",\"inLanguage\":\"sv-SE\",\"@id\":\"https:\/\/old.wildix.com\/#\/schema\/logo\/image\/\",\"url\":\"https:\/\/old.wildix.com\/wp-content\/uploads\/2018\/04\/wildix-logo-2.png\",\"contentUrl\":\"https:\/\/old.wildix.com\/wp-content\/uploads\/2018\/04\/wildix-logo-2.png\",\"width\":440,\"height\":200,\"caption\":\"Wildix\"},\"image\":{\"@id\":\"https:\/\/old.wildix.com\/#\/schema\/logo\/image\/\"}}]}<\/script>\n<!-- \/ Yoast SEO plugin. -->","yoast_head_json":{"title":"Media Gateways","description":"Wildix erbjuder ett komplett utbud av media-gateways (PRI, BRI, FXO, FXS, GSM \u2013 LTE), vilket erbjuder flexibilitet och skalbarhet i arkitekturen hos f\u00f6retagets kommunikationssystem.","robots":{"index":"noindex","follow":"follow","max-snippet":"max-snippet:-1","max-image-preview":"max-image-preview:large","max-video-preview":"max-video-preview:-1"},"og_locale":"sv_SE","og_type":"article","og_title":"Media Gateways","og_description":"Wildix erbjuder ett komplett utbud av media-gateways (PRI, BRI, FXO, FXS, GSM \u2013 LTE), vilket erbjuder flexibilitet och skalbarhet i arkitekturen hos f\u00f6retagets kommunikationssystem.","og_url":"https:\/\/old.wildix.com\/sv\/media-gateways-sip-pa\/","og_site_name":"Wildix","article_modified_time":"2022-09-06T13:17:08+00:00","twitter_card":"summary_large_image","twitter_misc":{"Ber\u00e4knad l\u00e4stid":"4 minuter"},"schema":{"@context":"https:\/\/schema.org","@graph":[{"@type":"WebPage","@id":"https:\/\/old.wildix.com\/sv\/media-gateways-sip-pa\/","url":"https:\/\/old.wildix.com\/sv\/media-gateways-sip-pa\/","name":"Media Gateways","isPartOf":{"@id":"https:\/\/old.wildix.com\/#website"},"datePublished":"2018-04-18T12:43:31+00:00","dateModified":"2022-09-06T13:17:08+00:00","description":"Wildix erbjuder ett komplett utbud av media-gateways (PRI, BRI, FXO, FXS, GSM \u2013 LTE), vilket erbjuder flexibilitet och skalbarhet i arkitekturen hos f\u00f6retagets kommunikationssystem.","breadcrumb":{"@id":"https:\/\/old.wildix.com\/sv\/media-gateways-sip-pa\/#breadcrumb"},"inLanguage":"sv-SE","potentialAction":[{"@type":"ReadAction","target":["https:\/\/old.wildix.com\/sv\/media-gateways-sip-pa\/"]}]},{"@type":"BreadcrumbList","@id":"https:\/\/old.wildix.com\/sv\/media-gateways-sip-pa\/#breadcrumb","itemListElement":[{"@type":"ListItem","position":1,"name":"Home","item":"https:\/\/old.wildix.com\/"},{"@type":"ListItem","position":2,"name":"Media Gateways | SIP PA"}]},{"@type":"WebSite","@id":"https:\/\/old.wildix.com\/#website","url":"https:\/\/old.wildix.com\/","name":"Wildix","description":"Wildix PBX | VoIP Solutions | Unified Communications | WebRTC","publisher":{"@id":"https:\/\/old.wildix.com\/#organization"},"potentialAction":[{"@type":"SearchAction","target":{"@type":"EntryPoint","urlTemplate":"https:\/\/old.wildix.com\/?s={search_term_string}"},"query-input":"required name=search_term_string"}],"inLanguage":"sv-SE"},{"@type":"Organization","@id":"https:\/\/old.wildix.com\/#organization","name":"Wildix","url":"https:\/\/old.wildix.com\/","logo":{"@type":"ImageObject","inLanguage":"sv-SE","@id":"https:\/\/old.wildix.com\/#\/schema\/logo\/image\/","url":"https:\/\/old.wildix.com\/wp-content\/uploads\/2018\/04\/wildix-logo-2.png","contentUrl":"https:\/\/old.wildix.com\/wp-content\/uploads\/2018\/04\/wildix-logo-2.png","width":440,"height":200,"caption":"Wildix"},"image":{"@id":"https:\/\/old.wildix.com\/#\/schema\/logo\/image\/"}}]}},"_links":{"self":[{"href":"https:\/\/old.wildix.com\/sv\/wp-json\/wp\/v2\/pages\/7839927"}],"collection":[{"href":"https:\/\/old.wildix.com\/sv\/wp-json\/wp\/v2\/pages"}],"about":[{"href":"https:\/\/old.wildix.com\/sv\/wp-json\/wp\/v2\/types\/page"}],"author":[{"embeddable":true,"href":"https:\/\/old.wildix.com\/sv\/wp-json\/wp\/v2\/users\/6"}],"replies":[{"embeddable":true,"href":"https:\/\/old.wildix.com\/sv\/wp-json\/wp\/v2\/comments?post=7839927"}],"version-history":[{"count":0,"href":"https:\/\/old.wildix.com\/sv\/wp-json\/wp\/v2\/pages\/7839927\/revisions"}],"wp:attachment":[{"href":"https:\/\/old.wildix.com\/sv\/wp-json\/wp\/v2\/media?parent=7839927"}],"curies":[{"name":"wp","href":"https:\/\/api.w.org\/{rel}","templated":true}]}}