{"id":7839930,"date":"2018-04-18T13:51:54","date_gmt":"2018-04-18T13:51:54","guid":{"rendered":"https:\/\/old2.wildix.com\/?page_id=7839930"},"modified":"2022-09-06T13:24:22","modified_gmt":"2022-09-06T13:24:22","slug":"switchar","status":"publish","type":"page","link":"https:\/\/old.wildix.com\/sv\/switchar\/","title":{"rendered":"Switchar"},"content":{"rendered":"<section class=\"wpb-content-wrapper\">[mk_page_section bg_color=&#8221;#003366&#8243; bg_position=&#8221;center center&#8221; bg_stretch=&#8221;true&#8221; video_color_mask=&#8221;#003366&#8243; video_opacity=&#8221;0.9&#8243; min_height=&#8221;250&#8243; full_width=&#8221;true&#8221; padding_top=&#8221;0&#8243; padding_bottom=&#8221;0&#8243; sidebar=&#8221;sidebar-1&#8243; first_page=&#8221;false&#8221; last_page=&#8221;false&#8221;][vc_column][mk_padding_divider size=&#8221;120&#8243; visibility=&#8221;hidden-sm&#8221;][mk_padding_divider size=&#8221;70&#8243; visibility=&#8221;visible-sm&#8221;][mk_fancy_title tag_name=&#8221;h1&#8243; color=&#8221;#ffffff&#8221; size=&#8221;70&#8243; force_font_size=&#8221;true&#8221; size_smallscreen=&#8221;60&#8243; size_tablet=&#8221;50&#8243; size_phone=&#8221;40&#8243; font_weight=&#8221;300&#8243; font_style=&#8221;normal&#8221; txt_transform=&#8221;none&#8221; margin_bottom=&#8221;0&#8243; font_family=&#8221;none&#8221; align=&#8221;center&#8221;]\n<p>Switchar<\/p>\n[\/mk_fancy_title][mk_padding_divider size=&#8221;30&#8243;][\/vc_column][\/mk_page_section][vc_row][vc_column][mk_padding_divider size=&#8221;50&#8243;][\/vc_column][\/vc_row][vc_row][vc_column][vc_column_text css=&#8221;.vc_custom_1605165708940{margin-bottom: 0px !important;}&#8221;]\n<p>Wildix erbjuder ett stort utbud av switchar som garanterar den <strong>b\u00e4sta prestandan hos f\u00f6retagets VoIP-n\u00e4tverk: PoE gigabitswitchar och switchar med fiberportar. <\/strong>Wildix switchar integrerar Gigabit Ethernet, 100 Mbps snabbt Ethernet och 10 Mbps Ethernet n\u00e4tverksf\u00f6rm\u00e5gor.<\/p>\n[\/vc_column_text][vc_empty_space][\/vc_column][\/vc_row][vc_row][vc_column width=&#8221;1\/3&#8243;][mk_content_box heading=&#8221;WSG05POE&#8221;][vc_column_text css=&#8221;.vc_custom_1605598608605{margin-bottom: 0px !important;}&#8221;]\n<p style=\"text-align: center;\"><strong>5-portars (4 OUT portar) Gigabit PoE Switch och Extender<\/strong><\/p>\n[\/vc_column_text][mk_image src=&#8221;https:\/\/old.wildix.com\/wp-content\/uploads\/2020\/10\/wsg05poe-2019.jpg&#8221; image_size=&#8221;full&#8221; lightbox=&#8221;true&#8221; align=&#8221;center&#8221;][vc_tta_accordion style=&#8221;modern&#8221; shape=&#8221;square&#8221; c_icon=&#8221;&#8221; active_section=&#8221;&#8221; no_fill=&#8221;true&#8221; collapsible_all=&#8221;true&#8221;][vc_tta_section i_icon_fontawesome=&#8221;fa fa-search-plus&#8221; add_icon=&#8221;true&#8221; title=&#8221;Egenskaper&#8221; tab_id=&#8221;1562578567644-11275f77-51f6&#8243;][mk_custom_list icon_color=&#8221;#dd9933&#8243;]\n<ul>\n<li>5 Gigabit PoE portar<\/li>\n<li>Maxstyrka: 70W<\/li>\n<\/ul>\n[\/mk_custom_list][\/vc_tta_section][\/vc_tta_accordion][\/mk_content_box][vc_empty_space height=&#8221;60px&#8221;][\/vc_column][vc_column width=&#8221;1\/3&#8243;][mk_content_box heading=&#8221;WSG08POE&#8221;][vc_column_text css=&#8221;.vc_custom_1566862407886{margin-bottom: 0px !important;}&#8221;]\n<p style=\"text-align: center;\"><strong>8-portars PoE Gigabit Unmanaged Switch<\/strong><\/p>\n[\/vc_column_text][mk_image src=&#8221;https:\/\/old.wildix.com\/wp-content\/uploads\/2019\/10\/wsg08poe-mockup-2019.jpg&#8221; image_size=&#8221;full&#8221; lightbox=&#8221;true&#8221; align=&#8221;center&#8221;][vc_tta_accordion style=&#8221;modern&#8221; shape=&#8221;square&#8221; c_icon=&#8221;&#8221; active_section=&#8221;&#8221; no_fill=&#8221;true&#8221; collapsible_all=&#8221;true&#8221;][vc_tta_section i_icon_fontawesome=&#8221;fa fa-search-plus&#8221; add_icon=&#8221;true&#8221; title=&#8221;Egenskaper&#8221; tab_id=&#8221;1562578579690-7eb97b2a-41c3&#8243;][mk_custom_list icon_color=&#8221;#dd9933&#8243;]\n<ul>\n<li>8 Gigabit PoE-portar<\/li>\n<li>Green Ethernet (802.3az)<\/li>\n<li>Maxstyrka: 140W<\/li>\n<li>Blixtskydd 6kV<\/li>\n<\/ul>\n[\/mk_custom_list][\/vc_tta_section][\/vc_tta_accordion][\/mk_content_box][vc_empty_space height=&#8221;60px&#8221;][\/vc_column][vc_column width=&#8221;1\/3&#8243;][mk_content_box heading=&#8221;WSG16POE&#8221;][vc_column_text css=&#8221;.vc_custom_1566862419334{margin-bottom: 0px !important;}&#8221;]\n<p style=\"text-align: center;\"><strong>16-portars Gigabit Unmanaged Switch<\/strong><\/p>\n[\/vc_column_text][mk_image src=&#8221;https:\/\/old.wildix.com\/wp-content\/uploads\/2019\/10\/wsg16poe-mockup-2019.jpg&#8221; image_size=&#8221;full&#8221; lightbox=&#8221;true&#8221; align=&#8221;center&#8221;][vc_tta_accordion style=&#8221;modern&#8221; shape=&#8221;square&#8221; c_icon=&#8221;&#8221; active_section=&#8221;&#8221; no_fill=&#8221;true&#8221; collapsible_all=&#8221;true&#8221;][vc_tta_section i_icon_fontawesome=&#8221;fa fa-search-plus&#8221; add_icon=&#8221;true&#8221; title=&#8221;Egenskaper&#8221; tab_id=&#8221;1562577180288-053d53d1-64b0&#8243;][mk_custom_list icon_color=&#8221;#dd9933&#8243;]\n<ul>\n<li>16 Gigabit PoE-portar<\/li>\n<li>Green Ethernet (802.3az)<\/li>\n<li>Maxstyrka: 260W<\/li>\n<li>Blixtskydd 6kV<\/li>\n<\/ul>\n[\/mk_custom_list][\/vc_tta_section][\/vc_tta_accordion][\/mk_content_box][vc_empty_space height=&#8221;60px&#8221;][\/vc_column][\/vc_row][vc_row][vc_column width=&#8221;1\/3&#8243;][mk_content_box heading=&#8221;WSG24POE&#8221;][vc_column_text css=&#8221;.vc_custom_1566862517437{margin-bottom: 0px !important;}&#8221;]\n<p style=\"text-align: center;\"><strong>24-portars PoE Gigabit Switch + 2 SFP portar, managed<\/strong><\/p>\n[\/vc_column_text][mk_image src=&#8221;https:\/\/old.wildix.com\/wp-content\/uploads\/2019\/10\/wsg24poe-mockup-2019.jpg&#8221; image_size=&#8221;full&#8221; lightbox=&#8221;true&#8221; align=&#8221;center&#8221;][vc_tta_accordion style=&#8221;modern&#8221; shape=&#8221;square&#8221; c_icon=&#8221;&#8221; active_section=&#8221;&#8221; no_fill=&#8221;true&#8221; collapsible_all=&#8221;true&#8221;][vc_tta_section i_icon_fontawesome=&#8221;fa fa-search-plus&#8221; add_icon=&#8221;true&#8221; title=&#8221;Egenskaper&#8221; tab_id=&#8221;1562578602816-3b449cdd-eb15&#8243;][mk_custom_list icon_color=&#8221;#dd9933&#8243;]\n<ul>\n<li>24 Gigabit PoE-portar<\/li>\n<li>2 Gigabit SFP-portar<\/li>\n<li>Green Ethernet (802.3az)<\/li>\n<li>Maxstyrka: 400W<\/li>\n<li>Blixtskydd 6kV<\/li>\n<\/ul>\n[\/mk_custom_list][\/vc_tta_section][\/vc_tta_accordion][\/mk_content_box][vc_empty_space height=&#8221;60px&#8221;][\/vc_column][vc_column width=&#8221;1\/3&#8243;][vc_empty_space height=&#8221;60px&#8221;][\/vc_column][vc_column width=&#8221;1\/3&#8243;][vc_empty_space height=&#8221;60px&#8221;][\/vc_column][\/vc_row][vc_row fullwidth=&#8221;true&#8221; fullwidth_content=&#8221;false&#8221; css=&#8221;.vc_custom_1605165566397{background-color: #f2f2f2 !important;}&#8221;][vc_column][mk_padding_divider size=&#8221;60&#8243;][\/vc_column][\/vc_row][vc_row fullwidth=&#8221;true&#8221; fullwidth_content=&#8221;false&#8221; css=&#8221;.vc_custom_1605165575297{background-color: #f2f2f2 !important;}&#8221;][vc_column width=&#8221;1\/2&#8243;][vc_column_text css=&#8221;.vc_custom_1572967753205{margin-bottom: 0px !important;}&#8221;]<strong>WSG05POE \u00e4r en Gigabit PoE-switch och PoE-extender<\/strong> med 1 IN-port och 4 OUT-portar som kan kopplas till en PoE-switch, vilket m\u00f6jligg\u00f6r att ut\u00f6ka n\u00e4tverket \u00f6ver l\u00e4ngre distanser.<\/p>\n<p><strong>WSG08POE<\/strong>, <strong>WSG16POE<\/strong> och <strong>WSG24POE<\/strong> <strong>blixtskydd 6kV n\u00e4tverksswitchar<\/strong> kommer med <strong>10\/100\/1000 Mbps autonegotiation<\/strong> Ethernet RJ-45-portar och st\u00f6d f\u00f6r support<strong> IEEE802.3az \u2013 Energy-Efficient Ethernet<\/strong> (\u201cGr\u00f6nt Ethernet\u201d).[\/vc_column_text][\/vc_column][vc_column width=&#8221;1\/2&#8243;][vc_column_text css=&#8221;.vc_custom_1625134261928{margin-bottom: 0px !important;}&#8221;]<strong>WSG24POE webbhanterad<\/strong> switch \u00e4r dessutom utrustad med 2 SFP-portar och ett konsolgr\u00e4nssnitt.<\/p>\n<p>Wildix n\u00e4tverksswitchar \u00e4r enkla att installera och anv\u00e4nda. Dynamiska LED-indikatorer hj\u00e4lper till att h\u00e5lla koll p\u00e5 switchstatus, l\u00e4nkaktivitet och status f\u00f6r varje port.[\/vc_column_text][\/vc_column][\/vc_row][vc_row fullwidth=&#8221;true&#8221; fullwidth_content=&#8221;false&#8221; css=&#8221;.vc_custom_1605165591605{background-color: #f2f2f2 !important;}&#8221;][vc_column width=&#8221;1\/3&#8243;][\/vc_column][vc_column width=&#8221;1\/3&#8243;][mk_padding_divider size=&#8221;20&#8243;][mk_button dimension=&#8221;flat&#8221; corner_style=&#8221;rounded&#8221; size=&#8221;medium&#8221; icon=&#8221;mk-jupiter-icon-doc&#8221; icon_anim=&#8221;side&#8221; url=&#8221; https:\/\/wildix.atlassian.net\/wiki\/x\/5APOAQ&#8221; target=&#8221;_blank&#8221; fullwidth=&#8221;true&#8221; bg_color=&#8221;#3c72a2&#8243; btn_hover_txt_color=&#8221;#ffffff&#8221;]Switch-dokumentation[\/mk_button][\/vc_column][vc_column width=&#8221;1\/3&#8243;][\/vc_column][\/vc_row][vc_row fullwidth=&#8221;true&#8221; fullwidth_content=&#8221;false&#8221;][vc_column][mk_padding_divider size=&#8221;80&#8243;][vc_column_text css=&#8221;.vc_custom_1567024616481{margin-bottom: 0px !important;}&#8221;]\n<h3 style=\"text-align: center;\">Galleri Mediaswitchar<\/h3>\n[\/vc_column_text][mk_padding_divider size=&#8221;50&#8243;][mk_gallery images=&#8221;6914,6912,6911,7860899&#8243; column=&#8221;4&#8243; image_size=&#8221;large&#8221; item_spacing=&#8221;15&#8243; orderby=&#8221;rand&#8221;][mk_padding_divider size=&#8221;50&#8243;][\/vc_column][\/vc_row][vc_row fullwidth=&#8221;true&#8221; fullwidth_content=&#8221;false&#8221; css=&#8221;.vc_custom_1563980243307{background-color: #003366 !important;}&#8221;][vc_column][mk_padding_divider][vc_row_inner][vc_column_inner][mk_button dimension=&#8221;flat&#8221; corner_style=&#8221;rounded&#8221; size=&#8221;large&#8221; icon=&#8221;mk-moon-arrow-left&#8221; icon_anim=&#8221;side&#8221; url=&#8221;\/sv\/media-gateways-sip-pa\/&#8221; align=&#8221;center&#8221; button_custom_width=&#8221;200&#8243; bg_color=&#8221;#dd9933&#8243; btn_hover_txt_color=&#8221;#ffffff&#8221;]F\u00f6reg\u00e5ende[\/mk_button][\/vc_column_inner][\/vc_row_inner][mk_padding_divider size=&#8221;20&#8243;][\/vc_column][\/vc_row]\n<\/section>","protected":false},"excerpt":{"rendered":"<p>[mk_page_section bg_color=&#8221;#003366&#8243; bg_position=&#8221;center center&#8221; bg_stretch=&#8221;true&#8221; video_color_mask=&#8221;#003366&#8243; video_opacity=&#8221;0.9&#8243; min_height=&#8221;250&#8243; full_width=&#8221;true&#8221; padding_top=&#8221;0&#8243; padding_bottom=&#8221;0&#8243; sidebar=&#8221;sidebar-1&#8243; first_page=&#8221;false&#8221; last_page=&#8221;false&#8221;][vc_column][mk_padding_divider size=&#8221;120&#8243; visibility=&#8221;hidden-sm&#8221;][mk_padding_divider size=&#8221;70&#8243; visibility=&#8221;visible-sm&#8221;][mk_fancy_title tag_name=&#8221;h1&#8243; color=&#8221;#ffffff&#8221; size=&#8221;70&#8243; force_font_size=&#8221;true&#8221; size_smallscreen=&#8221;60&#8243; size_tablet=&#8221;50&#8243; size_phone=&#8221;40&#8243; font_weight=&#8221;300&#8243; font_style=&#8221;normal&#8221; txt_transform=&#8221;none&#8221; margin_bottom=&#8221;0&#8243; font_family=&#8221;none&#8221; align=&#8221;center&#8221;] Switchar [\/mk_fancy_title][mk_padding_divider size=&#8221;30&#8243;][\/vc_column][\/mk_page_section][vc_row][vc_column][mk_padding_divider size=&#8221;50&#8243;][\/vc_column][\/vc_row][vc_row][vc_column][vc_column_text css=&#8221;.vc_custom_1605165708940{margin-bottom: 0px !important;}&#8221;] Wildix erbjuder ett stort utbud av switchar som garanterar den b\u00e4sta prestandan hos f\u00f6retagets VoIP-n\u00e4tverk: PoE gigabitswitchar [&hellip;]<\/p>\n","protected":false},"author":6,"featured_media":0,"parent":0,"menu_order":0,"comment_status":"closed","ping_status":"closed","template":"","meta":{"wpupg_custom_link":[],"wpupg_custom_link_behaviour":["default"],"wpupg_custom_image":[],"wpupg_custom_image_id":[],"footnotes":""},"acf":[],"yoast_head":"<!-- This site is optimized with the Yoast SEO plugin v21.8 - https:\/\/yoast.com\/wordpress\/plugins\/seo\/ -->\n<title>Wildix Switchar och VoIP-Extender<\/title>\n<meta name=\"description\" content=\"Wildix erbjuder ett stort utbud av switchar som garanterar b\u00e4sta prestanda hos f\u00f6retagets VoIP-n\u00e4tverk: PoE gigabitswitchar och switchar med fiberportar.\" \/>\n<meta name=\"robots\" content=\"noindex, follow, max-snippet:-1, max-image-preview:large, max-video-preview:-1\" \/>\n<meta property=\"og:locale\" content=\"sv_SE\" \/>\n<meta property=\"og:type\" content=\"article\" \/>\n<meta property=\"og:title\" content=\"Wildix Switchar och VoIP-Extender\" \/>\n<meta property=\"og:description\" content=\"Wildix erbjuder ett stort utbud av switchar som garanterar b\u00e4sta prestanda hos f\u00f6retagets VoIP-n\u00e4tverk: PoE gigabitswitchar och switchar med fiberportar.\" \/>\n<meta property=\"og:url\" content=\"https:\/\/old.wildix.com\/sv\/switchar\/\" \/>\n<meta property=\"og:site_name\" content=\"Wildix\" \/>\n<meta property=\"article:modified_time\" content=\"2022-09-06T13:24:22+00:00\" \/>\n<meta name=\"twitter:card\" content=\"summary_large_image\" \/>\n<meta name=\"twitter:label1\" content=\"Ber\u00e4knad l\u00e4stid\" \/>\n\t<meta name=\"twitter:data1\" content=\"2 minuter\" \/>\n<script type=\"application\/ld+json\" class=\"yoast-schema-graph\">{\"@context\":\"https:\/\/schema.org\",\"@graph\":[{\"@type\":\"WebPage\",\"@id\":\"https:\/\/old.wildix.com\/sv\/switchar\/\",\"url\":\"https:\/\/old.wildix.com\/sv\/switchar\/\",\"name\":\"Wildix Switchar och VoIP-Extender\",\"isPartOf\":{\"@id\":\"https:\/\/old.wildix.com\/#website\"},\"datePublished\":\"2018-04-18T13:51:54+00:00\",\"dateModified\":\"2022-09-06T13:24:22+00:00\",\"description\":\"Wildix erbjuder ett stort utbud av switchar som garanterar b\u00e4sta prestanda hos f\u00f6retagets VoIP-n\u00e4tverk: PoE gigabitswitchar och switchar med fiberportar.\",\"breadcrumb\":{\"@id\":\"https:\/\/old.wildix.com\/sv\/switchar\/#breadcrumb\"},\"inLanguage\":\"sv-SE\",\"potentialAction\":[{\"@type\":\"ReadAction\",\"target\":[\"https:\/\/old.wildix.com\/sv\/switchar\/\"]}]},{\"@type\":\"BreadcrumbList\",\"@id\":\"https:\/\/old.wildix.com\/sv\/switchar\/#breadcrumb\",\"itemListElement\":[{\"@type\":\"ListItem\",\"position\":1,\"name\":\"Home\",\"item\":\"https:\/\/old.wildix.com\/\"},{\"@type\":\"ListItem\",\"position\":2,\"name\":\"Switchar\"}]},{\"@type\":\"WebSite\",\"@id\":\"https:\/\/old.wildix.com\/#website\",\"url\":\"https:\/\/old.wildix.com\/\",\"name\":\"Wildix\",\"description\":\"Wildix PBX | VoIP Solutions | Unified Communications | WebRTC\",\"publisher\":{\"@id\":\"https:\/\/old.wildix.com\/#organization\"},\"potentialAction\":[{\"@type\":\"SearchAction\",\"target\":{\"@type\":\"EntryPoint\",\"urlTemplate\":\"https:\/\/old.wildix.com\/?s={search_term_string}\"},\"query-input\":\"required name=search_term_string\"}],\"inLanguage\":\"sv-SE\"},{\"@type\":\"Organization\",\"@id\":\"https:\/\/old.wildix.com\/#organization\",\"name\":\"Wildix\",\"url\":\"https:\/\/old.wildix.com\/\",\"logo\":{\"@type\":\"ImageObject\",\"inLanguage\":\"sv-SE\",\"@id\":\"https:\/\/old.wildix.com\/#\/schema\/logo\/image\/\",\"url\":\"https:\/\/old.wildix.com\/wp-content\/uploads\/2018\/04\/wildix-logo-2.png\",\"contentUrl\":\"https:\/\/old.wildix.com\/wp-content\/uploads\/2018\/04\/wildix-logo-2.png\",\"width\":440,\"height\":200,\"caption\":\"Wildix\"},\"image\":{\"@id\":\"https:\/\/old.wildix.com\/#\/schema\/logo\/image\/\"}}]}<\/script>\n<!-- \/ Yoast SEO plugin. -->","yoast_head_json":{"title":"Wildix Switchar och VoIP-Extender","description":"Wildix erbjuder ett stort utbud av switchar som garanterar b\u00e4sta prestanda hos f\u00f6retagets VoIP-n\u00e4tverk: PoE gigabitswitchar och switchar med fiberportar.","robots":{"index":"noindex","follow":"follow","max-snippet":"max-snippet:-1","max-image-preview":"max-image-preview:large","max-video-preview":"max-video-preview:-1"},"og_locale":"sv_SE","og_type":"article","og_title":"Wildix Switchar och VoIP-Extender","og_description":"Wildix erbjuder ett stort utbud av switchar som garanterar b\u00e4sta prestanda hos f\u00f6retagets VoIP-n\u00e4tverk: PoE gigabitswitchar och switchar med fiberportar.","og_url":"https:\/\/old.wildix.com\/sv\/switchar\/","og_site_name":"Wildix","article_modified_time":"2022-09-06T13:24:22+00:00","twitter_card":"summary_large_image","twitter_misc":{"Ber\u00e4knad l\u00e4stid":"2 minuter"},"schema":{"@context":"https:\/\/schema.org","@graph":[{"@type":"WebPage","@id":"https:\/\/old.wildix.com\/sv\/switchar\/","url":"https:\/\/old.wildix.com\/sv\/switchar\/","name":"Wildix Switchar och VoIP-Extender","isPartOf":{"@id":"https:\/\/old.wildix.com\/#website"},"datePublished":"2018-04-18T13:51:54+00:00","dateModified":"2022-09-06T13:24:22+00:00","description":"Wildix erbjuder ett stort utbud av switchar som garanterar b\u00e4sta prestanda hos f\u00f6retagets VoIP-n\u00e4tverk: PoE gigabitswitchar och switchar med fiberportar.","breadcrumb":{"@id":"https:\/\/old.wildix.com\/sv\/switchar\/#breadcrumb"},"inLanguage":"sv-SE","potentialAction":[{"@type":"ReadAction","target":["https:\/\/old.wildix.com\/sv\/switchar\/"]}]},{"@type":"BreadcrumbList","@id":"https:\/\/old.wildix.com\/sv\/switchar\/#breadcrumb","itemListElement":[{"@type":"ListItem","position":1,"name":"Home","item":"https:\/\/old.wildix.com\/"},{"@type":"ListItem","position":2,"name":"Switchar"}]},{"@type":"WebSite","@id":"https:\/\/old.wildix.com\/#website","url":"https:\/\/old.wildix.com\/","name":"Wildix","description":"Wildix PBX | VoIP Solutions | Unified Communications | WebRTC","publisher":{"@id":"https:\/\/old.wildix.com\/#organization"},"potentialAction":[{"@type":"SearchAction","target":{"@type":"EntryPoint","urlTemplate":"https:\/\/old.wildix.com\/?s={search_term_string}"},"query-input":"required name=search_term_string"}],"inLanguage":"sv-SE"},{"@type":"Organization","@id":"https:\/\/old.wildix.com\/#organization","name":"Wildix","url":"https:\/\/old.wildix.com\/","logo":{"@type":"ImageObject","inLanguage":"sv-SE","@id":"https:\/\/old.wildix.com\/#\/schema\/logo\/image\/","url":"https:\/\/old.wildix.com\/wp-content\/uploads\/2018\/04\/wildix-logo-2.png","contentUrl":"https:\/\/old.wildix.com\/wp-content\/uploads\/2018\/04\/wildix-logo-2.png","width":440,"height":200,"caption":"Wildix"},"image":{"@id":"https:\/\/old.wildix.com\/#\/schema\/logo\/image\/"}}]}},"_links":{"self":[{"href":"https:\/\/old.wildix.com\/sv\/wp-json\/wp\/v2\/pages\/7839930"}],"collection":[{"href":"https:\/\/old.wildix.com\/sv\/wp-json\/wp\/v2\/pages"}],"about":[{"href":"https:\/\/old.wildix.com\/sv\/wp-json\/wp\/v2\/types\/page"}],"author":[{"embeddable":true,"href":"https:\/\/old.wildix.com\/sv\/wp-json\/wp\/v2\/users\/6"}],"replies":[{"embeddable":true,"href":"https:\/\/old.wildix.com\/sv\/wp-json\/wp\/v2\/comments?post=7839930"}],"version-history":[{"count":0,"href":"https:\/\/old.wildix.com\/sv\/wp-json\/wp\/v2\/pages\/7839930\/revisions"}],"wp:attachment":[{"href":"https:\/\/old.wildix.com\/sv\/wp-json\/wp\/v2\/media?parent=7839930"}],"curies":[{"name":"wp","href":"https:\/\/api.w.org\/{rel}","templated":true}]}}