{"id":7839937,"date":"2018-06-20T11:03:59","date_gmt":"2018-06-20T11:03:59","guid":{"rendered":"https:\/\/old2.wildix.com\/?page_id=7839937"},"modified":"2022-07-26T09:36:35","modified_gmt":"2022-07-26T09:36:35","slug":"aktivera-garanti","status":"publish","type":"page","link":"https:\/\/old.wildix.com\/sv\/aktivera-garanti\/","title":{"rendered":"Aktivera garanti"},"content":{"rendered":"<section class=\"wpb-content-wrapper\">[mk_page_section bg_gradient=&#8221;left_top&#8221; video_color_mask=&#8221;#003366&#8243; gr_end=&#8221;#90f3f2&#8243; video_opacity=&#8221;0.9&#8243; min_height=&#8221;250&#8243; full_width=&#8221;true&#8221; padding_top=&#8221;0&#8243; padding_bottom=&#8221;0&#8243; sidebar=&#8221;sidebar-1&#8243; first_page=&#8221;false&#8221; last_page=&#8221;false&#8221;][vc_column][mk_padding_divider size=&#8221;120&#8243; visibility=&#8221;hidden-sm&#8221;][mk_padding_divider size=&#8221;70&#8243; visibility=&#8221;visible-sm&#8221;][mk_fancy_title color=&#8221;#ffffff&#8221; size=&#8221;70&#8243; force_font_size=&#8221;true&#8221; size_smallscreen=&#8221;60&#8243; size_tablet=&#8221;50&#8243; size_phone=&#8221;30&#8243; font_weight=&#8221;300&#8243; font_style=&#8221;normal&#8221; txt_transform=&#8221;none&#8221; margin_bottom=&#8221;0&#8243; font_family=&#8221;none&#8221; align=&#8221;center&#8221;]Wildix hanteringsportal<br \/>\nAktivera 5 \u00e5rs garanti[\/mk_fancy_title][mk_fancy_title tag_name=&#8221;span&#8221; color=&#8221;#ffffff&#8221; size=&#8221;24&#8243; force_font_size=&#8221;true&#8221; size_smallscreen=&#8221;22&#8243; size_tablet=&#8221;22&#8243; size_phone=&#8221;20&#8243; font_weight=&#8221;300&#8243; font_style=&#8221;normal&#8221; txt_transform=&#8221;none&#8221; margin_bottom=&#8221;0&#8243; font_family=&#8221;none&#8221; align=&#8221;center&#8221;][\/mk_fancy_title][mk_padding_divider size=&#8221;30&#8243;][\/vc_column][\/mk_page_section][vc_row fullwidth=&#8221;true&#8221; fullwidth_content=&#8221;false&#8221; css=&#8221;.vc_custom_1547440578224{background-image: url(https:\/\/old.wildix.com\/wp-content\/uploads\/2019\/01\/wildix-warranty-back.jpg?id=7832132) !important;background-position: center !important;background-repeat: no-repeat !important;background-size: cover !important;}&#8221;][vc_column][mk_padding_divider size=&#8221;55&#8243;][mk_button dimension=&#8221;outline&#8221; corner_style=&#8221;full_rounded&#8221; size=&#8221;x-large&#8221; icon=&#8221;mk-icon-crosshairs&#8221; url=&#8221;https:\/\/my.wildix.com\/&#8221; align=&#8221;center&#8221; outline_skin=&#8221;custom&#8221; outline_active_color=&#8221;#dd9933&#8243; outline_active_text_color=&#8221;#dd9933&#8243; outline_hover_bg_color=&#8221;#dd9933&#8243; outline_hover_color=&#8221;#ffffff&#8221;]\u00c5tkomst till Wildix-portalen f\u00f6r att l\u00e4gga order[\/mk_button][mk_padding_divider size=&#8221;35&#8243; visibility=&#8221;hidden-sm&#8221;][vc_row_inner][vc_column_inner width=&#8221;1\/2&#8243; css=&#8221;.vc_custom_1547441065907{padding-top: 5% !important;padding-right: 5% !important;padding-bottom: 5% !important;padding-left: 5% !important;border-radius: 20px !important;}&#8221;][mk_fancy_title color=&#8221;#ffffff&#8221; size=&#8221;28&#8243; force_font_size=&#8221;true&#8221; size_smallscreen=&#8221;25&#8243; size_tablet=&#8221;25&#8243; size_phone=&#8221;20&#8243; margin_top=&#8221;&#8221; margin_bottom=&#8221;10&#8243; font_family=&#8221;none&#8221; align=&#8221;center&#8221; visibility=&#8221;hidden-sm&#8221;]5 \u00e5rs garanti p\u00e5 Wildix-produkter + support 24\/7[\/mk_fancy_title][vc_column_text visibility=&#8221;hidden-sm&#8221; css=&#8221;.vc_custom_1658752818705{margin-bottom: 0px !important;}&#8221;]<img decoding=\"async\" class=\"alignleft size-full wp-image-7768634\" src=\"https:\/\/old.wildix.com\/wp-content\/uploads\/2018\/06\/wildix-5-year-warranty.png\" alt=\"Wildix 5 years Warranty\" width=\"150\" height=\"151\" \/><\/p>\n<p style=\"color: #ffffff; text-align: left;\">Wildix products purchased as CapEx before July 1, 2022, can still qualify for the 5-year warranty!<\/p>\n<p style=\"color: #ffffff; text-align: left;\">Make sure you register those CapEx products within a year to gain all the benefits of our industry-leading guarantee.<\/p>\n<hr style=\"color: #ffffff;\" \/>\n<p style=\"color: #ffffff; text-align: justify;\"><em><strong style=\"color: #ffffff;\">Observera:<\/strong> Klienter ombes att skicka in en ifylld kopia av garantiaktiveringsformul\u00e4ret samt de efterfr\u00e5gade bilagorna till: <a title=\"undefined\" href=\"mailto:warranty@wildix.com\">warranty@wildix.com<\/a><\/em><\/p>\n<p><em style=\"color: #ffffff;\">To validate the activation, we warmly recommended clients to leave a review on the Gartner Peer Insights platform. The Partner must follow these instructions to validate the activation procedure:<\/em><\/p>\n<ul>\n<li><em style=\"color: #ffffff;\">Inform the clients about the review<\/em><\/li>\n<li><em style=\"color: #ffffff;\">Share with them this <a href=\"https:\/\/www.gartner.com\/reviews\/market\/unified-communications-service\/vendor\/wildix\/product\/wildix\" target=\"_blank\" rel=\"noopener noreferrer\">link<\/a><\/em><\/li>\n<li><em style=\"color: #ffffff;\">Ask the clients to forward them the confirmation email the clients will receive after the review<\/em><\/li>\n<li><em style=\"color: #ffffff;\">Send Wildix that email to <a title=\"undefined\" href=\"mailto:marketing@wildix.com\">marketing@wildix.com<\/a><\/em><\/li>\n<\/ul>\n<hr style=\"color: #ffffff; weight: 1px;\" \/>\n<p><em style=\"color: #ffffff;\">*Endast \u00e5terkommande licenser<\/em>[\/vc_column_text][mk_padding_divider size=&#8221;20&#8243; visibility=&#8221;hidden-sm&#8221;][\/vc_column_inner][vc_column_inner width=&#8221;1\/2&#8243; css=&#8221;.vc_custom_1547440329731{border-top-width: 1px !important;border-right-width: 1px !important;border-bottom-width: 1px !important;border-left-width: 1px !important;background-color: #ffffff !important;border-left-color: #003366 !important;border-left-style: solid !important;border-right-color: #003366 !important;border-right-style: solid !important;border-top-color: #003366 !important;border-top-style: solid !important;border-bottom-color: #003366 !important;border-bottom-style: solid !important;border-radius: 10px !important;}&#8221;][mk_padding_divider size=&#8221;20&#8243;][vc_column_text align=&#8221;center&#8221; css=&#8221;.vc_custom_1567282963447{margin-bottom: 0px !important;}&#8221;]<strong style=\"color: #003366;\">V\u00e4nligen fyll i nedanst\u00e5ende f\u00e4lt<br \/>\nf\u00f6r att komma \u00e5t dokumentation<br \/>\noch\u00a0 registrera produkter:<\/strong>[\/vc_column_text][vc_raw_html]JTNDZGl2JTIwaWQlM0QlMjJvdXRlciUyMiUzRSUwQSUyMCUyMCUzQ2RpdiUyMGlkJTNEJTIyaW5uZXIlMjIlM0UlMEElM0NpZnJhbWUlMjBzcmMlM0QlMjJodHRwcyUzQSUyRiUyRmdvLndpbGRpeC5jb20lMkZsJTJGOTIwMTEzJTJGMjAyMS0xMi0yOCUyRmhoZzV6JTIyJTIwd2lkdGglM0QlMjIxMDAlMjUlMjIlMjBoZWlnaHQlM0QlMjIzNDQlMjIlMjB0eXBlJTNEJTIydGV4dCUyRmh0bWwlMjIlMjBmcmFtZWJvcmRlciUzRCUyMjAlMjIlMjBhbGxvd1RyYW5zcGFyZW5jeSUzRCUyMnRydWUlMjIlMjBzdHlsZSUzRCUyMmJvcmRlciUzQSUyMDAlMjIlM0UlM0MlMkZpZnJhbWUlM0UlMEElMjAlMjAlMjAlMjAlM0MlMkZkaXYlM0UlMEElMjAlMjAlMjAlMjAlM0MlMkZkaXYlM0U=[\/vc_raw_html][\/vc_column_inner][\/vc_row_inner][mk_padding_divider size=&#8221;20&#8243;][\/vc_column][\/vc_row][vc_row][vc_column visibility=&#8221;visible-sm&#8221;][mk_padding_divider size=&#8221;30&#8243;][mk_fancy_title size=&#8221;28&#8243; force_font_size=&#8221;true&#8221; size_smallscreen=&#8221;25&#8243; size_tablet=&#8221;25&#8243; size_phone=&#8221;20&#8243; margin_top=&#8221;20&#8243; margin_bottom=&#8221;10&#8243; font_family=&#8221;none&#8221; align=&#8221;center&#8221;]5 \u00e5rs garanti p\u00e5 Wildix-produkter + support 24\/7[\/mk_fancy_title][mk_image src=&#8221;https:\/\/old.wildix.com\/wp-content\/uploads\/2018\/06\/wildix-5-year-warranty.png&#8221; image_size=&#8221;full&#8221; align=&#8221;center&#8221;][vc_column_text css=&#8221;.vc_custom_1593158425021{margin-bottom: 0px !important;}&#8221;]\n<p style=\"text-align: justify;\">Produkter fr\u00e5n Wildix \u00e4r designade f\u00f6r att uppdateras \u00f6ver tid, s\u00e5 de kan anpassa sig till utvecklingar i IT-landskapet.<\/p>\n<p style=\"text-align: justify;\">Det \u00e4r d\u00e4rf\u00f6r som vi vill garantera att v\u00e5ra produkter och mjukvaruuppdateringar fungerar felfritt i minst 5 \u00e5r fr\u00e5n ink\u00f6psdatumet.<\/p>\n<hr \/>\n<p style=\"text-align: justify;\"><em><strong>Observera:<\/strong> Klienter ombes att skicka in en ifylld kopia av garantiaktiveringsformul\u00e4ret samt de efterfr\u00e5gade bilagorna till: <a title=\"undefined\" href=\"mailto:warranty@wildix.com\">warranty@wildix.com<\/a><\/em><\/p>\n<p><em>To validate the activation, we warmly recommended clients to leave a review on the Gartner Peer Insights platform. The Partner must follow these instructions to validate the activation procedure:<\/em><\/p>\n<ul>\n<li><em>Inform the clients about the review<\/em><\/li>\n<li><em>Share with them this <a href=\"https:\/\/www.gartner.com\/reviews\/market\/unified-communications-service\/vendor\/wildix\/product\/wildix\" target=\"_blank\" rel=\"noopener noreferrer\">link<\/a><\/em><\/li>\n<li><em>Ask the clients to forward them the confirmation email the clients will receive after the review<\/em><\/li>\n<li><em>Send Wildix that email to <a title=\"undefined\" href=\"mailto:marketing@wildix.com\">marketing@wildix.com<\/a><\/em><\/li>\n<\/ul>\n<hr style=\"weight: 1px;\" \/>\n<p><em>*Endast \u00e5terkommande licenser<\/em>[\/vc_column_text][mk_padding_divider size=&#8221;20&#8243;][\/vc_column][\/vc_row]\n<\/section>","protected":false},"excerpt":{"rendered":"<p>[mk_page_section bg_gradient=&#8221;left_top&#8221; video_color_mask=&#8221;#003366&#8243; gr_end=&#8221;#90f3f2&#8243; video_opacity=&#8221;0.9&#8243; min_height=&#8221;250&#8243; full_width=&#8221;true&#8221; padding_top=&#8221;0&#8243; padding_bottom=&#8221;0&#8243; sidebar=&#8221;sidebar-1&#8243; first_page=&#8221;false&#8221; last_page=&#8221;false&#8221;][vc_column][mk_padding_divider size=&#8221;120&#8243; visibility=&#8221;hidden-sm&#8221;][mk_padding_divider size=&#8221;70&#8243; visibility=&#8221;visible-sm&#8221;][mk_fancy_title color=&#8221;#ffffff&#8221; size=&#8221;70&#8243; force_font_size=&#8221;true&#8221; size_smallscreen=&#8221;60&#8243; size_tablet=&#8221;50&#8243; size_phone=&#8221;30&#8243; font_weight=&#8221;300&#8243; font_style=&#8221;normal&#8221; txt_transform=&#8221;none&#8221; margin_bottom=&#8221;0&#8243; font_family=&#8221;none&#8221; align=&#8221;center&#8221;]Wildix hanteringsportal Aktivera 5 \u00e5rs garanti[\/mk_fancy_title][mk_fancy_title tag_name=&#8221;span&#8221; color=&#8221;#ffffff&#8221; size=&#8221;24&#8243; force_font_size=&#8221;true&#8221; size_smallscreen=&#8221;22&#8243; size_tablet=&#8221;22&#8243; size_phone=&#8221;20&#8243; font_weight=&#8221;300&#8243; font_style=&#8221;normal&#8221; txt_transform=&#8221;none&#8221; margin_bottom=&#8221;0&#8243; font_family=&#8221;none&#8221; align=&#8221;center&#8221;][\/mk_fancy_title][mk_padding_divider size=&#8221;30&#8243;][\/vc_column][\/mk_page_section][vc_row fullwidth=&#8221;true&#8221; fullwidth_content=&#8221;false&#8221; css=&#8221;.vc_custom_1547440578224{background-image: url(https:\/\/old.wildix.com\/wp-content\/uploads\/2019\/01\/wildix-warranty-back.jpg?id=7832132) !important;background-position: center !important;background-repeat: no-repeat [&hellip;]<\/p>\n","protected":false},"author":6,"featured_media":0,"parent":0,"menu_order":0,"comment_status":"closed","ping_status":"closed","template":"","meta":{"wpupg_custom_link":[],"wpupg_custom_link_behaviour":["default"],"wpupg_custom_image":[],"wpupg_custom_image_id":[],"footnotes":""},"acf":[],"yoast_head":"<!-- This site is optimized with the Yoast SEO plugin v21.8 - https:\/\/yoast.com\/wordpress\/plugins\/seo\/ -->\n<title>Wildix hanteringsportal - Aktivera 5 \u00e5rs garanti<\/title>\n<meta name=\"description\" content=\"Produkter fr\u00e5n Wildix \u00e4r designade f\u00f6r att uppdateras \u00f6ver tid, s\u00e5 de kan anpassa sig till utvecklingar i IT-landskapet.\" \/>\n<meta name=\"robots\" content=\"noindex, follow, max-snippet:-1, max-image-preview:large, max-video-preview:-1\" \/>\n<meta property=\"og:locale\" content=\"sv_SE\" \/>\n<meta property=\"og:type\" content=\"article\" \/>\n<meta property=\"og:title\" content=\"Wildix hanteringsportal - Aktivera 5 \u00e5rs garanti\" \/>\n<meta property=\"og:description\" content=\"Produkter fr\u00e5n Wildix \u00e4r designade f\u00f6r att uppdateras \u00f6ver tid, s\u00e5 de kan anpassa sig till utvecklingar i IT-landskapet.\" \/>\n<meta property=\"og:url\" content=\"https:\/\/old.wildix.com\/sv\/aktivera-garanti\/\" \/>\n<meta property=\"og:site_name\" content=\"Wildix\" \/>\n<meta property=\"article:modified_time\" content=\"2022-07-26T09:36:35+00:00\" \/>\n<meta property=\"og:image\" content=\"https:\/\/old.wildix.com\/wp-content\/uploads\/2018\/06\/wildix-5-year-warranty.png\" \/>\n<meta name=\"twitter:card\" content=\"summary_large_image\" \/>\n<meta name=\"twitter:label1\" content=\"Ber\u00e4knad l\u00e4stid\" \/>\n\t<meta name=\"twitter:data1\" content=\"3 minuter\" \/>\n<script type=\"application\/ld+json\" class=\"yoast-schema-graph\">{\"@context\":\"https:\/\/schema.org\",\"@graph\":[{\"@type\":\"WebPage\",\"@id\":\"https:\/\/old.wildix.com\/sv\/aktivera-garanti\/\",\"url\":\"https:\/\/old.wildix.com\/sv\/aktivera-garanti\/\",\"name\":\"Wildix hanteringsportal - Aktivera 5 \u00e5rs garanti\",\"isPartOf\":{\"@id\":\"https:\/\/old.wildix.com\/#website\"},\"datePublished\":\"2018-06-20T11:03:59+00:00\",\"dateModified\":\"2022-07-26T09:36:35+00:00\",\"description\":\"Produkter fr\u00e5n Wildix \u00e4r designade f\u00f6r att uppdateras \u00f6ver tid, s\u00e5 de kan anpassa sig till utvecklingar i IT-landskapet.\",\"breadcrumb\":{\"@id\":\"https:\/\/old.wildix.com\/sv\/aktivera-garanti\/#breadcrumb\"},\"inLanguage\":\"sv-SE\",\"potentialAction\":[{\"@type\":\"ReadAction\",\"target\":[\"https:\/\/old.wildix.com\/sv\/aktivera-garanti\/\"]}]},{\"@type\":\"BreadcrumbList\",\"@id\":\"https:\/\/old.wildix.com\/sv\/aktivera-garanti\/#breadcrumb\",\"itemListElement\":[{\"@type\":\"ListItem\",\"position\":1,\"name\":\"Home\",\"item\":\"https:\/\/old.wildix.com\/\"},{\"@type\":\"ListItem\",\"position\":2,\"name\":\"Aktivera garanti\"}]},{\"@type\":\"WebSite\",\"@id\":\"https:\/\/old.wildix.com\/#website\",\"url\":\"https:\/\/old.wildix.com\/\",\"name\":\"Wildix\",\"description\":\"Wildix PBX | VoIP Solutions | Unified Communications | WebRTC\",\"publisher\":{\"@id\":\"https:\/\/old.wildix.com\/#organization\"},\"potentialAction\":[{\"@type\":\"SearchAction\",\"target\":{\"@type\":\"EntryPoint\",\"urlTemplate\":\"https:\/\/old.wildix.com\/?s={search_term_string}\"},\"query-input\":\"required name=search_term_string\"}],\"inLanguage\":\"sv-SE\"},{\"@type\":\"Organization\",\"@id\":\"https:\/\/old.wildix.com\/#organization\",\"name\":\"Wildix\",\"url\":\"https:\/\/old.wildix.com\/\",\"logo\":{\"@type\":\"ImageObject\",\"inLanguage\":\"sv-SE\",\"@id\":\"https:\/\/old.wildix.com\/#\/schema\/logo\/image\/\",\"url\":\"https:\/\/old.wildix.com\/wp-content\/uploads\/2018\/04\/wildix-logo-2.png\",\"contentUrl\":\"https:\/\/old.wildix.com\/wp-content\/uploads\/2018\/04\/wildix-logo-2.png\",\"width\":440,\"height\":200,\"caption\":\"Wildix\"},\"image\":{\"@id\":\"https:\/\/old.wildix.com\/#\/schema\/logo\/image\/\"}}]}<\/script>\n<!-- \/ Yoast SEO plugin. -->","yoast_head_json":{"title":"Wildix hanteringsportal - Aktivera 5 \u00e5rs garanti","description":"Produkter fr\u00e5n Wildix \u00e4r designade f\u00f6r att uppdateras \u00f6ver tid, s\u00e5 de kan anpassa sig till utvecklingar i IT-landskapet.","robots":{"index":"noindex","follow":"follow","max-snippet":"max-snippet:-1","max-image-preview":"max-image-preview:large","max-video-preview":"max-video-preview:-1"},"og_locale":"sv_SE","og_type":"article","og_title":"Wildix hanteringsportal - Aktivera 5 \u00e5rs garanti","og_description":"Produkter fr\u00e5n Wildix \u00e4r designade f\u00f6r att uppdateras \u00f6ver tid, s\u00e5 de kan anpassa sig till utvecklingar i IT-landskapet.","og_url":"https:\/\/old.wildix.com\/sv\/aktivera-garanti\/","og_site_name":"Wildix","article_modified_time":"2022-07-26T09:36:35+00:00","og_image":[{"url":"https:\/\/old.wildix.com\/wp-content\/uploads\/2018\/06\/wildix-5-year-warranty.png"}],"twitter_card":"summary_large_image","twitter_misc":{"Ber\u00e4knad l\u00e4stid":"3 minuter"},"schema":{"@context":"https:\/\/schema.org","@graph":[{"@type":"WebPage","@id":"https:\/\/old.wildix.com\/sv\/aktivera-garanti\/","url":"https:\/\/old.wildix.com\/sv\/aktivera-garanti\/","name":"Wildix hanteringsportal - Aktivera 5 \u00e5rs garanti","isPartOf":{"@id":"https:\/\/old.wildix.com\/#website"},"datePublished":"2018-06-20T11:03:59+00:00","dateModified":"2022-07-26T09:36:35+00:00","description":"Produkter fr\u00e5n Wildix \u00e4r designade f\u00f6r att uppdateras \u00f6ver tid, s\u00e5 de kan anpassa sig till utvecklingar i IT-landskapet.","breadcrumb":{"@id":"https:\/\/old.wildix.com\/sv\/aktivera-garanti\/#breadcrumb"},"inLanguage":"sv-SE","potentialAction":[{"@type":"ReadAction","target":["https:\/\/old.wildix.com\/sv\/aktivera-garanti\/"]}]},{"@type":"BreadcrumbList","@id":"https:\/\/old.wildix.com\/sv\/aktivera-garanti\/#breadcrumb","itemListElement":[{"@type":"ListItem","position":1,"name":"Home","item":"https:\/\/old.wildix.com\/"},{"@type":"ListItem","position":2,"name":"Aktivera garanti"}]},{"@type":"WebSite","@id":"https:\/\/old.wildix.com\/#website","url":"https:\/\/old.wildix.com\/","name":"Wildix","description":"Wildix PBX | VoIP Solutions | Unified Communications | WebRTC","publisher":{"@id":"https:\/\/old.wildix.com\/#organization"},"potentialAction":[{"@type":"SearchAction","target":{"@type":"EntryPoint","urlTemplate":"https:\/\/old.wildix.com\/?s={search_term_string}"},"query-input":"required name=search_term_string"}],"inLanguage":"sv-SE"},{"@type":"Organization","@id":"https:\/\/old.wildix.com\/#organization","name":"Wildix","url":"https:\/\/old.wildix.com\/","logo":{"@type":"ImageObject","inLanguage":"sv-SE","@id":"https:\/\/old.wildix.com\/#\/schema\/logo\/image\/","url":"https:\/\/old.wildix.com\/wp-content\/uploads\/2018\/04\/wildix-logo-2.png","contentUrl":"https:\/\/old.wildix.com\/wp-content\/uploads\/2018\/04\/wildix-logo-2.png","width":440,"height":200,"caption":"Wildix"},"image":{"@id":"https:\/\/old.wildix.com\/#\/schema\/logo\/image\/"}}]}},"_links":{"self":[{"href":"https:\/\/old.wildix.com\/sv\/wp-json\/wp\/v2\/pages\/7839937"}],"collection":[{"href":"https:\/\/old.wildix.com\/sv\/wp-json\/wp\/v2\/pages"}],"about":[{"href":"https:\/\/old.wildix.com\/sv\/wp-json\/wp\/v2\/types\/page"}],"author":[{"embeddable":true,"href":"https:\/\/old.wildix.com\/sv\/wp-json\/wp\/v2\/users\/6"}],"replies":[{"embeddable":true,"href":"https:\/\/old.wildix.com\/sv\/wp-json\/wp\/v2\/comments?post=7839937"}],"version-history":[{"count":0,"href":"https:\/\/old.wildix.com\/sv\/wp-json\/wp\/v2\/pages\/7839937\/revisions"}],"wp:attachment":[{"href":"https:\/\/old.wildix.com\/sv\/wp-json\/wp\/v2\/media?parent=7839937"}],"curies":[{"name":"wp","href":"https:\/\/api.w.org\/{rel}","templated":true}]}}