{"id":7842267,"date":"2018-07-23T06:30:34","date_gmt":"2018-07-23T06:30:34","guid":{"rendered":"https:\/\/old2.wildix.com\/?page_id=7842267"},"modified":"2022-01-06T13:56:46","modified_gmt":"2022-01-06T13:56:46","slug":"try","status":"publish","type":"page","link":"https:\/\/old.wildix.com\/sv\/try\/","title":{"rendered":"Book a Demo"},"content":{"rendered":"<section class=\"wpb-content-wrapper\">[mk_page_section bg_gradient=&#8221;left_top&#8221; video_color_mask=&#8221;#003366&#8243; gr_end=&#8221;#90f3f2&#8243; video_opacity=&#8221;0.9&#8243; min_height=&#8221;250&#8243; full_width=&#8221;true&#8221; padding_top=&#8221;0&#8243; padding_bottom=&#8221;0&#8243; sidebar=&#8221;sidebar-1&#8243; first_page=&#8221;false&#8221; last_page=&#8221;false&#8221;][vc_column][mk_padding_divider size=&#8221;120&#8243; visibility=&#8221;hidden-sm&#8221;][mk_padding_divider size=&#8221;70&#8243; visibility=&#8221;visible-sm&#8221;][mk_fancy_title tag_name=&#8221;h1&#8243; color=&#8221;#ffffff&#8221; size=&#8221;70&#8243; force_font_size=&#8221;true&#8221; size_smallscreen=&#8221;60&#8243; size_tablet=&#8221;50&#8243; size_phone=&#8221;40&#8243; font_weight=&#8221;300&#8243; font_style=&#8221;normal&#8221; txt_transform=&#8221;none&#8221; margin_bottom=&#8221;0&#8243; font_family=&#8221;none&#8221; align=&#8221;center&#8221;]Demo Online[\/mk_fancy_title][mk_fancy_title tag_name=&#8221;span&#8221; color=&#8221;#ffffff&#8221; size=&#8221;24&#8243; force_font_size=&#8221;true&#8221; size_smallscreen=&#8221;22&#8243; size_tablet=&#8221;22&#8243; size_phone=&#8221;20&#8243; font_weight=&#8221;300&#8243; font_style=&#8221;normal&#8221; txt_transform=&#8221;none&#8221; margin_bottom=&#8221;0&#8243; font_family=&#8221;none&#8221; align=&#8221;center&#8221;]Boka din Demo Online nu[\/mk_fancy_title][mk_padding_divider size=&#8221;30&#8243;][\/vc_column][\/mk_page_section][vc_row][vc_column][mk_fancy_title size=&#8221;28&#8243; force_font_size=&#8221;true&#8221; size_smallscreen=&#8221;25&#8243; size_tablet=&#8221;25&#8243; size_phone=&#8221;20&#8243; margin_top=&#8221;40&#8243; margin_bottom=&#8221;10&#8243; font_family=&#8221;none&#8221; align=&#8221;center&#8221;]Ingen vill ha en PBX l\u00e4ngre.[\/mk_fancy_title][vc_column_text css=&#8221;.vc_custom_1573567454840{margin-bottom: 0px !important;}&#8221;]Du \u00e4r h\u00e4r f\u00f6r att du beh\u00f6ver n\u00e5got annat. N\u00e5got du kan f\u00e5 p\u00e5 marknaden som \u00f6kar din aff\u00e4rs oms\u00e4ttning p\u00e5 ett s\u00e4kert s\u00e4tt. <strong>Uppt\u00e4ck<\/strong> hur Wildix UC &amp; C-system fungerar: fyll i formul\u00e4ret och se hur Wildix-aff\u00e4rskommunikationer f\u00f6rvandlar din dagliga rutin.[\/vc_column_text][mk_padding_divider size=&#8221;20&#8243;][\/vc_column][\/vc_row][mk_page_section bg_image=&#8221;https:\/\/old.wildix.com\/wp-content\/uploads\/2018\/07\/demo.jpg&#8221; bg_color=&#8221;#003366&#8243; enable_3d=&#8221;true&#8221; bg_gradient=&#8221;left_top&#8221; video_color_mask=&#8221;#000000&#8243; gr_end=&#8221;#000000&#8243; video_opacity=&#8221;0.8&#8243; min_height=&#8221;250&#8243; full_width=&#8221;true&#8221; padding_top=&#8221;0&#8243; padding_bottom=&#8221;0&#8243; sidebar=&#8221;sidebar-1&#8243; first_page=&#8221;false&#8221; last_page=&#8221;false&#8221;][vc_column][vc_row_inner is_fullwidth_content=&#8221;false&#8221; disable_element=&#8221;yes&#8221; css=&#8221;.vc_custom_1542619377388{background-color: #003366 !important;}&#8221; el_class=&#8221;blue-background&#8221;][vc_column_inner width=&#8221;1\/4&#8243;][mk_padding_divider size=&#8221;20&#8243; visibility=&#8221;hidden-sm&#8221;][mk_image src=&#8221;https:\/\/old.wildix.com\/wp-content\/uploads\/2018\/08\/wildix-logo-job-offers.png&#8221; image_width=&#8221;180&#8243; image_height=&#8221;70&#8243; margin_bottom=&#8221;&#8221;][\/vc_column_inner][vc_column_inner width=&#8221;3\/4&#8243;][mk_padding_divider size=&#8221;20&#8243; visibility=&#8221;hidden-sm&#8221;][\/vc_column_inner][\/vc_row_inner][mk_padding_divider visibility=&#8221;hidden-sm&#8221;][vc_row_inner is_fullwidth_content=&#8221;false&#8221;][vc_column_inner width=&#8221;1\/2&#8243;][mk_padding_divider size=&#8221;50&#8243;][mk_fancy_title color=&#8221;#ffffff&#8221; size=&#8221;28&#8243; force_font_size=&#8221;true&#8221; size_smallscreen=&#8221;25&#8243; size_tablet=&#8221;25&#8243; size_phone=&#8221;20&#8243; font_weight=&#8221;500&#8243; margin_top=&#8221;&#8221; margin_bottom=&#8221;&#8221; font_family=&#8221;none&#8221; visibility=&#8221;hidden-sm&#8221;]Wildix g\u00f6r framtiden n\u00e4rvarande.[\/mk_fancy_title][mk_fancy_title tag_name=&#8221;span&#8221; color=&#8221;#ffffff&#8221; size=&#8221;20&#8243; force_font_size=&#8221;true&#8221; size_smallscreen=&#8221;22&#8243; size_tablet=&#8221;22&#8243; size_phone=&#8221;20&#8243; line_height=&#8221;140&#8243; font_weight=&#8221;300&#8243; font_style=&#8221;normal&#8221; margin_bottom=&#8221;0&#8243; font_family=&#8221;none&#8221; visibility=&#8221;hidden-sm&#8221;]Boka en live-demo f\u00f6r att uppt\u00e4cka hur Wildix Unified Communication &amp; Collaboration-l\u00f6sningar kan:<\/p>\n<ul>\n<li>\u00d6ka ditt f\u00f6retag upp till 52%<\/li>\n<li>F\u00e5 ditt f\u00f6retag att spara 2 timmar per anst\u00e4lld i den dagliga verksamheten<\/li>\n<li>G\u00f6r att du sparar pengar p\u00e5 s\u00e4kerhetsapplikationer eftersom Wildix \u00e4r s\u00e4ker f\u00f6r design: det kr\u00e4ver ingen av dem.<\/li>\n<\/ul>\n[\/mk_fancy_title][mk_fancy_title tag_name=&#8221;span&#8221; color=&#8221;#dd9933&#8243; size=&#8221;20&#8243; force_font_size=&#8221;true&#8221; size_smallscreen=&#8221;22&#8243; size_tablet=&#8221;22&#8243; size_phone=&#8221;20&#8243; line_height=&#8221;140&#8243; font_weight=&#8221;500&#8243; font_style=&#8221;normal&#8221; margin_bottom=&#8221;0&#8243; font_family=&#8221;none&#8221; visibility=&#8221;hidden-sm&#8221;]Se varf\u00f6r WebRTC kommer att driva framtida kommunikationer![\/mk_fancy_title][vc_column_text align=&#8221;center&#8221; css=&#8221;.vc_custom_1542603339592{margin-bottom: 0px !important;}&#8221;]\n[\/vc_column_text][\/vc_column_inner][vc_column_inner width=&#8221;1\/2&#8243; css=&#8221;.vc_custom_1640081652791{border-top-width: 1px !important;border-right-width: 1px !important;border-bottom-width: 1px !important;border-left-width: 1px !important;padding-right: 0px !important;padding-left: 0px !important;background-color: #ffffff !important;border-left-color: #003366 !important;border-left-style: solid !important;border-right-color: #003366 !important;border-right-style: solid !important;border-top-color: #003366 !important;border-top-style: solid !important;border-bottom-color: #003366 !important;border-bottom-style: solid !important;border-radius: 10px !important;}&#8221;][mk_padding_divider size=&#8221;15&#8243; visibility=&#8221;hidden-sm&#8221;][mk_fancy_title color=&#8221;#dd9933&#8243; size=&#8221;28&#8243; force_font_size=&#8221;true&#8221; size_smallscreen=&#8221;25&#8243; size_tablet=&#8221;25&#8243; size_phone=&#8221;20&#8243; margin_top=&#8221;&#8221; margin_bottom=&#8221;&#8221; font_family=&#8221;none&#8221; align=&#8221;center&#8221;]Fyll i formul\u00e4ret f\u00f6r en demo[\/mk_fancy_title][vc_raw_html css=&#8221;.vc_custom_1640005405676{padding-right: 10% !important;padding-left: 10% !important;}&#8221;]JTNDaWZyYW1lJTIwc3JjJTNEJTIyaHR0cHMlM0ElMkYlMkZnby53aWxkaXguY29tJTJGbCUyRjkyMDExMyUyRjIwMjEtMDgtMjYlMkY3MXB5bSUyMiUyMHdpZHRoJTNEJTIyMTAwJTI1JTIyJTIwaGVpZ2h0JTNEJTIyNTAwJTIyJTIwdHlwZSUzRCUyMnRleHQlMkZodG1sJTIyJTIwZnJhbWVib3JkZXIlM0QlMjIwJTIyJTIwYWxsb3dUcmFuc3BhcmVuY3klM0QlMjJ0cnVlJTIyJTIwc3R5bGUlM0QlMjJib3JkZXIlM0ElMjAwJTIyJTNFJTNDJTJGaWZyYW1lJTNF[\/vc_raw_html][mk_padding_divider size=&#8221;15&#8243;][\/vc_column_inner][\/vc_row_inner][mk_padding_divider size=&#8221;30&#8243; visibility=&#8221;visible-sm&#8221;][mk_fancy_title color=&#8221;#ffffff&#8221; size=&#8221;28&#8243; force_font_size=&#8221;true&#8221; size_smallscreen=&#8221;25&#8243; size_tablet=&#8221;25&#8243; size_phone=&#8221;20&#8243; font_weight=&#8221;500&#8243; margin_top=&#8221;&#8221; margin_bottom=&#8221;&#8221; font_family=&#8221;none&#8221; visibility=&#8221;visible-sm&#8221;]Wildix g\u00f6r framtiden n\u00e4rvarande.[\/mk_fancy_title][mk_fancy_title color=&#8221;#ffffff&#8221; size=&#8221;28&#8243; force_font_size=&#8221;true&#8221; size_smallscreen=&#8221;25&#8243; size_tablet=&#8221;25&#8243; size_phone=&#8221;20&#8243; margin_top=&#8221;&#8221; margin_bottom=&#8221;&#8221; font_family=&#8221;none&#8221; responsive_align=&#8221;left&#8221; visibility=&#8221;visible-sm&#8221;]Boka en live-demo f\u00f6r att uppt\u00e4cka hur Wildix Unified Communication &amp; Collaboration-l\u00f6sningar kan:<\/p>\n<ul>\n<li>\u00d6ka ditt f\u00f6retag upp till 52%<\/li>\n<li>F\u00e5 ditt f\u00f6retag att spara 2 timmar per anst\u00e4lld i den dagliga verksamheten<\/li>\n<li>G\u00f6r att du sparar pengar p\u00e5 s\u00e4kerhetsapplikationer eftersom Wildix \u00e4r s\u00e4ker f\u00f6r design: det kr\u00e4ver ingen av dem.<\/li>\n<\/ul>\n[\/mk_fancy_title][mk_fancy_title color=&#8221;#ffffff&#8221; size=&#8221;28&#8243; force_font_size=&#8221;true&#8221; size_smallscreen=&#8221;25&#8243; size_tablet=&#8221;25&#8243; size_phone=&#8221;20&#8243; margin_top=&#8221;&#8221; margin_bottom=&#8221;&#8221; font_family=&#8221;none&#8221; visibility=&#8221;visible-sm&#8221;]Se varf\u00f6r WebRTC kommer att driva framtida kommunikationer![\/mk_fancy_title][mk_padding_divider size=&#8221;50&#8243;][\/vc_column][\/mk_page_section][mk_page_section bg_color=&#8221;#ededed&#8221; video_opacity=&#8221;0.9&#8243; min_height=&#8221;200&#8243; full_width=&#8221;true&#8221; padding_top=&#8221;0&#8243; padding_bottom=&#8221;0&#8243; sidebar=&#8221;sidebar-1&#8243;][vc_column width=&#8221;1\/4&#8243;][\/vc_column][vc_column width=&#8221;1\/2&#8243;][vc_empty_space height=&#8221;50px&#8221;][vc_column_text align=&#8221;center&#8221; css=&#8221;.vc_custom_1573567620336{margin-bottom: 0px !important;}&#8221;]<span style=\"color: #003366;\">N\u00e5gra fr\u00e5gor? Vi \u00e4r h\u00e4r f\u00f6r att hj\u00e4lpa dig<\/span>[\/vc_column_text][vc_raw_html]JTNDcCUyMHN0eWxlJTNEJTIydGV4dC1hbGlnbiUzQSUyMGNlbnRlciUzQiUyMGZvbnQtc2l6ZSUzQSUyMDIwcHglM0IlMjBmb250LXdlaWdodCUzQTYwMCUyMiUzRSUzQ2ElMjBocmVmJTNEJTIyaHR0cHMlM0ElMkYlMkZraXRlLndpbGRpeC5jb20lMkZ1Y2l0JTJGODYlMjIlMjAlMEElMjAlMjB0YXJnZXQlM0QlMjJwb3B1cCUyMiUyMCUwQSUyMCUyMG9uY2xpY2slM0QlMjJ3aW5kb3cub3BlbiUyOCUyN2h0dHBzJTNBJTJGJTJGa2l0ZS53aWxkaXguY29tJTJGdWNpdCUyRjg2JTI3JTJDJTI3cG9wdXAlMjclMkMlMjd3aWR0aCUzRDYwMCUyQ2hlaWdodCUzRDYwMCUyNyUyOSUzQiUyMHJldHVybiUyMGZhbHNlJTNCJTIyJTNFJTBBJTIwJTIwJTIwJTIwQW5nZSUyMExpdmUlMjBDaGF0JTBBJTNDJTJGYSUzRSUzQyUyRnAlM0U=[\/vc_raw_html][\/vc_column][vc_column width=&#8221;1\/4&#8243;][\/vc_column][\/mk_page_section]\n<\/section>","protected":false},"excerpt":{"rendered":"<p>[mk_page_section bg_gradient=&#8221;left_top&#8221; video_color_mask=&#8221;#003366&#8243; gr_end=&#8221;#90f3f2&#8243; video_opacity=&#8221;0.9&#8243; min_height=&#8221;250&#8243; full_width=&#8221;true&#8221; padding_top=&#8221;0&#8243; padding_bottom=&#8221;0&#8243; sidebar=&#8221;sidebar-1&#8243; first_page=&#8221;false&#8221; last_page=&#8221;false&#8221;][vc_column][mk_padding_divider size=&#8221;120&#8243; visibility=&#8221;hidden-sm&#8221;][mk_padding_divider size=&#8221;70&#8243; visibility=&#8221;visible-sm&#8221;][mk_fancy_title tag_name=&#8221;h1&#8243; color=&#8221;#ffffff&#8221; size=&#8221;70&#8243; force_font_size=&#8221;true&#8221; size_smallscreen=&#8221;60&#8243; size_tablet=&#8221;50&#8243; size_phone=&#8221;40&#8243; font_weight=&#8221;300&#8243; font_style=&#8221;normal&#8221; txt_transform=&#8221;none&#8221; margin_bottom=&#8221;0&#8243; font_family=&#8221;none&#8221; align=&#8221;center&#8221;]Demo Online[\/mk_fancy_title][mk_fancy_title tag_name=&#8221;span&#8221; color=&#8221;#ffffff&#8221; size=&#8221;24&#8243; force_font_size=&#8221;true&#8221; size_smallscreen=&#8221;22&#8243; size_tablet=&#8221;22&#8243; size_phone=&#8221;20&#8243; font_weight=&#8221;300&#8243; font_style=&#8221;normal&#8221; txt_transform=&#8221;none&#8221; margin_bottom=&#8221;0&#8243; font_family=&#8221;none&#8221; align=&#8221;center&#8221;]Boka din Demo Online nu[\/mk_fancy_title][mk_padding_divider size=&#8221;30&#8243;][\/vc_column][\/mk_page_section][vc_row][vc_column][mk_fancy_title size=&#8221;28&#8243; force_font_size=&#8221;true&#8221; size_smallscreen=&#8221;25&#8243; size_tablet=&#8221;25&#8243; size_phone=&#8221;20&#8243; margin_top=&#8221;40&#8243; margin_bottom=&#8221;10&#8243; [&hellip;]<\/p>\n","protected":false},"author":6,"featured_media":0,"parent":0,"menu_order":0,"comment_status":"closed","ping_status":"closed","template":"","meta":{"wpupg_custom_link":[],"wpupg_custom_link_behaviour":["default"],"wpupg_custom_image":[],"wpupg_custom_image_id":[],"footnotes":""},"acf":[],"yoast_head":"<!-- This site is optimized with the Yoast SEO plugin v21.8 - https:\/\/yoast.com\/wordpress\/plugins\/seo\/ -->\n<title>Demo Online - Boka din Demo online nu | Wildix<\/title>\n<meta name=\"description\" content=\"Uppt\u00e4ck hur det fungerar - Boka en live-demo med Wildix f\u00f6r att uppt\u00e4cka Wildix Unified Kommunikations- och samarbetsl\u00f6sningar! Se varf\u00f6r WebRTC kommer att driva framtida kommunikationer!\" \/>\n<meta name=\"robots\" content=\"noindex, follow, max-snippet:-1, max-image-preview:large, max-video-preview:-1\" \/>\n<meta property=\"og:locale\" content=\"sv_SE\" \/>\n<meta property=\"og:type\" content=\"article\" \/>\n<meta property=\"og:title\" content=\"Demo Online - Boka din Demo online nu | Wildix\" \/>\n<meta property=\"og:description\" content=\"Uppt\u00e4ck hur det fungerar - Boka en live-demo med Wildix f\u00f6r att uppt\u00e4cka Wildix Unified Kommunikations- och samarbetsl\u00f6sningar! Se varf\u00f6r WebRTC kommer att driva framtida kommunikationer!\" \/>\n<meta property=\"og:url\" content=\"https:\/\/old.wildix.com\/sv\/try\/\" \/>\n<meta property=\"og:site_name\" content=\"Wildix\" \/>\n<meta property=\"article:modified_time\" content=\"2022-01-06T13:56:46+00:00\" \/>\n<meta name=\"twitter:card\" content=\"summary_large_image\" \/>\n<meta name=\"twitter:label1\" content=\"Ber\u00e4knad l\u00e4stid\" \/>\n\t<meta name=\"twitter:data1\" content=\"5 minuter\" \/>\n<script type=\"application\/ld+json\" class=\"yoast-schema-graph\">{\"@context\":\"https:\/\/schema.org\",\"@graph\":[{\"@type\":\"WebPage\",\"@id\":\"https:\/\/old.wildix.com\/sv\/try\/\",\"url\":\"https:\/\/old.wildix.com\/sv\/try\/\",\"name\":\"Demo Online - Boka din Demo online nu | Wildix\",\"isPartOf\":{\"@id\":\"https:\/\/old.wildix.com\/#website\"},\"datePublished\":\"2018-07-23T06:30:34+00:00\",\"dateModified\":\"2022-01-06T13:56:46+00:00\",\"description\":\"Uppt\u00e4ck hur det fungerar - Boka en live-demo med Wildix f\u00f6r att uppt\u00e4cka Wildix Unified Kommunikations- och samarbetsl\u00f6sningar! Se varf\u00f6r WebRTC kommer att driva framtida kommunikationer!\",\"breadcrumb\":{\"@id\":\"https:\/\/old.wildix.com\/sv\/try\/#breadcrumb\"},\"inLanguage\":\"sv-SE\",\"potentialAction\":[{\"@type\":\"ReadAction\",\"target\":[\"https:\/\/old.wildix.com\/sv\/try\/\"]}]},{\"@type\":\"BreadcrumbList\",\"@id\":\"https:\/\/old.wildix.com\/sv\/try\/#breadcrumb\",\"itemListElement\":[{\"@type\":\"ListItem\",\"position\":1,\"name\":\"Home\",\"item\":\"https:\/\/old.wildix.com\/\"},{\"@type\":\"ListItem\",\"position\":2,\"name\":\"Book a Demo\"}]},{\"@type\":\"WebSite\",\"@id\":\"https:\/\/old.wildix.com\/#website\",\"url\":\"https:\/\/old.wildix.com\/\",\"name\":\"Wildix\",\"description\":\"Wildix PBX | VoIP Solutions | Unified Communications | WebRTC\",\"publisher\":{\"@id\":\"https:\/\/old.wildix.com\/#organization\"},\"potentialAction\":[{\"@type\":\"SearchAction\",\"target\":{\"@type\":\"EntryPoint\",\"urlTemplate\":\"https:\/\/old.wildix.com\/?s={search_term_string}\"},\"query-input\":\"required name=search_term_string\"}],\"inLanguage\":\"sv-SE\"},{\"@type\":\"Organization\",\"@id\":\"https:\/\/old.wildix.com\/#organization\",\"name\":\"Wildix\",\"url\":\"https:\/\/old.wildix.com\/\",\"logo\":{\"@type\":\"ImageObject\",\"inLanguage\":\"sv-SE\",\"@id\":\"https:\/\/old.wildix.com\/#\/schema\/logo\/image\/\",\"url\":\"https:\/\/old.wildix.com\/wp-content\/uploads\/2018\/04\/wildix-logo-2.png\",\"contentUrl\":\"https:\/\/old.wildix.com\/wp-content\/uploads\/2018\/04\/wildix-logo-2.png\",\"width\":440,\"height\":200,\"caption\":\"Wildix\"},\"image\":{\"@id\":\"https:\/\/old.wildix.com\/#\/schema\/logo\/image\/\"}}]}<\/script>\n<!-- \/ Yoast SEO plugin. -->","yoast_head_json":{"title":"Demo Online - Boka din Demo online nu | Wildix","description":"Uppt\u00e4ck hur det fungerar - Boka en live-demo med Wildix f\u00f6r att uppt\u00e4cka Wildix Unified Kommunikations- och samarbetsl\u00f6sningar! Se varf\u00f6r WebRTC kommer att driva framtida kommunikationer!","robots":{"index":"noindex","follow":"follow","max-snippet":"max-snippet:-1","max-image-preview":"max-image-preview:large","max-video-preview":"max-video-preview:-1"},"og_locale":"sv_SE","og_type":"article","og_title":"Demo Online - Boka din Demo online nu | Wildix","og_description":"Uppt\u00e4ck hur det fungerar - Boka en live-demo med Wildix f\u00f6r att uppt\u00e4cka Wildix Unified Kommunikations- och samarbetsl\u00f6sningar! Se varf\u00f6r WebRTC kommer att driva framtida kommunikationer!","og_url":"https:\/\/old.wildix.com\/sv\/try\/","og_site_name":"Wildix","article_modified_time":"2022-01-06T13:56:46+00:00","twitter_card":"summary_large_image","twitter_misc":{"Ber\u00e4knad l\u00e4stid":"5 minuter"},"schema":{"@context":"https:\/\/schema.org","@graph":[{"@type":"WebPage","@id":"https:\/\/old.wildix.com\/sv\/try\/","url":"https:\/\/old.wildix.com\/sv\/try\/","name":"Demo Online - Boka din Demo online nu | Wildix","isPartOf":{"@id":"https:\/\/old.wildix.com\/#website"},"datePublished":"2018-07-23T06:30:34+00:00","dateModified":"2022-01-06T13:56:46+00:00","description":"Uppt\u00e4ck hur det fungerar - Boka en live-demo med Wildix f\u00f6r att uppt\u00e4cka Wildix Unified Kommunikations- och samarbetsl\u00f6sningar! Se varf\u00f6r WebRTC kommer att driva framtida kommunikationer!","breadcrumb":{"@id":"https:\/\/old.wildix.com\/sv\/try\/#breadcrumb"},"inLanguage":"sv-SE","potentialAction":[{"@type":"ReadAction","target":["https:\/\/old.wildix.com\/sv\/try\/"]}]},{"@type":"BreadcrumbList","@id":"https:\/\/old.wildix.com\/sv\/try\/#breadcrumb","itemListElement":[{"@type":"ListItem","position":1,"name":"Home","item":"https:\/\/old.wildix.com\/"},{"@type":"ListItem","position":2,"name":"Book a Demo"}]},{"@type":"WebSite","@id":"https:\/\/old.wildix.com\/#website","url":"https:\/\/old.wildix.com\/","name":"Wildix","description":"Wildix PBX | VoIP Solutions | Unified Communications | WebRTC","publisher":{"@id":"https:\/\/old.wildix.com\/#organization"},"potentialAction":[{"@type":"SearchAction","target":{"@type":"EntryPoint","urlTemplate":"https:\/\/old.wildix.com\/?s={search_term_string}"},"query-input":"required name=search_term_string"}],"inLanguage":"sv-SE"},{"@type":"Organization","@id":"https:\/\/old.wildix.com\/#organization","name":"Wildix","url":"https:\/\/old.wildix.com\/","logo":{"@type":"ImageObject","inLanguage":"sv-SE","@id":"https:\/\/old.wildix.com\/#\/schema\/logo\/image\/","url":"https:\/\/old.wildix.com\/wp-content\/uploads\/2018\/04\/wildix-logo-2.png","contentUrl":"https:\/\/old.wildix.com\/wp-content\/uploads\/2018\/04\/wildix-logo-2.png","width":440,"height":200,"caption":"Wildix"},"image":{"@id":"https:\/\/old.wildix.com\/#\/schema\/logo\/image\/"}}]}},"_links":{"self":[{"href":"https:\/\/old.wildix.com\/sv\/wp-json\/wp\/v2\/pages\/7842267"}],"collection":[{"href":"https:\/\/old.wildix.com\/sv\/wp-json\/wp\/v2\/pages"}],"about":[{"href":"https:\/\/old.wildix.com\/sv\/wp-json\/wp\/v2\/types\/page"}],"author":[{"embeddable":true,"href":"https:\/\/old.wildix.com\/sv\/wp-json\/wp\/v2\/users\/6"}],"replies":[{"embeddable":true,"href":"https:\/\/old.wildix.com\/sv\/wp-json\/wp\/v2\/comments?post=7842267"}],"version-history":[{"count":0,"href":"https:\/\/old.wildix.com\/sv\/wp-json\/wp\/v2\/pages\/7842267\/revisions"}],"wp:attachment":[{"href":"https:\/\/old.wildix.com\/sv\/wp-json\/wp\/v2\/media?parent=7842267"}],"curies":[{"name":"wp","href":"https:\/\/api.w.org\/{rel}","templated":true}]}}