{"id":7851047,"date":"2018-04-26T13:20:50","date_gmt":"2018-04-26T13:20:50","guid":{"rendered":"https:\/\/old2.wildix.com\/?page_id=7851047"},"modified":"2021-10-14T06:56:16","modified_gmt":"2021-10-14T06:56:16","slug":"jobba-med-oss","status":"publish","type":"page","link":"https:\/\/old.wildix.com\/sv\/jobba-med-oss\/","title":{"rendered":"Jobba med oss"},"content":{"rendered":"<section class=\"wpb-content-wrapper\">[mk_page_section bg_gradient=&#8221;left_top&#8221; video_color_mask=&#8221;#003366&#8243; gr_end=&#8221;#90f3f2&#8243; video_opacity=&#8221;0.9&#8243; min_height=&#8221;250&#8243; full_width=&#8221;true&#8221; padding_top=&#8221;0&#8243; padding_bottom=&#8221;0&#8243; sidebar=&#8221;sidebar-1&#8243; first_page=&#8221;false&#8221; last_page=&#8221;false&#8221;][vc_column][mk_padding_divider size=&#8221;120&#8243; visibility=&#8221;hidden-sm&#8221;][mk_padding_divider size=&#8221;70&#8243; visibility=&#8221;visible-sm&#8221;][mk_fancy_title tag_name=&#8221;h1&#8243; color=&#8221;#ffffff&#8221; size=&#8221;70&#8243; force_font_size=&#8221;true&#8221; size_smallscreen=&#8221;60&#8243; size_tablet=&#8221;50&#8243; size_phone=&#8221;40&#8243; font_weight=&#8221;300&#8243; font_style=&#8221;normal&#8221; txt_transform=&#8221;none&#8221; margin_bottom=&#8221;0&#8243; font_family=&#8221;none&#8221; align=&#8221;center&#8221;]Jobba med oss[\/mk_fancy_title][mk_fancy_title tag_name=&#8221;span&#8221; color=&#8221;#ffffff&#8221; size=&#8221;24&#8243; force_font_size=&#8221;true&#8221; size_smallscreen=&#8221;22&#8243; size_tablet=&#8221;22&#8243; size_phone=&#8221;20&#8243; font_weight=&#8221;300&#8243; font_style=&#8221;normal&#8221; txt_transform=&#8221;none&#8221; margin_bottom=&#8221;0&#8243; font_family=&#8221;none&#8221; align=&#8221;center&#8221;]Jobbm\u00f6jligheter hos Wildix[\/mk_fancy_title][mk_padding_divider size=&#8221;30&#8243;][\/vc_column][\/mk_page_section][vc_row fullwidth=&#8221;true&#8221; fullwidth_content=&#8221;false&#8221; css=&#8221;.vc_custom_1602062742209{background-color: #f2f2f2 !important;}&#8221;][vc_column][mk_padding_divider size=&#8221;50&#8243;][\/vc_column][\/vc_row][vc_row fullwidth=&#8221;true&#8221; fullwidth_content=&#8221;false&#8221; css=&#8221;.vc_custom_1602062733737{background-color: #f2f2f2 !important;}&#8221;][vc_column][vc_column_text css=&#8221;.vc_custom_1634194556664{margin-bottom: 0px !important;padding-right: 5% !important;padding-left: 5% !important;}&#8221;]Sedan 2005 har Wildix hj\u00e4lpt f\u00f6retag med mellan 50 till 1000 anv\u00e4ndare att utveckla sin verksamhet genom UC&amp;C, och skapat den f\u00f6rsta webbaserade PBX:en och VoIP PBX:en. Wildix \u00e4r ett dynamiskt och snabbt v\u00e4xande, internationellt f\u00f6retag och har nu mer \u00e4n 220 anst\u00e4llda i Italien, Frankrike, Storbritanienn, Tyskland, Spanien, Ukraina, Estland, Norden och USA.<\/p>\n<p><strong>\u00c4r du intresserad av att jobba med oss, skicka ditt CV till: <a href=\"mailto:job@wildix.com\">job@wildix.com<\/a><\/strong>[\/vc_column_text][mk_padding_divider size=&#8221;30&#8243;][\/vc_column][\/vc_row][vc_row][vc_column][mk_padding_divider][vc_raw_html]JTNDZGl2JTIwaWQlM0QlMjJCYW1ib29IUiUyMiUyMGRhdGEtZG9tYWluJTNEJTIyd2lsZGl4LmJhbWJvb2hyLmNvbSUyMiUyMGRhdGEtdmVyc2lvbiUzRCUyMjEuMC4wJTIyJTIwZGF0YS1kZXBhcnRtZW50SWQlM0QlMjIlMjIlM0UlM0MlMkZkaXYlM0UlM0NzY3JpcHQlMjBzcmMlM0QlMjJodHRwcyUzQSUyRiUyRndpbGRpeC5iYW1ib29oci5jb20lMkZqcyUyRmVtYmVkLmpzJTIyJTIwdHlwZSUzRCUyMnRleHQlMkZqYXZhc2NyaXB0JTIyJTIwYXN5bmMlMjBkZWZlciUzRSUzQyUyRnNjcmlwdCUzRQ==[\/vc_raw_html][mk_padding_divider size=&#8221;10&#8243;][\/vc_column][\/vc_row][vc_row fullwidth=&#8221;true&#8221; fullwidth_content=&#8221;false&#8221; column_padding=&#8221;5&#8243; disable_element=&#8221;yes&#8221; css=&#8221;.vc_custom_1634194562301{padding-top: 3% !important;padding-right: 2% !important;padding-left: 2% !important;}&#8221;][vc_column width=&#8221;1\/2&#8243;][mk_padding_divider size=&#8221;30&#8243;][mk_fancy_title color=&#8221;#777777&#8243; size=&#8221;28&#8243; force_font_size=&#8221;true&#8221; size_smallscreen=&#8221;25&#8243; size_tablet=&#8221;25&#8243; size_phone=&#8221;20&#8243; margin_bottom=&#8221;0&#8243; font_family=&#8221;none&#8221;]United Kingdom[\/mk_fancy_title][mk_divider style=&#8221;thin_solid&#8221; margin_top=&#8221;5&#8243;][mk_custom_list style=&#8221;&#8221; icon_color=&#8221;#c4c4c4&#8243; el_class=&#8221;non-padding&#8221;]\n<ul style=\"list-style-type: none;\">\n<li><a href=\"\/senior-copywriter-eng\/\" target=\"_blank\" rel=\"noopener noreferrer\">Senior Copywriter ENG<\/a><\/li>\n<li><a href=\"\/channel-sales-executive\/\" target=\"_blank\" rel=\"noopener noreferrer\">Channel Sales Executive<\/a><\/li>\n<\/ul>\n[\/mk_custom_list][\/vc_column][vc_column width=&#8221;1\/2&#8243;][mk_padding_divider size=&#8221;30&#8243;][mk_fancy_title color=&#8221;#777777&#8243; size=&#8221;28&#8243; force_font_size=&#8221;true&#8221; size_smallscreen=&#8221;25&#8243; size_tablet=&#8221;25&#8243; size_phone=&#8221;20&#8243; margin_bottom=&#8221;0&#8243; font_family=&#8221;none&#8221;]Italy[\/mk_fancy_title][mk_divider style=&#8221;thin_solid&#8221; margin_top=&#8221;5&#8243;][mk_custom_list style=&#8221;&#8221; el_class=&#8221;non-padding&#8221;]\n<ul>\n<li><a title=\"Senior VoIP Engineer (Italian market)\" href=\"\/it\/senior-voip-engineer\/\" target=\"_blank\" rel=\"noopener noreferrer\">Senior VoIP Engineer (Italian market)<\/a><\/li>\n<\/ul>\n[\/mk_custom_list][\/vc_column][\/vc_row][vc_row fullwidth=&#8221;true&#8221; fullwidth_content=&#8221;false&#8221; column_padding=&#8221;5&#8243; disable_element=&#8221;yes&#8221; css=&#8221;.vc_custom_1634194567276{padding-right: 2% !important;padding-left: 2% !important;}&#8221;][vc_column width=&#8221;1\/2&#8243;][mk_fancy_title color=&#8221;#777777&#8243; size=&#8221;28&#8243; force_font_size=&#8221;true&#8221; size_smallscreen=&#8221;25&#8243; size_tablet=&#8221;25&#8243; size_phone=&#8221;20&#8243; margin_bottom=&#8221;0&#8243; font_family=&#8221;none&#8221;]USA[\/mk_fancy_title][mk_divider style=&#8221;thin_solid&#8221; margin_top=&#8221;5&#8243;][mk_custom_list style=&#8221;&#8221; icon_color=&#8221;#c4c4c4&#8243; el_class=&#8221;non-padding&#8221;]\n<ul>\n<li><a href=\"\/us\/regional-channel-manager-central-region\/\" target=\"_blank\" rel=\"noopener noreferrer\">Regional Channel Manager \/ Central Region<\/a><\/li>\n<li><a href=\"\/us\/human-resources-administrative-officer\/\" target=\"_blank\" rel=\"noopener noreferrer\">Human Resources Administrative Officer<\/a><\/li>\n<li><a href=\"\/us\/country-manager-us-market\/\" target=\"_blank\" rel=\"noopener noreferrer\">Country Manager<\/a><\/li>\n<li><a href=\"\/us\/partner-development-manager\/\" target=\"_blank\" rel=\"noopener noreferrer\">Partner Development Manager \u2013 US Eastern or Western Region<\/a><\/li>\n<\/ul>\n[\/mk_custom_list][\/vc_column][vc_column width=&#8221;1\/2&#8243;][mk_fancy_title color=&#8221;#777777&#8243; size=&#8221;28&#8243; force_font_size=&#8221;true&#8221; size_smallscreen=&#8221;25&#8243; size_tablet=&#8221;25&#8243; size_phone=&#8221;20&#8243; margin_bottom=&#8221;0&#8243; font_family=&#8221;none&#8221;]France[\/mk_fancy_title][mk_divider style=&#8221;thin_solid&#8221; margin_top=&#8221;5&#8243;][mk_custom_list style=&#8221;&#8221; el_class=&#8221;non-padding&#8221;]\n<ul>\n<li><a title=\"Senior VoIP System Engineer \u2013 Team leader\" href=\"https:\/\/old.wildix.com\/fr\/senior-voip-system-engineer-team-leader\/\">Senior VoIP System Engineer \u2013 Team leader<\/a><\/li>\n<li><a title=\"System Engineer VoIP\" href=\"https:\/\/old.wildix.com\/fr\/system-engineer-voip\/\">System Engineer VoIP<\/a><\/li>\n<\/ul>\n[\/mk_custom_list][\/vc_column][\/vc_row][vc_row fullwidth=&#8221;true&#8221; fullwidth_content=&#8221;false&#8221; column_padding=&#8221;5&#8243; disable_element=&#8221;yes&#8221; css=&#8221;.vc_custom_1634194572412{padding-right: 2% !important;padding-bottom: 3% !important;padding-left: 2% !important;}&#8221;][vc_column width=&#8221;1\/2&#8243;][mk_fancy_title color=&#8221;#777777&#8243; size=&#8221;28&#8243; force_font_size=&#8221;true&#8221; size_smallscreen=&#8221;25&#8243; size_tablet=&#8221;25&#8243; size_phone=&#8221;20&#8243; margin_bottom=&#8221;0&#8243; font_family=&#8221;none&#8221;]R&amp;D Odessa[\/mk_fancy_title][mk_divider style=&#8221;thin_solid&#8221; margin_top=&#8221;5&#8243;][mk_custom_list style=&#8221;&#8221; el_class=&#8221;non-padding&#8221;]\n<ul style=\"list-style-type: none;\">\n<li><a title=\"Salesforce Business Analyst\" href=\"https:\/\/old.wildix.com\/ua\/salesforce-business-analyst\/\" target=\"_blank\" rel=\"noopener noreferrer\">Salesforce Business Analyst<\/a><\/li>\n<li><a title=\"Marketing Specialist (Italian Market)\" href=\"https:\/\/old.wildix.com\/ua\/marketing-specialist-italian-market\/\" target=\"_blank\" rel=\"noopener noreferrer\">Marketing Specialist (Italian Market)<\/a><\/li>\n<li><a title=\"HR Specialist\" href=\"https:\/\/old.wildix.com\/ua\/hr-manager\/\" target=\"_blank\" rel=\"noopener noreferrer\">HR Specialist<\/a><\/li>\n<li><a title=\"Marketing Executive (US market)\" href=\"https:\/\/old.wildix.com\/ua\/marketing-executive-us-market\/\" target=\"_blank\" rel=\"noopener noreferrer\">Marketing Executive (US market)<\/a><\/li>\n<li><a title=\"Middle QA Engineer\" href=\"https:\/\/old.wildix.com\/ua\/middle-qa\/\" target=\"_blank\" rel=\"noopener noreferrer\">Middle QA Engineer<\/a><\/li>\n<li><a title=\"Middle\/Senior React Developer\" href=\"https:\/\/old.wildix.com\/ua\/react-developer\/\" target=\"_blank\" rel=\"noopener noreferrer\">Middle\/Senior React Developer<\/a><\/li>\n<li><a title=\"Sales Specialist (UK Market)\" href=\"https:\/\/old.wildix.com\/sales-specialist-uk-market\/\" target=\"_blank\" rel=\"noopener noreferrer\">Sales Specialist (UK Market)<\/a><\/li>\n<\/ul>\n[\/mk_custom_list][\/vc_column][vc_column width=&#8221;1\/2&#8243;][mk_fancy_title color=&#8221;#777777&#8243; size=&#8221;28&#8243; force_font_size=&#8221;true&#8221; size_smallscreen=&#8221;25&#8243; size_tablet=&#8221;25&#8243; size_phone=&#8221;20&#8243; margin_bottom=&#8221;0&#8243; font_family=&#8221;none&#8221;]Spain[\/mk_fancy_title][mk_divider style=&#8221;thin_solid&#8221; margin_top=&#8221;5&#8243;][mk_custom_list style=&#8221;&#8221; el_class=&#8221;non-padding&#8221;]\n<ul>\n<li><a href=\"https:\/\/old.wildix.com\/es\/sales-country-manager-spain\/\">Sales Country Manager<\/a><\/li>\n<\/ul>\n[\/mk_custom_list][\/vc_column][\/vc_row][vc_row disable_element=&#8221;yes&#8221; id=&#8221;channel-account-manager&#8221;][vc_column][mk_padding_divider size=&#8221;100&#8243;][mk_content_box heading=&#8221;Channel Account Manager | United Kingdom, Coventry&#8221; icon=&#8221;mk-icon-user&#8221;][vc_column_text css=&#8221;.vc_custom_1550131512130{margin-bottom: 0px !important;}&#8221;]Due to continued growth within the UK, Wildix are pleased to make available the <b>Position of Channel Account Manager<\/b>, a role that would suit an individual that is self motivated, target focused and driven by success.<\/p>\n<p>As part of the Wildix team, travel will be involved with overnight stays within the UK and some international trips required, so flexibility is a requirement for anyone wishing to join this fast paced forward thinking company.<\/p>\n<p>Day to day duties will include remote and face to face presentations, both to our partners and end users so great presentation skills are a must, in addition to this the role includes recruitment of new partners, on boarding partners and managing day to day relationships.<\/p>\n<p>Full product training will be given but ideally, any candidate should have sales or account management experience preferable within a channel role, any previous knowledge of Voice over IP, Telecoms and IT would be distinct advantage.<\/p>\n<p><b>As an employee of Wildix<\/b> you can expect the benefits that go with working for a Global technology company and the rewards to match, along with a pleasant working environment in the heart of Coventry based at the historic Canal basin within a bright and friendly facility.[\/vc_column_text][vc_row_inner css=&#8221;.vc_custom_1524800625797{margin-top: 0px !important;border-top-width: 0px !important;padding-top: 0px !important;}&#8221;][vc_column_inner width=&#8221;1\/2&#8243;][mk_fancy_title tag_name=&#8221;h3&#8243; size=&#8221;25&#8243; force_font_size=&#8221;true&#8221; size_smallscreen=&#8221;20&#8243; size_tablet=&#8221;20&#8243; size_phone=&#8221;18&#8243; font_family=&#8221;none&#8221;]We Offer:[\/mk_fancy_title][mk_custom_list style=&#8221;mk-moon-circle-small&#8221;]\n<ul>\n<li>Competitive Salary<\/li>\n<li>Car Allowance<\/li>\n<li>Expense Account<\/li>\n<li>Flexible working<\/li>\n<\/ul>\n[\/mk_custom_list][\/vc_column_inner][vc_column_inner width=&#8221;1\/2&#8243;][\/vc_column_inner][\/vc_row_inner][vc_column_text css=&#8221;.vc_custom_1550131595795{margin-bottom: 0px !important;}&#8221;]<strong>Please apply for this role by forwarding your CV to: <a href=\"mailto:uk.job@wildix.com\">uk.job@wildix.com<\/a><\/strong>[\/vc_column_text][\/mk_content_box][\/vc_column][\/vc_row][vc_row disable_element=&#8221;yes&#8221; id=&#8221;assistant-office-manager&#8221;][vc_column][mk_padding_divider size=&#8221;100&#8243;][mk_content_box heading=&#8221;Assistant Office Manager | United Kingdom, Coventry&#8221; icon=&#8221;mk-icon-user&#8221;][vc_column_text css=&#8221;.vc_custom_1552317818807{margin-bottom: 0px !important;}&#8221;]Due to continued growth within the UK, Wildix are pleased to make available the Position of <b>Assistant Office Manager<\/b>, a role that is suited for enthusiastic team player with a keen eye for detail. As part of the Wildix team, travel will be involved with overnight stays within the UK and some international trips required, so flexibility is a requirement for anyone wishing to join this fast paced forward thinking company. Day to day duties will include but not be limited to assisting with general administrative duties within the department, diary management and arranging meetings, Provide general support to the UK management team, incoming enquiry assistance, assisting Wildix partners with pre-sales \/ technical information, organising events alongside the UK Marketing Manager and day to day office duties.<\/p>\n<p><b>As an Employee of Wildix <\/b>you can expect the benefits that go with working for a Global technology company and the rewards to match, along with a pleasant working environment in the heart of Coventry based at the historic Canal basin within a bright and friendly facility.[\/vc_column_text][vc_row_inner css=&#8221;.vc_custom_1524800625797{margin-top: 0px !important;border-top-width: 0px !important;padding-top: 0px !important;}&#8221;][vc_column_inner width=&#8221;1\/2&#8243;][mk_fancy_title tag_name=&#8221;h3&#8243; size=&#8221;25&#8243; force_font_size=&#8221;true&#8221; size_smallscreen=&#8221;20&#8243; size_tablet=&#8221;20&#8243; size_phone=&#8221;18&#8243; font_family=&#8221;none&#8221;]Skills and Experience required:[\/mk_fancy_title][mk_custom_list style=&#8221;mk-moon-circle-small&#8221;]\n<ul>\n<li>Strong academic background with minimum A levels in English and Maths;<\/li>\n<li>Excellent verbal and written communication skills;<\/li>\n<li>Interpersonal skills with the ability to build and maintain strong working relationships;<\/li>\n<li>Strong organisational skills and the ability to manage multiple projects;<\/li>\n<li>Work to tight deadlines and under pressure;<\/li>\n<li>Able to confidently use your initiative and work autonomously;<\/li>\n<li>Attention to detail including strong proofreading skills, grammar and spelling;<\/li>\n<li>Good working knowledge of Excel and PowerPoint;<\/li>\n<li>Maintain a professional image at all times;<\/li>\n<li>Enthusiastic and self-motivated;<\/li>\n<li>Some knowledge of Telecoms desirable;<\/li>\n<li>A team player with a can-do attitude.<\/li>\n<\/ul>\n[\/mk_custom_list][\/vc_column_inner][vc_column_inner width=&#8221;1\/2&#8243;][mk_fancy_title tag_name=&#8221;h3&#8243; size=&#8221;25&#8243; force_font_size=&#8221;true&#8221; size_smallscreen=&#8221;20&#8243; size_tablet=&#8221;20&#8243; size_phone=&#8221;18&#8243; font_family=&#8221;none&#8221;]We Offer:[\/mk_fancy_title][mk_custom_list style=&#8221;mk-moon-circle-small&#8221;]\n<ul>\n<li>Competitive Salary<\/li>\n<li>Flexible working<\/li>\n<li>In house training<\/li>\n<\/ul>\n[\/mk_custom_list][\/vc_column_inner][\/vc_row_inner][vc_column_text css=&#8221;.vc_custom_1550131595795{margin-bottom: 0px !important;}&#8221;]<strong>Please apply for this role by forwarding your CV to: <a href=\"mailto:uk.job@wildix.com\">uk.job@wildix.com<\/a><\/strong>[\/vc_column_text][\/mk_content_box][mk_padding_divider size=&#8221;70&#8243;][\/vc_column][\/vc_row][mk_page_section bg_gradient=&#8221;left_top&#8221; video_color_mask=&#8221;#90f3f2&#8243; gr_end=&#8221;#003366&#8243; video_opacity=&#8221;0.9&#8243; min_height=&#8221;200&#8243; full_width=&#8221;true&#8221; sidebar=&#8221;sidebar-1&#8243;][vc_column][vc_empty_space height=&#8221;50px&#8221;][vc_row_inner][vc_column_inner][mk_icon_box icon=&#8221;mk-li-mail&#8221; title=&#8221;job@wildix.com&#8221; text_size=&#8221;26&#8243; font_weight=&#8221;400&#8243; read_more_url=&#8221;mailto:job@wildix.com&#8221; style=&#8221;simple_ultimate&#8221; icon_size=&#8221;x-large&#8221; rounded_circle=&#8221;true&#8221; icon_location=&#8221;top&#8221; icon_color=&#8221;&#8221; title_color=&#8221;#ffffff&#8221; txt_color=&#8221;#ffffff&#8221; txt_link_color=&#8221;#ffffff&#8221;]Om du \u00e4r intresserad av att jobba med oss, skicka ditt CV[\/mk_icon_box][\/vc_column_inner][\/vc_row_inner][\/vc_column][\/mk_page_section]\n<\/section>","protected":false},"excerpt":{"rendered":"<p>[mk_page_section bg_gradient=&#8221;left_top&#8221; video_color_mask=&#8221;#003366&#8243; gr_end=&#8221;#90f3f2&#8243; video_opacity=&#8221;0.9&#8243; min_height=&#8221;250&#8243; full_width=&#8221;true&#8221; padding_top=&#8221;0&#8243; padding_bottom=&#8221;0&#8243; sidebar=&#8221;sidebar-1&#8243; first_page=&#8221;false&#8221; last_page=&#8221;false&#8221;][vc_column][mk_padding_divider size=&#8221;120&#8243; visibility=&#8221;hidden-sm&#8221;][mk_padding_divider size=&#8221;70&#8243; visibility=&#8221;visible-sm&#8221;][mk_fancy_title tag_name=&#8221;h1&#8243; color=&#8221;#ffffff&#8221; size=&#8221;70&#8243; force_font_size=&#8221;true&#8221; size_smallscreen=&#8221;60&#8243; size_tablet=&#8221;50&#8243; size_phone=&#8221;40&#8243; font_weight=&#8221;300&#8243; font_style=&#8221;normal&#8221; txt_transform=&#8221;none&#8221; margin_bottom=&#8221;0&#8243; font_family=&#8221;none&#8221; align=&#8221;center&#8221;]Jobba med oss[\/mk_fancy_title][mk_fancy_title tag_name=&#8221;span&#8221; color=&#8221;#ffffff&#8221; size=&#8221;24&#8243; force_font_size=&#8221;true&#8221; size_smallscreen=&#8221;22&#8243; size_tablet=&#8221;22&#8243; size_phone=&#8221;20&#8243; font_weight=&#8221;300&#8243; font_style=&#8221;normal&#8221; txt_transform=&#8221;none&#8221; margin_bottom=&#8221;0&#8243; font_family=&#8221;none&#8221; align=&#8221;center&#8221;]Jobbm\u00f6jligheter hos Wildix[\/mk_fancy_title][mk_padding_divider size=&#8221;30&#8243;][\/vc_column][\/mk_page_section][vc_row fullwidth=&#8221;true&#8221; fullwidth_content=&#8221;false&#8221; css=&#8221;.vc_custom_1602062742209{background-color: #f2f2f2 !important;}&#8221;][vc_column][mk_padding_divider size=&#8221;50&#8243;][\/vc_column][\/vc_row][vc_row fullwidth=&#8221;true&#8221; fullwidth_content=&#8221;false&#8221; [&hellip;]<\/p>\n","protected":false},"author":6,"featured_media":7833933,"parent":0,"menu_order":0,"comment_status":"closed","ping_status":"closed","template":"","meta":{"wpupg_custom_link":[],"wpupg_custom_link_behaviour":["default"],"wpupg_custom_image":[],"wpupg_custom_image_id":[],"footnotes":""},"acf":[],"yoast_head":"<!-- This site is optimized with the Yoast SEO plugin v21.8 - https:\/\/yoast.com\/wordpress\/plugins\/seo\/ -->\n<title>Work with us | Open job opportunities in Wildix<\/title>\n<meta name=\"description\" content=\"Wildix is looking for sales and tech specialists, web developers and QA engineers. Discover open job opportunities in Wildix.\" \/>\n<meta name=\"robots\" content=\"noindex, follow, max-snippet:-1, max-image-preview:large, max-video-preview:-1\" \/>\n<meta property=\"og:locale\" content=\"sv_SE\" \/>\n<meta property=\"og:type\" content=\"article\" \/>\n<meta property=\"og:title\" content=\"Work with us | Open job opportunities in Wildix\" \/>\n<meta property=\"og:description\" content=\"Wildix is looking for sales and tech specialists, web developers and QA engineers. Discover open job opportunities in Wildix.\" \/>\n<meta property=\"og:url\" content=\"https:\/\/old.wildix.com\/sv\/jobba-med-oss\/\" \/>\n<meta property=\"og:site_name\" content=\"Wildix\" \/>\n<meta property=\"article:modified_time\" content=\"2021-10-14T06:56:16+00:00\" \/>\n<meta property=\"og:image\" content=\"https:\/\/old.wildix.com\/wp-content\/uploads\/2019\/03\/wildix-are-hiring.jpg\" \/>\n\t<meta property=\"og:image:width\" content=\"1200\" \/>\n\t<meta property=\"og:image:height\" content=\"929\" \/>\n\t<meta property=\"og:image:type\" content=\"image\/jpeg\" \/>\n<meta name=\"twitter:card\" content=\"summary_large_image\" \/>\n<meta name=\"twitter:label1\" content=\"Ber\u00e4knad l\u00e4stid\" \/>\n\t<meta name=\"twitter:data1\" content=\"5 minuter\" \/>\n<script type=\"application\/ld+json\" class=\"yoast-schema-graph\">{\"@context\":\"https:\/\/schema.org\",\"@graph\":[{\"@type\":\"WebPage\",\"@id\":\"https:\/\/old.wildix.com\/sv\/jobba-med-oss\/\",\"url\":\"https:\/\/old.wildix.com\/sv\/jobba-med-oss\/\",\"name\":\"Work with us | Open job opportunities in Wildix\",\"isPartOf\":{\"@id\":\"https:\/\/old.wildix.com\/#website\"},\"datePublished\":\"2018-04-26T13:20:50+00:00\",\"dateModified\":\"2021-10-14T06:56:16+00:00\",\"description\":\"Wildix is looking for sales and tech specialists, web developers and QA engineers. Discover open job opportunities in Wildix.\",\"breadcrumb\":{\"@id\":\"https:\/\/old.wildix.com\/sv\/jobba-med-oss\/#breadcrumb\"},\"inLanguage\":\"sv-SE\",\"potentialAction\":[{\"@type\":\"ReadAction\",\"target\":[\"https:\/\/old.wildix.com\/sv\/jobba-med-oss\/\"]}]},{\"@type\":\"BreadcrumbList\",\"@id\":\"https:\/\/old.wildix.com\/sv\/jobba-med-oss\/#breadcrumb\",\"itemListElement\":[{\"@type\":\"ListItem\",\"position\":1,\"name\":\"Home\",\"item\":\"https:\/\/old.wildix.com\/\"},{\"@type\":\"ListItem\",\"position\":2,\"name\":\"Jobba med oss\"}]},{\"@type\":\"WebSite\",\"@id\":\"https:\/\/old.wildix.com\/#website\",\"url\":\"https:\/\/old.wildix.com\/\",\"name\":\"Wildix\",\"description\":\"Wildix PBX | VoIP Solutions | Unified Communications | WebRTC\",\"publisher\":{\"@id\":\"https:\/\/old.wildix.com\/#organization\"},\"potentialAction\":[{\"@type\":\"SearchAction\",\"target\":{\"@type\":\"EntryPoint\",\"urlTemplate\":\"https:\/\/old.wildix.com\/?s={search_term_string}\"},\"query-input\":\"required name=search_term_string\"}],\"inLanguage\":\"sv-SE\"},{\"@type\":\"Organization\",\"@id\":\"https:\/\/old.wildix.com\/#organization\",\"name\":\"Wildix\",\"url\":\"https:\/\/old.wildix.com\/\",\"logo\":{\"@type\":\"ImageObject\",\"inLanguage\":\"sv-SE\",\"@id\":\"https:\/\/old.wildix.com\/#\/schema\/logo\/image\/\",\"url\":\"https:\/\/old.wildix.com\/wp-content\/uploads\/2018\/04\/wildix-logo-2.png\",\"contentUrl\":\"https:\/\/old.wildix.com\/wp-content\/uploads\/2018\/04\/wildix-logo-2.png\",\"width\":440,\"height\":200,\"caption\":\"Wildix\"},\"image\":{\"@id\":\"https:\/\/old.wildix.com\/#\/schema\/logo\/image\/\"}}]}<\/script>\n<!-- \/ Yoast SEO plugin. -->","yoast_head_json":{"title":"Work with us | Open job opportunities in Wildix","description":"Wildix is looking for sales and tech specialists, web developers and QA engineers. Discover open job opportunities in Wildix.","robots":{"index":"noindex","follow":"follow","max-snippet":"max-snippet:-1","max-image-preview":"max-image-preview:large","max-video-preview":"max-video-preview:-1"},"og_locale":"sv_SE","og_type":"article","og_title":"Work with us | Open job opportunities in Wildix","og_description":"Wildix is looking for sales and tech specialists, web developers and QA engineers. Discover open job opportunities in Wildix.","og_url":"https:\/\/old.wildix.com\/sv\/jobba-med-oss\/","og_site_name":"Wildix","article_modified_time":"2021-10-14T06:56:16+00:00","og_image":[{"width":1200,"height":929,"url":"https:\/\/old.wildix.com\/wp-content\/uploads\/2019\/03\/wildix-are-hiring.jpg","type":"image\/jpeg"}],"twitter_card":"summary_large_image","twitter_misc":{"Ber\u00e4knad l\u00e4stid":"5 minuter"},"schema":{"@context":"https:\/\/schema.org","@graph":[{"@type":"WebPage","@id":"https:\/\/old.wildix.com\/sv\/jobba-med-oss\/","url":"https:\/\/old.wildix.com\/sv\/jobba-med-oss\/","name":"Work with us | Open job opportunities in Wildix","isPartOf":{"@id":"https:\/\/old.wildix.com\/#website"},"datePublished":"2018-04-26T13:20:50+00:00","dateModified":"2021-10-14T06:56:16+00:00","description":"Wildix is looking for sales and tech specialists, web developers and QA engineers. Discover open job opportunities in Wildix.","breadcrumb":{"@id":"https:\/\/old.wildix.com\/sv\/jobba-med-oss\/#breadcrumb"},"inLanguage":"sv-SE","potentialAction":[{"@type":"ReadAction","target":["https:\/\/old.wildix.com\/sv\/jobba-med-oss\/"]}]},{"@type":"BreadcrumbList","@id":"https:\/\/old.wildix.com\/sv\/jobba-med-oss\/#breadcrumb","itemListElement":[{"@type":"ListItem","position":1,"name":"Home","item":"https:\/\/old.wildix.com\/"},{"@type":"ListItem","position":2,"name":"Jobba med oss"}]},{"@type":"WebSite","@id":"https:\/\/old.wildix.com\/#website","url":"https:\/\/old.wildix.com\/","name":"Wildix","description":"Wildix PBX | VoIP Solutions | Unified Communications | WebRTC","publisher":{"@id":"https:\/\/old.wildix.com\/#organization"},"potentialAction":[{"@type":"SearchAction","target":{"@type":"EntryPoint","urlTemplate":"https:\/\/old.wildix.com\/?s={search_term_string}"},"query-input":"required name=search_term_string"}],"inLanguage":"sv-SE"},{"@type":"Organization","@id":"https:\/\/old.wildix.com\/#organization","name":"Wildix","url":"https:\/\/old.wildix.com\/","logo":{"@type":"ImageObject","inLanguage":"sv-SE","@id":"https:\/\/old.wildix.com\/#\/schema\/logo\/image\/","url":"https:\/\/old.wildix.com\/wp-content\/uploads\/2018\/04\/wildix-logo-2.png","contentUrl":"https:\/\/old.wildix.com\/wp-content\/uploads\/2018\/04\/wildix-logo-2.png","width":440,"height":200,"caption":"Wildix"},"image":{"@id":"https:\/\/old.wildix.com\/#\/schema\/logo\/image\/"}}]}},"_links":{"self":[{"href":"https:\/\/old.wildix.com\/sv\/wp-json\/wp\/v2\/pages\/7851047"}],"collection":[{"href":"https:\/\/old.wildix.com\/sv\/wp-json\/wp\/v2\/pages"}],"about":[{"href":"https:\/\/old.wildix.com\/sv\/wp-json\/wp\/v2\/types\/page"}],"author":[{"embeddable":true,"href":"https:\/\/old.wildix.com\/sv\/wp-json\/wp\/v2\/users\/6"}],"replies":[{"embeddable":true,"href":"https:\/\/old.wildix.com\/sv\/wp-json\/wp\/v2\/comments?post=7851047"}],"version-history":[{"count":0,"href":"https:\/\/old.wildix.com\/sv\/wp-json\/wp\/v2\/pages\/7851047\/revisions"}],"wp:featuredmedia":[{"embeddable":true,"href":"https:\/\/old.wildix.com\/sv\/wp-json\/wp\/v2\/media\/7833933"}],"wp:attachment":[{"href":"https:\/\/old.wildix.com\/sv\/wp-json\/wp\/v2\/media?parent=7851047"}],"curies":[{"name":"wp","href":"https:\/\/api.w.org\/{rel}","templated":true}]}}