{"id":7858250,"date":"2018-05-07T12:26:56","date_gmt":"2018-05-07T12:26:56","guid":{"rendered":"https:\/\/old2.wildix.com\/partners\/"},"modified":"2020-10-15T12:09:22","modified_gmt":"2020-10-15T12:09:22","slug":"partners","status":"publish","type":"page","link":"https:\/\/old.wildix.com\/sv\/partners\/","title":{"rendered":"Wildix Partners"},"content":{"rendered":"<section class=\"wpb-content-wrapper\">[mk_page_section bg_gradient=&#8221;left_top&#8221; video_color_mask=&#8221;#003366&#8243; gr_end=&#8221;#90f3f2&#8243; video_opacity=&#8221;0.9&#8243; full_width=&#8221;true&#8221; padding_top=&#8221;0&#8243; padding_bottom=&#8221;0&#8243; sidebar=&#8221;sidebar-1&#8243; first_page=&#8221;false&#8221; last_page=&#8221;false&#8221;][vc_column][mk_padding_divider size=&#8221;120&#8243; visibility=&#8221;hidden-sm&#8221;][mk_padding_divider size=&#8221;50&#8243; visibility=&#8221;visible-sm&#8221;][mk_fancy_title color=&#8221;#ffffff&#8221; size=&#8221;58&#8243; force_font_size=&#8221;true&#8221; size_smallscreen=&#8221;60&#8243; size_tablet=&#8221;50&#8243; size_phone=&#8221;40&#8243; font_weight=&#8221;300&#8243; font_style=&#8221;normal&#8221; txt_transform=&#8221;none&#8221; margin_bottom=&#8221;0&#8243; font_family=&#8221;none&#8221; align=&#8221;center&#8221;]Nordiska och Scandinaviska<br \/>\nWildix partners[\/mk_fancy_title][mk_padding_divider size=&#8221;30&#8243; visibility=&#8221;hidden-sm&#8221;][mk_padding_divider size=&#8221;20&#8243; visibility=&#8221;visible-sm&#8221;][\/vc_column][\/mk_page_section][vc_row fullwidth=&#8221;true&#8221; fullwidth_content=&#8221;false&#8221;][vc_column][mk_padding_divider size=&#8221;50&#8243; visibility=&#8221;hidden-sm&#8221;][mk_padding_divider size=&#8221;30&#8243; visibility=&#8221;visible-sm&#8221;][vc_column_text align=&#8221;center&#8221; css=&#8221;.vc_custom_1599477806787{margin-bottom: 0px !important;padding-right: 3% !important;padding-left: 3% !important;}&#8221;]Lista med Wildix certifierade nordiska och scandinaviska guld-och-platinumpartners.[\/vc_column_text][vc_column_text css=&#8221;.vc_custom_1599477750188{margin-bottom: 0px !important;}&#8221;]\n<p style=\"text-align: center;\"><span class=\"text\"><strong>F\u00f6r att hitta Wildix Platinum-och Guldpartners, v\u00e4lj det omr\u00e5de du \u00e4r intresserad av.<\/strong>\u00a0<\/span><\/p>\n[\/vc_column_text][mk_padding_divider size=&#8221;30&#8243;][vc_raw_html]JTVCd3BzbCUyMHRlbXBsYXRlJTNEJTIyZGVmYXVsdCUyMiUyMGF1dG9fbG9jYXRlJTNEJTIyZmFsc2UlMjIlMjB6b29tJTNEJTIyMiUyMiUyMHN0YXJ0X2xvY2F0aW9uJTNEJTIyVGFsbGlubiUyMiUyMGNhdGVnb3J5JTNEJTIyTm9yZGljcy1hbmQtU2NhbmRpbmF2aWFuLXBhcnRuZXJzJTIyJTIwbWFwX3R5cGUlM0QlMjJ0ZXJyYWluJTIyJTIwc3RhcnRfbWFya2VyJTNEJTIyZ3JleSUyMiUyMHN0b3JlX21hcmtlciUzRCUyMmJsdWUlMjIlNUQlMEE=[\/vc_raw_html][mk_padding_divider size=&#8221;30&#8243;][\/vc_column][\/vc_row][vc_row fullwidth=&#8221;true&#8221; fullwidth_content=&#8221;false&#8221; css=&#8221;.vc_custom_1585305274881{background-color: #f2f2f2 !important;}&#8221;][vc_column][vc_row_inner][vc_column_inner][mk_padding_divider size=&#8221;15&#8243;][mk_fancy_title size=&#8221;28&#8243; force_font_size=&#8221;true&#8221; size_smallscreen=&#8221;25&#8243; size_tablet=&#8221;25&#8243; size_phone=&#8221;20&#8243; margin_top=&#8221;20&#8243; margin_bottom=&#8221;&#8221; font_family=&#8221;none&#8221; align=&#8221;center&#8221;]Klicka nedan och bli en del av Wildix ecosystem![\/mk_fancy_title][mk_button dimension=&#8221;outline&#8221; corner_style=&#8221;full_rounded&#8221; size=&#8221;large&#8221; icon=&#8221;mk-li-rocket&#8221; url=&#8221;https:\/\/www.wildixpartner.com\/&#8221; target=&#8221;_blank&#8221; align=&#8221;center&#8221; outline_skin=&#8221;custom&#8221; outline_active_color=&#8221;#dd9933&#8243; outline_active_text_color=&#8221;#dd9933&#8243; outline_hover_bg_color=&#8221;#dd9933&#8243; outline_hover_color=&#8221;#ffffff&#8221;]Bli en Wildixpartner[\/mk_button][mk_padding_divider size=&#8221;20&#8243;][\/vc_column_inner][\/vc_row_inner][\/vc_column][\/vc_row][vc_row fullwidth=&#8221;true&#8221; fullwidth_content=&#8221;false&#8221; css=&#8221;.vc_custom_1563980243307{background-color: #003366 !important;}&#8221;][vc_column][mk_padding_divider][mk_fancy_title color=&#8221;#ffffff&#8221; size=&#8221;28&#8243; force_font_size=&#8221;true&#8221; size_smallscreen=&#8221;25&#8243; size_tablet=&#8221;25&#8243; size_phone=&#8221;25&#8243; font_weight=&#8221;300&#8243; font_style=&#8221;normal&#8221; txt_transform=&#8221;none&#8221; margin_bottom=&#8221;0&#8243; font_family=&#8221;none&#8221; align=&#8221;center&#8221;]Intresserad av partners i andra l\u00e4nder?[\/mk_fancy_title][mk_padding_divider size=&#8221;20&#8243; visibility=&#8221;hidden-sm&#8221;][\/vc_column][\/vc_row][vc_row fullwidth=&#8221;true&#8221; fullwidth_content=&#8221;false&#8221; el_class=&#8221;country-btns&#8221; css=&#8221;.vc_custom_1602499155058{margin-top: 0px !important;margin-right: 0px !important;margin-bottom: 0px !important;margin-left: 0px !important;border-top-width: 0px !important;border-right-width: 0px !important;border-bottom-width: 0px !important;border-left-width: 0px !important;padding-top: 0px !important;padding-right: 0px !important;padding-bottom: 0px !important;padding-left: 0px !important;background-color: #003366 !important;}&#8221;][vc_column width=&#8221;1\/2&#8243; css=&#8221;.vc_custom_1602499852497{margin-top: 0px !important;margin-right: 0px !important;margin-bottom: 0px !important;margin-left: 0px !important;border-top-width: 0px !important;border-right-width: 0px !important;border-bottom-width: 0px !important;border-left-width: 0px !important;padding-top: 0px !important;padding-right: 0px !important;padding-bottom: 0px !important;padding-left: 0px !important;}&#8221; offset=&#8221;vc_hidden-sm vc_hidden-xs&#8221;][vc_row_inner css=&#8221;.vc_custom_1602499858768{margin-top: 0px !important;margin-right: 0px !important;margin-bottom: 0px !important;margin-left: 4px !important;padding-top: 0px !important;padding-right: 0px !important;padding-bottom: 0px !important;padding-left: 0px !important;}&#8221;][vc_column_inner width=&#8221;1\/4&#8243; css=&#8221;.vc_custom_1602499383833{margin: 0px !important;padding: 0px !important;border: 0px initial !important;}&#8221;][mk_button dimension=&#8221;flat&#8221; corner_style=&#8221;rounded&#8221; size=&#8221;large&#8221; url=&#8221;\/sv\/wildix-partners-worldwide\/&#8221; align=&#8221;right&#8221; fullwidth=&#8221;true&#8221; margin_bottom=&#8221;-30&#8243; margin_right=&#8221;0&#8243; el_class=&#8221;blue-btn&#8221; bg_color=&#8221;#72d3e4&#8243; btn_hover_bg=&#8221;rgba(0,0,0,0)&#8221; btn_hover_txt_color=&#8221;#72d3e4&#8243;]Worldwide[\/mk_button][\/vc_column_inner][vc_column_inner width=&#8221;1\/4&#8243; css=&#8221;.vc_custom_1602499402717{margin: 0px !important;padding: 0px !important;border: 0px initial !important;}&#8221;][mk_button dimension=&#8221;flat&#8221; corner_style=&#8221;rounded&#8221; size=&#8221;large&#8221; letter_spacing=&#8221;1&#8243; url=&#8221;https:\/\/old.wildix.com\/us\/partners\/&#8221; align=&#8221;right&#8221; fullwidth=&#8221;true&#8221; margin_bottom=&#8221;-30&#8243; margin_right=&#8221;0&#8243; bg_color=&#8221;#dd9933&#8243; btn_hover_bg=&#8221;rgba(10,10,10,0)&#8221; btn_hover_txt_color=&#8221;#dd9933&#8243;]Americas[\/mk_button][\/vc_column_inner][vc_column_inner width=&#8221;1\/4&#8243; css=&#8221;.vc_custom_1602499424120{margin: 0px !important;padding: 0px !important;border: 0px initial !important;}&#8221;][mk_button dimension=&#8221;flat&#8221; corner_style=&#8221;rounded&#8221; size=&#8221;large&#8221; letter_spacing=&#8221;1&#8243; url=&#8221;https:\/\/old.wildix.com\/de\/partner\/&#8221; align=&#8221;right&#8221; fullwidth=&#8221;true&#8221; margin_bottom=&#8221;-30&#8243; margin_right=&#8221;0&#8243; bg_color=&#8221;#dd9933&#8243; btn_hover_bg=&#8221;rgba(224,163,71,0)&#8221; btn_hover_txt_color=&#8221;#dd9933&#8243;]DACH[\/mk_button][\/vc_column_inner][vc_column_inner width=&#8221;1\/4&#8243; css=&#8221;.vc_custom_1602499432619{margin: 0px !important;padding: 0px !important;border: 0px initial !important;}&#8221;][mk_button dimension=&#8221;flat&#8221; corner_style=&#8221;rounded&#8221; size=&#8221;large&#8221; letter_spacing=&#8221;1&#8243; url=&#8221;https:\/\/old.wildix.com\/fr\/partenaires\/&#8221; align=&#8221;right&#8221; fullwidth=&#8221;true&#8221; margin_bottom=&#8221;-30&#8243; margin_right=&#8221;0&#8243; el_class=&#8221;twolinebutton&#8221; bg_color=&#8221;#dd9933&#8243; btn_hover_bg=&#8221;rgba(10,1,1,0)&#8221; btn_hover_txt_color=&#8221;#dd9933&#8243;]French-speaking countries[\/mk_button][\/vc_column_inner][\/vc_row_inner][mk_padding_divider visibility=&#8221;hidden-sm&#8221;][mk_padding_divider visibility=&#8221;hidden-sm&#8221;][\/vc_column][vc_column width=&#8221;1\/2&#8243; css=&#8221;.vc_custom_1602492307245{margin-top: 0px !important;margin-right: 0px !important;margin-bottom: 0px !important;margin-left: 0px !important;border-top-width: 0px !important;border-right-width: 0px !important;border-bottom-width: 0px !important;border-left-width: 0px !important;padding-top: 0px !important;padding-right: 0px !important;padding-bottom: 0px !important;padding-left: 0px !important;}&#8221; offset=&#8221;vc_hidden-sm vc_hidden-xs&#8221;][vc_row_inner css=&#8221;.vc_custom_1602499243470{margin: 0px !important;padding: 0px !important;border: 0px initial !important;}&#8221;][vc_column_inner width=&#8221;1\/4&#8243; css=&#8221;.vc_custom_1602499481645{margin: 0px !important;padding: 0px !important;border: 0px initial !important;}&#8221;][mk_button dimension=&#8221;flat&#8221; corner_style=&#8221;rounded&#8221; size=&#8221;large&#8221; letter_spacing=&#8221;1&#8243; url=&#8221;https:\/\/old.wildix.com\/it\/partner\/&#8221; align=&#8221;right&#8221; fullwidth=&#8221;true&#8221; margin_bottom=&#8221;-30&#8243; margin_right=&#8221;0&#8243; bg_color=&#8221;#dd9933&#8243; btn_hover_bg=&#8221;rgba(59,63,3,0)&#8221; btn_hover_txt_color=&#8221;#dd9933&#8243;]Italy[\/mk_button][\/vc_column_inner][vc_column_inner width=&#8221;1\/4&#8243; css=&#8221;.vc_custom_1602499489519{margin: 0px !important;padding: 0px !important;border: 0px initial !important;}&#8221;][mk_button dimension=&#8221;flat&#8221; corner_style=&#8221;rounded&#8221; size=&#8221;large&#8221; letter_spacing=&#8221;1&#8243; url=&#8221;https:\/\/old.wildix.com\/es\/partner\/&#8221; align=&#8221;right&#8221; fullwidth=&#8221;true&#8221; margin_bottom=&#8221;-30&#8243; margin_right=&#8221;0&#8243; bg_color=&#8221;#dd9933&#8243; btn_hover_bg=&#8221;rgba(224,163,71,0)&#8221; btn_hover_txt_color=&#8221;#dd9933&#8243;]Spain[\/mk_button][\/vc_column_inner][vc_column_inner width=&#8221;1\/4&#8243; css=&#8221;.vc_custom_1602499503031{margin: 0px !important;padding: 0px !important;border: 0px initial !important;}&#8221;][mk_button dimension=&#8221;flat&#8221; corner_style=&#8221;rounded&#8221; size=&#8221;large&#8221; letter_spacing=&#8221;1&#8243; url=&#8221;https:\/\/old.wildix.com\/partners\/&#8221; align=&#8221;right&#8221; fullwidth=&#8221;true&#8221; margin_bottom=&#8221;-30&#8243; margin_right=&#8221;0&#8243; bg_color=&#8221;#dd9933&#8243; btn_hover_bg=&#8221;rgba(224,163,71,0)&#8221; btn_hover_txt_color=&#8221;#dd9933&#8243;]UK[\/mk_button][\/vc_column_inner][vc_column_inner width=&#8221;1\/4&#8243; css=&#8221;.vc_custom_1602499510370{margin: 0px !important;padding: 0px !important;border: 0px initial !important;}&#8221;][mk_button dimension=&#8221;flat&#8221; corner_style=&#8221;rounded&#8221; size=&#8221;large&#8221; url=&#8221;https:\/\/www.wildixpartner.com\/&#8221; align=&#8221;right&#8221; fullwidth=&#8221;true&#8221; margin_bottom=&#8221;-30&#8243; margin_right=&#8221;0&#8243; el_class=&#8221;blue-btn&#8221; bg_color=&#8221;#72d3e4&#8243; btn_hover_bg=&#8221;rgba(10,6,3,0)&#8221; btn_hover_txt_color=&#8221;#72d3e4&#8243;]Join Wildix[\/mk_button][\/vc_column_inner][\/vc_row_inner][mk_padding_divider visibility=&#8221;hidden-sm&#8221;][mk_padding_divider visibility=&#8221;hidden-sm&#8221;][\/vc_column][\/vc_row][vc_row fullwidth=&#8221;true&#8221; fullwidth_content=&#8221;false&#8221; css=&#8221;.vc_custom_1602499159516{background-color: #003366 !important;}&#8221;][vc_column offset=&#8221;vc_hidden-lg vc_hidden-md&#8221;][vc_column_text css=&#8221;.vc_custom_1602579941808{margin-bottom: 0px !important;padding-right: 3% !important;padding-left: 3% !important;}&#8221;]\n<p style=\"text-align: center; font-width: 400;\"><a href=\"https:\/\/old.wildix.com\/it\/partner\/\" target=\"_blank\" rel=\"noopener noreferrer\">Italy<\/a> | <a href=\"https:\/\/old.wildix.com\/fr\/partenaires\/\" target=\"_blank\" rel=\"noopener noreferrer\">French-speaking countries<\/a> | <a href=\"https:\/\/old.wildix.com\/de\/partner\/\" target=\"_blank\" rel=\"noopener noreferrer\">DACH<\/a> | <a href=\"https:\/\/old.wildix.com\/us\/partners\/\" target=\"_blank\" rel=\"noopener noreferrer\">Americas<\/a> | <a href=\"https:\/\/old.wildix.com\/es\/partner\/\" target=\"_blank\" rel=\"noopener noreferrer\">Spain<\/a> | <a href=\"https:\/\/old.wildix.com\/wildix-partners-worldwide\/\" target=\"_blank\" rel=\"noopener noreferrer\">Worldwide<\/a> | <a href=\"https:\/\/old.wildix.com\/partners\/\" target=\"_blank\" rel=\"noopener noreferrer\">UK<\/a> | <a href=\"https:\/\/www.wildixpartner.com\/\" target=\"_blank\" rel=\"noopener noreferrer\">Join Wildix<br \/>\n<\/a><\/p>\n[\/vc_column_text][mk_padding_divider visibility=&#8221;hidden-sm&#8221;][\/vc_column][\/vc_row]\n<\/section>","protected":false},"excerpt":{"rendered":"<p>[mk_page_section bg_gradient=&#8221;left_top&#8221; video_color_mask=&#8221;#003366&#8243; gr_end=&#8221;#90f3f2&#8243; video_opacity=&#8221;0.9&#8243; full_width=&#8221;true&#8221; padding_top=&#8221;0&#8243; padding_bottom=&#8221;0&#8243; sidebar=&#8221;sidebar-1&#8243; first_page=&#8221;false&#8221; last_page=&#8221;false&#8221;][vc_column][mk_padding_divider size=&#8221;120&#8243; visibility=&#8221;hidden-sm&#8221;][mk_padding_divider size=&#8221;50&#8243; visibility=&#8221;visible-sm&#8221;][mk_fancy_title color=&#8221;#ffffff&#8221; size=&#8221;58&#8243; force_font_size=&#8221;true&#8221; size_smallscreen=&#8221;60&#8243; size_tablet=&#8221;50&#8243; size_phone=&#8221;40&#8243; font_weight=&#8221;300&#8243; font_style=&#8221;normal&#8221; txt_transform=&#8221;none&#8221; margin_bottom=&#8221;0&#8243; font_family=&#8221;none&#8221; align=&#8221;center&#8221;]Nordiska och Scandinaviska Wildix partners[\/mk_fancy_title][mk_padding_divider size=&#8221;30&#8243; visibility=&#8221;hidden-sm&#8221;][mk_padding_divider size=&#8221;20&#8243; visibility=&#8221;visible-sm&#8221;][\/vc_column][\/mk_page_section][vc_row fullwidth=&#8221;true&#8221; fullwidth_content=&#8221;false&#8221;][vc_column][mk_padding_divider size=&#8221;50&#8243; visibility=&#8221;hidden-sm&#8221;][mk_padding_divider size=&#8221;30&#8243; visibility=&#8221;visible-sm&#8221;][vc_column_text align=&#8221;center&#8221; css=&#8221;.vc_custom_1599477806787{margin-bottom: 0px !important;padding-right: 3% !important;padding-left: 3% !important;}&#8221;]Lista med Wildix certifierade nordiska och scandinaviska [&hellip;]<\/p>\n","protected":false},"author":1,"featured_media":0,"parent":0,"menu_order":0,"comment_status":"closed","ping_status":"closed","template":"","meta":{"wpupg_custom_link":[],"wpupg_custom_link_behaviour":[],"wpupg_custom_image":[],"wpupg_custom_image_id":[],"footnotes":""},"acf":[],"yoast_head":"<!-- This site is optimized with the Yoast SEO plugin v21.8 - https:\/\/yoast.com\/wordpress\/plugins\/seo\/ -->\n<title>Wildix Partners &#8226; Wildix<\/title>\n<meta name=\"robots\" content=\"noindex, follow, max-snippet:-1, max-image-preview:large, max-video-preview:-1\" \/>\n<meta property=\"og:locale\" content=\"sv_SE\" \/>\n<meta property=\"og:type\" content=\"article\" \/>\n<meta property=\"og:title\" content=\"Wildix Partners &#8226; Wildix\" \/>\n<meta property=\"og:description\" content=\"[mk_page_section bg_gradient=&#8221;left_top&#8221; video_color_mask=&#8221;#003366&#8243; gr_end=&#8221;#90f3f2&#8243; video_opacity=&#8221;0.9&#8243; full_width=&#8221;true&#8221; padding_top=&#8221;0&#8243; padding_bottom=&#8221;0&#8243; sidebar=&#8221;sidebar-1&#8243; first_page=&#8221;false&#8221; last_page=&#8221;false&#8221;][vc_column][mk_padding_divider size=&#8221;120&#8243; visibility=&#8221;hidden-sm&#8221;][mk_padding_divider size=&#8221;50&#8243; visibility=&#8221;visible-sm&#8221;][mk_fancy_title color=&#8221;#ffffff&#8221; size=&#8221;58&#8243; force_font_size=&#8221;true&#8221; size_smallscreen=&#8221;60&#8243; size_tablet=&#8221;50&#8243; size_phone=&#8221;40&#8243; font_weight=&#8221;300&#8243; font_style=&#8221;normal&#8221; txt_transform=&#8221;none&#8221; margin_bottom=&#8221;0&#8243; font_family=&#8221;none&#8221; align=&#8221;center&#8221;]Nordiska och Scandinaviska Wildix partners[\/mk_fancy_title][mk_padding_divider size=&#8221;30&#8243; visibility=&#8221;hidden-sm&#8221;][mk_padding_divider size=&#8221;20&#8243; visibility=&#8221;visible-sm&#8221;][\/vc_column][\/mk_page_section][vc_row fullwidth=&#8221;true&#8221; fullwidth_content=&#8221;false&#8221;][vc_column][mk_padding_divider size=&#8221;50&#8243; visibility=&#8221;hidden-sm&#8221;][mk_padding_divider size=&#8221;30&#8243; visibility=&#8221;visible-sm&#8221;][vc_column_text align=&#8221;center&#8221; css=&#8221;.vc_custom_1599477806787{margin-bottom: 0px !important;padding-right: 3% !important;padding-left: 3% !important;}&#8221;]Lista med Wildix certifierade nordiska och scandinaviska [&hellip;]\" \/>\n<meta property=\"og:url\" content=\"https:\/\/old.wildix.com\/sv\/partners\/\" \/>\n<meta property=\"og:site_name\" content=\"Wildix\" \/>\n<meta property=\"article:modified_time\" content=\"2020-10-15T12:09:22+00:00\" \/>\n<meta name=\"twitter:card\" content=\"summary_large_image\" \/>\n<meta name=\"twitter:label1\" content=\"Ber\u00e4knad l\u00e4stid\" \/>\n\t<meta name=\"twitter:data1\" content=\"6 minuter\" \/>\n<script type=\"application\/ld+json\" class=\"yoast-schema-graph\">{\"@context\":\"https:\/\/schema.org\",\"@graph\":[{\"@type\":\"WebPage\",\"@id\":\"https:\/\/old.wildix.com\/sv\/partners\/\",\"url\":\"https:\/\/old.wildix.com\/sv\/partners\/\",\"name\":\"Wildix Partners &#8226; Wildix\",\"isPartOf\":{\"@id\":\"https:\/\/old.wildix.com\/#website\"},\"datePublished\":\"2018-05-07T12:26:56+00:00\",\"dateModified\":\"2020-10-15T12:09:22+00:00\",\"breadcrumb\":{\"@id\":\"https:\/\/old.wildix.com\/sv\/partners\/#breadcrumb\"},\"inLanguage\":\"sv-SE\",\"potentialAction\":[{\"@type\":\"ReadAction\",\"target\":[\"https:\/\/old.wildix.com\/sv\/partners\/\"]}]},{\"@type\":\"BreadcrumbList\",\"@id\":\"https:\/\/old.wildix.com\/sv\/partners\/#breadcrumb\",\"itemListElement\":[{\"@type\":\"ListItem\",\"position\":1,\"name\":\"Home\",\"item\":\"https:\/\/old.wildix.com\/\"},{\"@type\":\"ListItem\",\"position\":2,\"name\":\"Wildix Partners\"}]},{\"@type\":\"WebSite\",\"@id\":\"https:\/\/old.wildix.com\/#website\",\"url\":\"https:\/\/old.wildix.com\/\",\"name\":\"Wildix\",\"description\":\"Wildix PBX | VoIP Solutions | Unified Communications | WebRTC\",\"publisher\":{\"@id\":\"https:\/\/old.wildix.com\/#organization\"},\"potentialAction\":[{\"@type\":\"SearchAction\",\"target\":{\"@type\":\"EntryPoint\",\"urlTemplate\":\"https:\/\/old.wildix.com\/?s={search_term_string}\"},\"query-input\":\"required name=search_term_string\"}],\"inLanguage\":\"sv-SE\"},{\"@type\":\"Organization\",\"@id\":\"https:\/\/old.wildix.com\/#organization\",\"name\":\"Wildix\",\"url\":\"https:\/\/old.wildix.com\/\",\"logo\":{\"@type\":\"ImageObject\",\"inLanguage\":\"sv-SE\",\"@id\":\"https:\/\/old.wildix.com\/#\/schema\/logo\/image\/\",\"url\":\"https:\/\/old.wildix.com\/wp-content\/uploads\/2018\/04\/wildix-logo-2.png\",\"contentUrl\":\"https:\/\/old.wildix.com\/wp-content\/uploads\/2018\/04\/wildix-logo-2.png\",\"width\":440,\"height\":200,\"caption\":\"Wildix\"},\"image\":{\"@id\":\"https:\/\/old.wildix.com\/#\/schema\/logo\/image\/\"}}]}<\/script>\n<!-- \/ Yoast SEO plugin. -->","yoast_head_json":{"title":"Wildix Partners &#8226; Wildix","robots":{"index":"noindex","follow":"follow","max-snippet":"max-snippet:-1","max-image-preview":"max-image-preview:large","max-video-preview":"max-video-preview:-1"},"og_locale":"sv_SE","og_type":"article","og_title":"Wildix Partners &#8226; Wildix","og_description":"[mk_page_section bg_gradient=&#8221;left_top&#8221; video_color_mask=&#8221;#003366&#8243; gr_end=&#8221;#90f3f2&#8243; video_opacity=&#8221;0.9&#8243; full_width=&#8221;true&#8221; padding_top=&#8221;0&#8243; padding_bottom=&#8221;0&#8243; sidebar=&#8221;sidebar-1&#8243; first_page=&#8221;false&#8221; last_page=&#8221;false&#8221;][vc_column][mk_padding_divider size=&#8221;120&#8243; visibility=&#8221;hidden-sm&#8221;][mk_padding_divider size=&#8221;50&#8243; visibility=&#8221;visible-sm&#8221;][mk_fancy_title color=&#8221;#ffffff&#8221; size=&#8221;58&#8243; force_font_size=&#8221;true&#8221; size_smallscreen=&#8221;60&#8243; size_tablet=&#8221;50&#8243; size_phone=&#8221;40&#8243; font_weight=&#8221;300&#8243; font_style=&#8221;normal&#8221; txt_transform=&#8221;none&#8221; margin_bottom=&#8221;0&#8243; font_family=&#8221;none&#8221; align=&#8221;center&#8221;]Nordiska och Scandinaviska Wildix partners[\/mk_fancy_title][mk_padding_divider size=&#8221;30&#8243; visibility=&#8221;hidden-sm&#8221;][mk_padding_divider size=&#8221;20&#8243; visibility=&#8221;visible-sm&#8221;][\/vc_column][\/mk_page_section][vc_row fullwidth=&#8221;true&#8221; fullwidth_content=&#8221;false&#8221;][vc_column][mk_padding_divider size=&#8221;50&#8243; visibility=&#8221;hidden-sm&#8221;][mk_padding_divider size=&#8221;30&#8243; visibility=&#8221;visible-sm&#8221;][vc_column_text align=&#8221;center&#8221; css=&#8221;.vc_custom_1599477806787{margin-bottom: 0px !important;padding-right: 3% !important;padding-left: 3% !important;}&#8221;]Lista med Wildix certifierade nordiska och scandinaviska [&hellip;]","og_url":"https:\/\/old.wildix.com\/sv\/partners\/","og_site_name":"Wildix","article_modified_time":"2020-10-15T12:09:22+00:00","twitter_card":"summary_large_image","twitter_misc":{"Ber\u00e4knad l\u00e4stid":"6 minuter"},"schema":{"@context":"https:\/\/schema.org","@graph":[{"@type":"WebPage","@id":"https:\/\/old.wildix.com\/sv\/partners\/","url":"https:\/\/old.wildix.com\/sv\/partners\/","name":"Wildix Partners &#8226; Wildix","isPartOf":{"@id":"https:\/\/old.wildix.com\/#website"},"datePublished":"2018-05-07T12:26:56+00:00","dateModified":"2020-10-15T12:09:22+00:00","breadcrumb":{"@id":"https:\/\/old.wildix.com\/sv\/partners\/#breadcrumb"},"inLanguage":"sv-SE","potentialAction":[{"@type":"ReadAction","target":["https:\/\/old.wildix.com\/sv\/partners\/"]}]},{"@type":"BreadcrumbList","@id":"https:\/\/old.wildix.com\/sv\/partners\/#breadcrumb","itemListElement":[{"@type":"ListItem","position":1,"name":"Home","item":"https:\/\/old.wildix.com\/"},{"@type":"ListItem","position":2,"name":"Wildix Partners"}]},{"@type":"WebSite","@id":"https:\/\/old.wildix.com\/#website","url":"https:\/\/old.wildix.com\/","name":"Wildix","description":"Wildix PBX | VoIP Solutions | Unified Communications | WebRTC","publisher":{"@id":"https:\/\/old.wildix.com\/#organization"},"potentialAction":[{"@type":"SearchAction","target":{"@type":"EntryPoint","urlTemplate":"https:\/\/old.wildix.com\/?s={search_term_string}"},"query-input":"required name=search_term_string"}],"inLanguage":"sv-SE"},{"@type":"Organization","@id":"https:\/\/old.wildix.com\/#organization","name":"Wildix","url":"https:\/\/old.wildix.com\/","logo":{"@type":"ImageObject","inLanguage":"sv-SE","@id":"https:\/\/old.wildix.com\/#\/schema\/logo\/image\/","url":"https:\/\/old.wildix.com\/wp-content\/uploads\/2018\/04\/wildix-logo-2.png","contentUrl":"https:\/\/old.wildix.com\/wp-content\/uploads\/2018\/04\/wildix-logo-2.png","width":440,"height":200,"caption":"Wildix"},"image":{"@id":"https:\/\/old.wildix.com\/#\/schema\/logo\/image\/"}}]}},"_links":{"self":[{"href":"https:\/\/old.wildix.com\/sv\/wp-json\/wp\/v2\/pages\/7858250"}],"collection":[{"href":"https:\/\/old.wildix.com\/sv\/wp-json\/wp\/v2\/pages"}],"about":[{"href":"https:\/\/old.wildix.com\/sv\/wp-json\/wp\/v2\/types\/page"}],"author":[{"embeddable":true,"href":"https:\/\/old.wildix.com\/sv\/wp-json\/wp\/v2\/users\/1"}],"replies":[{"embeddable":true,"href":"https:\/\/old.wildix.com\/sv\/wp-json\/wp\/v2\/comments?post=7858250"}],"version-history":[{"count":0,"href":"https:\/\/old.wildix.com\/sv\/wp-json\/wp\/v2\/pages\/7858250\/revisions"}],"wp:attachment":[{"href":"https:\/\/old.wildix.com\/sv\/wp-json\/wp\/v2\/media?parent=7858250"}],"curies":[{"name":"wp","href":"https:\/\/api.w.org\/{rel}","templated":true}]}}