{"id":7859206,"date":"2018-05-16T07:34:00","date_gmt":"2018-05-16T07:34:00","guid":{"rendered":"https:\/\/old2.wildix.com\/wildix-privacy-cookie-policy\/"},"modified":"2020-12-07T03:58:34","modified_gmt":"2020-12-07T03:58:34","slug":"wildix-privacy-cookie-policy","status":"publish","type":"page","link":"https:\/\/old.wildix.com\/sv\/wildix-privacy-cookie-policy\/","title":{"rendered":"Wildix Privacy &#038; Cookie Policy"},"content":{"rendered":"<section class=\"wpb-content-wrapper\">[vc_row fullwidth=&#8221;true&#8221; fullwidth_content=&#8221;false&#8221;][vc_column][mk_padding_divider size=&#8221;30&#8243;][mk_ornamental_title text_color=&#8221;#54595f&#8221; font_family=&#8221;none&#8221; font_size=&#8221;20&#8243; font_weight=&#8221;400&#8243; ornament_style=&#8221;norman-single&#8221; ornament_color=&#8221;#54595f&#8221;]Personlig Data samlas in av f\u00f6ljande anledningar och genom anv\u00e4ndandet av f\u00f6ljande tj\u00e4nster:[\/mk_ornamental_title][mk_padding_divider size=&#8221;5&#8243;][\/vc_column][\/vc_row][vc_row][vc_column][mk_padding_divider size=&#8221;20&#8243;][\/vc_column][\/vc_row][vc_row][vc_column width=&#8221;1\/2&#8243;][vc_column_text css=&#8221;.vc_custom_1605184974703{margin-bottom: 0px !important;}&#8221;][\/vc_column_text][vc_column_text el_class=&#8221;smalltext&#8221; css=&#8221;.vc_custom_1605185337458{margin-bottom: 0px !important;}&#8221;]<strong>Tillg\u00e5ng till tredjepartskonton<\/strong><br \/>\nFacebook-kontotillg\u00e5ng<br \/>\nTill\u00e5telser: Kontakte-post; V\u00e4nlista<\/p>\n<p>Twitter-kontotillg\u00e5ng<br \/>\nPersonlig Data: olika typer av Data som specificeras i tj\u00e4nstens integritetspolicy[\/vc_column_text][vc_column_text el_class=&#8221;smalltext&#8221; css=&#8221;.vc_custom_1605185096398{margin-bottom: 0px !important;}&#8221;]<strong>Analys<\/strong><br \/>\nVisa marknadsf\u00f6ringsanslutning till Google Analytics, Google Analytics med anonymiserad IP, Google Ads konverterings\u00f6vervakning och Facebook Ads konverterings\u00f6vervakning (Facebook pixel)<br \/>\nPersonlig Data: Cookies; Anv\u00e4ndardata[\/vc_column_text][vc_column_text el_class=&#8221;smalltext&#8221; css=&#8221;.vc_custom_1605185110105{margin-bottom: 0px !important;}&#8221;]<strong>Webbhotells- och backend-infrastruktur<\/strong><br \/>\nAmazon Web Services (AWS) och Microsoft Azure<br \/>\nPersonlig Data: olika typer av Data som specificeras i tj\u00e4nstens integritetspolicy[\/vc_column_text][vc_column_text el_class=&#8221;smalltext&#8221; css=&#8221;.vc_custom_1605185124268{margin-bottom: 0px !important;}&#8221;]<strong>Data\u00f6verf\u00f6ring utanf\u00f6r EU<\/strong><br \/>\nData\u00f6verf\u00f6ring utomlands baserad p\u00e5 avtalsbest\u00e4mmelsestandarder och data\u00f6verf\u00f6ring till l\u00e4nder som garanterar europiska standarder<br \/>\nPersonlig Data: olika tyaper av Data.[\/vc_column_text][vc_column_text el_class=&#8221;smalltext&#8221; css=&#8221;.vc_custom_1605185137877{margin-bottom: 0px !important;}&#8221;]<strong>Registrering och autentisering<\/strong><br \/>\nFacebook Authentication<br \/>\nPersonlig Data: olika typer av Data som specificeras i tj\u00e4nstens integritetspolicy[\/vc_column_text][vc_column_text el_class=&#8221;smalltext&#8221; css=&#8221;.vc_custom_1605185203765{margin-bottom: 0px !important;}&#8221;]<strong>SPAM-skydd<\/strong><br \/>\nGoogle reCAPTCHA<br \/>\nPersonlig Data: Cookies; Anv\u00e4ndardata[\/vc_column_text][vc_column_text el_class=&#8221;smalltext&#8221; css=&#8221;.vc_custom_1605185217554{margin-bottom: 0px !important;}&#8221;]<strong>Hantering av Anv\u00e4ndardatabas<\/strong><br \/>\nInfusionsoft<br \/>\nPersonlig Data: olika typer av Data som specificeras i tj\u00e4nstens integritetspolicy[\/vc_column_text][\/vc_column][vc_column width=&#8221;1\/2&#8243;][vc_column_text el_class=&#8221;smalltext&#8221; css=&#8221;.vc_custom_1605185072963{margin-bottom: 0px !important;}&#8221;]<strong>Marknadsf\u00f6ring<\/strong><br \/>\nFacebook Audience Network<br \/>\nPersonlig Data: Cookies; unika enhetsidentifierare f\u00f6r marknadsf\u00f6ring (t.ex. Google Advertiser ID eller IDFA); Anv\u00e4ndardata[\/vc_column_text][vc_column_text css=&#8221;.vc_custom_1605185231778{margin-bottom: 0px !important;}&#8221;]<strong>Att kontakta Anv\u00e4ndaren<\/strong><br \/>\nTelefonkontakt<br \/>\nPersonlig Data: telefonnummer<\/p>\n<p>Kontaktformul\u00e4r<br \/>\nPersonlig Data: adress; stad; f\u00f6retagsnamn; e-postadress; f\u00f6rnamn; efternamn; telefonnummer; VAT-nummer; hemsida; postnummer[\/vc_column_text][vc_column_text css=&#8221;.vc_custom_1605185244953{margin-bottom: 0px !important;}&#8221;]<strong>Interaktion med externa sociala n\u00e4tverk och plattformar<\/strong><br \/>\nFacebook Like-knapp och sociala widgetar<br \/>\nPersonlig Data: Cookies; Anv\u00e4ndardata[\/vc_column_text][vc_column_text css=&#8221;.vc_custom_1605185264598{margin-bottom: 0px !important;}&#8221;]<strong>Visa inneh\u00e5ll fr\u00e5n externa plattformar<\/strong><br \/>\nGoogle Site Search, Google Calendar- widget och YouTube-videowidget<br \/>\nPersonlig Data: Cookies; Anv\u00e4ndardata<\/p>\n<p>Google Fonts<br \/>\nPersonlig Data: Anv\u00e4ndardata; olika typer av Data som specificeras i tj\u00e4nstens integritetspolicy[\/vc_column_text][vc_column_text css=&#8221;.vc_custom_1605185286955{margin-bottom: 0px !important;}&#8221;]<strong>Ommarknadsf\u00f6ring och beteenderiktning<\/strong><br \/>\nOmmarknadsf\u00f6ring med Google Analytics, Facebook Remarketing och Google Ads Remarketing<br \/>\nPersonlig Data: Cookies: Anv\u00e4ndardata<\/p>\n<p>Facebook Custom Audience<br \/>\nPersonlig Data: Cookies; e-postadress[\/vc_column_text][vc_column_text css=&#8221;.vc_custom_1605185301118{margin-bottom: 0px !important;}&#8221;]<strong>Tagghantering<\/strong><br \/>\nGoogle Tag Manager<br \/>\nPersonlig Data: Anv\u00e4ndardata[\/vc_column_text][\/vc_column][\/vc_row][vc_row fullwidth=&#8221;true&#8221; fullwidth_content=&#8221;false&#8221;][vc_column][mk_padding_divider size=&#8221;5&#8243;][mk_ornamental_title text_color=&#8221;#54595f&#8221; font_family=&#8221;none&#8221; font_size=&#8221;20&#8243; font_weight=&#8221;400&#8243; ornament_style=&#8221;norman-single&#8221; ornament_color=&#8221;#54595f&#8221;]Ytterligare information om Personlig Data:[\/mk_ornamental_title][mk_padding_divider size=&#8221;5&#8243;][\/vc_column][\/vc_row][vc_row][vc_column][mk_padding_divider size=&#8221;20&#8243;][\/vc_column][\/vc_row][vc_row][vc_column width=&#8221;1\/2&#8243;][vc_column_text el_class=&#8221;smalltext&#8221; css=&#8221;.vc_custom_1605185353446{margin-bottom: 0px !important;}&#8221;]<strong>Onlinechatt Wildix Kite<\/strong><\/p>\n<p>Leverant\u00f6r<br \/>\nDen h\u00e4r hemsidan<\/p>\n<p>Syften<br \/>\nKontakta Anv\u00e4ndaren<\/p>\n<p>Insamlad Personlig Data<br \/>\nNamn<br \/>\nE-post<\/p>\n<p>Integritetspolicy<br \/>\nAnv\u00e4ndare som har erbjudit deras namn och\/eller e-postadress kan bli kontaktade i kommersiella syften eller marknadsf\u00f6ringssyften relaterade till den h\u00e4r hemsidan s\u00e5v\u00e4l som f\u00f6r att uppfylla supportf\u00f6rfr\u00e5gningar.[\/vc_column_text][vc_column_text el_class=&#8221;smalltext&#8221; css=&#8221;.vc_custom_1605185381860{margin-bottom: 0px !important;}&#8221;]<strong>Insamlad Personlig Data fr\u00e5n andra k\u00e4llor \u00e4n Anv\u00e4ndaren<\/strong><br \/>\nWildix \u00c4gare har legitimt samlat in Personlig Data som relaterar till Anv\u00e4ndarna utan deras vetande genom \u00e5teranv\u00e4ndning eller ink\u00f6p fr\u00e5n tredje parter med de utg\u00e5ngspunkter som n\u00e4mns i sektionen som specificerar laglig grund f\u00f6r hantering.<\/p>\n<p>D\u00e4r \u00e4garen har samlat in Personlig Data p\u00e5 detta s\u00e4tt s\u00e5 kommer Anv\u00e4ndarna kunna hitta specifik information om k\u00e4llan inom de relevanta sektionerna i det h\u00e4r dokumentet eller genom att kontakta \u00c4garen.[\/vc_column_text][\/vc_column][vc_column width=&#8221;1\/2&#8243;][vc_column_text css=&#8221;.vc_custom_1605185368232{margin-bottom: 0px !important;}&#8221;]<strong>Unitech Soft<\/strong><br \/>\nLeverant\u00f6r<br \/>\nUnitech Soft<\/p>\n<p>Syften<br \/>\nWebbhotells- och backendinfrastruktur<\/p>\n<p>Insamlad Personlig Data<br \/>\nOlika typer av Data<\/p>\n<p>Integritetspolicy<br \/>\nUnitech Soft erbjuder webbhotells- och backendtj\u00e4nster.[\/vc_column_text][vc_column_text css=&#8221;.vc_custom_1605185396737{margin-bottom: 0px !important;}&#8221;]<strong>Analys och prognoser baserade p\u00e5 Anv\u00e4ndarens Data (&#8221;profiliering&#8221;)<\/strong><br \/>\n\u00c4garen kan anv\u00e4nda det genom Wildix insamlade Personliga Datan och Anv\u00e4ndardatan f\u00f6r att skapa eller uppdatera Anv\u00e4ndarprofiler. Den h\u00e4r typen av Datahantering till\u00e5ter \u00c4garen att utv\u00e4rdera Anv\u00e4ndarnas val, preferenser och beteenden i de syften skrivna i respektive sektion i det h\u00e4r dokumentet.<br \/>\nAnv\u00e4ndarprofiler kan ocks\u00e5 skapas genom anv\u00e4ndandet av automatiserade verktyg som algoritmer som ocks\u00e5 kan erbjudas av tredje parter.<\/p>\n<p>F\u00f6r att ta reda p\u00e5 mer om utf\u00f6rda profilieringsaktiviteter s\u00e5 kan Anv\u00e4ndarna titta i relevanta sektioner i det h\u00e4r dokumentet.<\/p>\n<p>Anv\u00e4ndare har alltid r\u00e4tt till att inv\u00e4nda mot den h\u00e4r typen av profilieringsaktiviteter. F\u00f6r att ta reda p\u00e5 mer om Anv\u00e4ndarnas r\u00e4ttigheter och hur man ut\u00f6var dem s\u00e5 bjuds Anv\u00e4ndarna in att r\u00e5dfr\u00e5ga sektionen i det h\u00e4r dokumentet som pratar om Anv\u00e4ndarnas r\u00e4ttigheter.[\/vc_column_text][vc_column_text css=&#8221;.vc_custom_1605185943751{margin-bottom: 0px !important;}&#8221;]<a href=\"https:\/\/www.iubenda.com\/privacy-policy\/38426619\/legal\" target=\"_blank\" rel=\"noopener noreferrer\">Show the complete Privacy Policy (In English)<\/a>[\/vc_column_text][\/vc_column][\/vc_row][vc_row fullwidth=&#8221;true&#8221; fullwidth_content=&#8221;false&#8221;][vc_column][mk_padding_divider size=&#8221;5&#8243;][mk_ornamental_title text_color=&#8221;#54595f&#8221; font_family=&#8221;none&#8221; font_size=&#8221;20&#8243; font_weight=&#8221;400&#8243; ornament_style=&#8221;norman-single&#8221; ornament_color=&#8221;#54595f&#8221;]Kontaktinformation[\/mk_ornamental_title][mk_padding_divider size=&#8221;5&#8243;][\/vc_column][\/vc_row][vc_row][vc_column width=&#8221;1\/2&#8243;][vc_column_text el_class=&#8221;smalltext&#8221; css=&#8221;.vc_custom_1607313509426{margin-bottom: 0px !important;}&#8221;]<strong>\u00c4gare och Datakontrollerare<\/strong><br \/>\nWildix EE O\u00dc<br \/>\nLaeva tn. 2,<br \/>\n10111 Tallinn &#8211; Estland<br \/>\n\u00c4garens kontakte-post: privacy@wildix.com[\/vc_column_text][\/vc_column][vc_column width=&#8221;1\/2&#8243;][vc_column_text el_class=&#8221;smalltext&#8221; css=&#8221;.vc_custom_1605185932367{margin-bottom: 0px !important;}&#8221;]<strong>Other information<\/strong><br \/>\n<a href=\"https:\/\/drive.google.com\/drive\/folders\/1PFZsPuELRe4yLm8pnkmD7ftfpVdqf3pq?usp=sharing\" target=\"_blank\" rel=\"noopener noreferrer\">Data Processing Addendum (DPA)<\/a><br \/>\n<a title=\"Wildix Code of Conduct\" href=\"\/wildix-code-of-conduct\/\" target=\"_blank\" rel=\"noopener noreferrer\">Wildix Code of Conduct<\/a><br \/>\n<a href=\"https:\/\/www.iubenda.com\/privacy-policy\/38426619\/cookie-policy\" target=\"_blank\" rel=\"noopener noreferrer\">Cookie Policy<\/a>[\/vc_column_text][\/vc_column][\/vc_row][vc_row][vc_column][mk_padding_divider size=&#8221;30&#8243;][\/vc_column][\/vc_row]\n<\/section>","protected":false},"excerpt":{"rendered":"<p>[vc_row fullwidth=&#8221;true&#8221; fullwidth_content=&#8221;false&#8221;][vc_column][mk_padding_divider size=&#8221;30&#8243;][mk_ornamental_title text_color=&#8221;#54595f&#8221; font_family=&#8221;none&#8221; font_size=&#8221;20&#8243; font_weight=&#8221;400&#8243; ornament_style=&#8221;norman-single&#8221; ornament_color=&#8221;#54595f&#8221;]Personlig Data samlas in av f\u00f6ljande anledningar och genom anv\u00e4ndandet av f\u00f6ljande tj\u00e4nster:[\/mk_ornamental_title][mk_padding_divider size=&#8221;5&#8243;][\/vc_column][\/vc_row][vc_row][vc_column][mk_padding_divider size=&#8221;20&#8243;][\/vc_column][\/vc_row][vc_row][vc_column width=&#8221;1\/2&#8243;][vc_column_text css=&#8221;.vc_custom_1605184974703{margin-bottom: 0px !important;}&#8221;][\/vc_column_text][vc_column_text el_class=&#8221;smalltext&#8221; css=&#8221;.vc_custom_1605185337458{margin-bottom: 0px !important;}&#8221;]Tillg\u00e5ng till tredjepartskonton Facebook-kontotillg\u00e5ng Till\u00e5telser: Kontakte-post; V\u00e4nlista Twitter-kontotillg\u00e5ng Personlig Data: olika typer av Data som specificeras i tj\u00e4nstens integritetspolicy[\/vc_column_text][vc_column_text el_class=&#8221;smalltext&#8221; css=&#8221;.vc_custom_1605185096398{margin-bottom: 0px !important;}&#8221;]Analys Visa [&hellip;]<\/p>\n","protected":false},"author":1,"featured_media":0,"parent":0,"menu_order":0,"comment_status":"closed","ping_status":"closed","template":"","meta":{"wpupg_custom_link":[],"wpupg_custom_link_behaviour":["default"],"wpupg_custom_image":[],"wpupg_custom_image_id":[],"footnotes":""},"acf":[],"yoast_head":"<!-- This site is optimized with the Yoast SEO plugin v21.8 - https:\/\/yoast.com\/wordpress\/plugins\/seo\/ -->\n<title>Wildix Privacy &amp; Cookie Policy &#8226; Wildix<\/title>\n<meta name=\"robots\" content=\"noindex, nofollow\" \/>\n<meta property=\"og:locale\" content=\"sv_SE\" \/>\n<meta property=\"og:type\" content=\"article\" \/>\n<meta property=\"og:title\" content=\"Wildix Privacy &amp; Cookie Policy &#8226; Wildix\" \/>\n<meta property=\"og:description\" content=\"[vc_row fullwidth=&#8221;true&#8221; fullwidth_content=&#8221;false&#8221;][vc_column][mk_padding_divider size=&#8221;30&#8243;][mk_ornamental_title text_color=&#8221;#54595f&#8221; font_family=&#8221;none&#8221; font_size=&#8221;20&#8243; font_weight=&#8221;400&#8243; ornament_style=&#8221;norman-single&#8221; ornament_color=&#8221;#54595f&#8221;]Personlig Data samlas in av f\u00f6ljande anledningar och genom anv\u00e4ndandet av f\u00f6ljande tj\u00e4nster:[\/mk_ornamental_title][mk_padding_divider size=&#8221;5&#8243;][\/vc_column][\/vc_row][vc_row][vc_column][mk_padding_divider size=&#8221;20&#8243;][\/vc_column][\/vc_row][vc_row][vc_column width=&#8221;1\/2&#8243;][vc_column_text css=&#8221;.vc_custom_1605184974703{margin-bottom: 0px !important;}&#8221;][\/vc_column_text][vc_column_text el_class=&#8221;smalltext&#8221; css=&#8221;.vc_custom_1605185337458{margin-bottom: 0px !important;}&#8221;]Tillg\u00e5ng till tredjepartskonton Facebook-kontotillg\u00e5ng Till\u00e5telser: Kontakte-post; V\u00e4nlista Twitter-kontotillg\u00e5ng Personlig Data: olika typer av Data som specificeras i tj\u00e4nstens integritetspolicy[\/vc_column_text][vc_column_text el_class=&#8221;smalltext&#8221; css=&#8221;.vc_custom_1605185096398{margin-bottom: 0px !important;}&#8221;]Analys Visa [&hellip;]\" \/>\n<meta property=\"og:url\" content=\"https:\/\/old.wildix.com\/sv\/wildix-privacy-cookie-policy\/\" \/>\n<meta property=\"og:site_name\" content=\"Wildix\" \/>\n<meta property=\"article:modified_time\" content=\"2020-12-07T03:58:34+00:00\" \/>\n<meta name=\"twitter:card\" content=\"summary_large_image\" \/>\n<meta name=\"twitter:label1\" content=\"Ber\u00e4knad l\u00e4stid\" \/>\n\t<meta name=\"twitter:data1\" content=\"6 minuter\" \/>\n<script type=\"application\/ld+json\" class=\"yoast-schema-graph\">{\"@context\":\"https:\/\/schema.org\",\"@graph\":[{\"@type\":\"WebPage\",\"@id\":\"https:\/\/old.wildix.com\/sv\/wildix-privacy-cookie-policy\/\",\"url\":\"https:\/\/old.wildix.com\/sv\/wildix-privacy-cookie-policy\/\",\"name\":\"Wildix Privacy & Cookie Policy &#8226; Wildix\",\"isPartOf\":{\"@id\":\"https:\/\/old.wildix.com\/#website\"},\"datePublished\":\"2018-05-16T07:34:00+00:00\",\"dateModified\":\"2020-12-07T03:58:34+00:00\",\"breadcrumb\":{\"@id\":\"https:\/\/old.wildix.com\/sv\/wildix-privacy-cookie-policy\/#breadcrumb\"},\"inLanguage\":\"sv-SE\",\"potentialAction\":[{\"@type\":\"ReadAction\",\"target\":[\"https:\/\/old.wildix.com\/sv\/wildix-privacy-cookie-policy\/\"]}]},{\"@type\":\"BreadcrumbList\",\"@id\":\"https:\/\/old.wildix.com\/sv\/wildix-privacy-cookie-policy\/#breadcrumb\",\"itemListElement\":[{\"@type\":\"ListItem\",\"position\":1,\"name\":\"Home\",\"item\":\"https:\/\/old.wildix.com\/\"},{\"@type\":\"ListItem\",\"position\":2,\"name\":\"Wildix Privacy &#038; Cookie Policy\"}]},{\"@type\":\"WebSite\",\"@id\":\"https:\/\/old.wildix.com\/#website\",\"url\":\"https:\/\/old.wildix.com\/\",\"name\":\"Wildix\",\"description\":\"Wildix PBX | VoIP Solutions | Unified Communications | WebRTC\",\"publisher\":{\"@id\":\"https:\/\/old.wildix.com\/#organization\"},\"potentialAction\":[{\"@type\":\"SearchAction\",\"target\":{\"@type\":\"EntryPoint\",\"urlTemplate\":\"https:\/\/old.wildix.com\/?s={search_term_string}\"},\"query-input\":\"required name=search_term_string\"}],\"inLanguage\":\"sv-SE\"},{\"@type\":\"Organization\",\"@id\":\"https:\/\/old.wildix.com\/#organization\",\"name\":\"Wildix\",\"url\":\"https:\/\/old.wildix.com\/\",\"logo\":{\"@type\":\"ImageObject\",\"inLanguage\":\"sv-SE\",\"@id\":\"https:\/\/old.wildix.com\/#\/schema\/logo\/image\/\",\"url\":\"https:\/\/old.wildix.com\/wp-content\/uploads\/2018\/04\/wildix-logo-2.png\",\"contentUrl\":\"https:\/\/old.wildix.com\/wp-content\/uploads\/2018\/04\/wildix-logo-2.png\",\"width\":440,\"height\":200,\"caption\":\"Wildix\"},\"image\":{\"@id\":\"https:\/\/old.wildix.com\/#\/schema\/logo\/image\/\"}}]}<\/script>\n<!-- \/ Yoast SEO plugin. -->","yoast_head_json":{"title":"Wildix Privacy & Cookie Policy &#8226; Wildix","robots":{"index":"noindex","follow":"nofollow"},"og_locale":"sv_SE","og_type":"article","og_title":"Wildix Privacy & Cookie Policy &#8226; Wildix","og_description":"[vc_row fullwidth=&#8221;true&#8221; fullwidth_content=&#8221;false&#8221;][vc_column][mk_padding_divider size=&#8221;30&#8243;][mk_ornamental_title text_color=&#8221;#54595f&#8221; font_family=&#8221;none&#8221; font_size=&#8221;20&#8243; font_weight=&#8221;400&#8243; ornament_style=&#8221;norman-single&#8221; ornament_color=&#8221;#54595f&#8221;]Personlig Data samlas in av f\u00f6ljande anledningar och genom anv\u00e4ndandet av f\u00f6ljande tj\u00e4nster:[\/mk_ornamental_title][mk_padding_divider size=&#8221;5&#8243;][\/vc_column][\/vc_row][vc_row][vc_column][mk_padding_divider size=&#8221;20&#8243;][\/vc_column][\/vc_row][vc_row][vc_column width=&#8221;1\/2&#8243;][vc_column_text css=&#8221;.vc_custom_1605184974703{margin-bottom: 0px !important;}&#8221;][\/vc_column_text][vc_column_text el_class=&#8221;smalltext&#8221; css=&#8221;.vc_custom_1605185337458{margin-bottom: 0px !important;}&#8221;]Tillg\u00e5ng till tredjepartskonton Facebook-kontotillg\u00e5ng Till\u00e5telser: Kontakte-post; V\u00e4nlista Twitter-kontotillg\u00e5ng Personlig Data: olika typer av Data som specificeras i tj\u00e4nstens integritetspolicy[\/vc_column_text][vc_column_text el_class=&#8221;smalltext&#8221; css=&#8221;.vc_custom_1605185096398{margin-bottom: 0px !important;}&#8221;]Analys Visa [&hellip;]","og_url":"https:\/\/old.wildix.com\/sv\/wildix-privacy-cookie-policy\/","og_site_name":"Wildix","article_modified_time":"2020-12-07T03:58:34+00:00","twitter_card":"summary_large_image","twitter_misc":{"Ber\u00e4knad l\u00e4stid":"6 minuter"},"schema":{"@context":"https:\/\/schema.org","@graph":[{"@type":"WebPage","@id":"https:\/\/old.wildix.com\/sv\/wildix-privacy-cookie-policy\/","url":"https:\/\/old.wildix.com\/sv\/wildix-privacy-cookie-policy\/","name":"Wildix Privacy & Cookie Policy &#8226; Wildix","isPartOf":{"@id":"https:\/\/old.wildix.com\/#website"},"datePublished":"2018-05-16T07:34:00+00:00","dateModified":"2020-12-07T03:58:34+00:00","breadcrumb":{"@id":"https:\/\/old.wildix.com\/sv\/wildix-privacy-cookie-policy\/#breadcrumb"},"inLanguage":"sv-SE","potentialAction":[{"@type":"ReadAction","target":["https:\/\/old.wildix.com\/sv\/wildix-privacy-cookie-policy\/"]}]},{"@type":"BreadcrumbList","@id":"https:\/\/old.wildix.com\/sv\/wildix-privacy-cookie-policy\/#breadcrumb","itemListElement":[{"@type":"ListItem","position":1,"name":"Home","item":"https:\/\/old.wildix.com\/"},{"@type":"ListItem","position":2,"name":"Wildix Privacy &#038; Cookie Policy"}]},{"@type":"WebSite","@id":"https:\/\/old.wildix.com\/#website","url":"https:\/\/old.wildix.com\/","name":"Wildix","description":"Wildix PBX | VoIP Solutions | Unified Communications | WebRTC","publisher":{"@id":"https:\/\/old.wildix.com\/#organization"},"potentialAction":[{"@type":"SearchAction","target":{"@type":"EntryPoint","urlTemplate":"https:\/\/old.wildix.com\/?s={search_term_string}"},"query-input":"required name=search_term_string"}],"inLanguage":"sv-SE"},{"@type":"Organization","@id":"https:\/\/old.wildix.com\/#organization","name":"Wildix","url":"https:\/\/old.wildix.com\/","logo":{"@type":"ImageObject","inLanguage":"sv-SE","@id":"https:\/\/old.wildix.com\/#\/schema\/logo\/image\/","url":"https:\/\/old.wildix.com\/wp-content\/uploads\/2018\/04\/wildix-logo-2.png","contentUrl":"https:\/\/old.wildix.com\/wp-content\/uploads\/2018\/04\/wildix-logo-2.png","width":440,"height":200,"caption":"Wildix"},"image":{"@id":"https:\/\/old.wildix.com\/#\/schema\/logo\/image\/"}}]}},"_links":{"self":[{"href":"https:\/\/old.wildix.com\/sv\/wp-json\/wp\/v2\/pages\/7859206"}],"collection":[{"href":"https:\/\/old.wildix.com\/sv\/wp-json\/wp\/v2\/pages"}],"about":[{"href":"https:\/\/old.wildix.com\/sv\/wp-json\/wp\/v2\/types\/page"}],"author":[{"embeddable":true,"href":"https:\/\/old.wildix.com\/sv\/wp-json\/wp\/v2\/users\/1"}],"replies":[{"embeddable":true,"href":"https:\/\/old.wildix.com\/sv\/wp-json\/wp\/v2\/comments?post=7859206"}],"version-history":[{"count":0,"href":"https:\/\/old.wildix.com\/sv\/wp-json\/wp\/v2\/pages\/7859206\/revisions"}],"wp:attachment":[{"href":"https:\/\/old.wildix.com\/sv\/wp-json\/wp\/v2\/media?parent=7859206"}],"curies":[{"name":"wp","href":"https:\/\/api.w.org\/{rel}","templated":true}]}}