{"id":7868451,"date":"2020-02-21T15:13:37","date_gmt":"2020-02-21T15:13:37","guid":{"rendered":"https:\/\/old2.wildix.com\/webinar\/"},"modified":"2021-04-20T11:42:47","modified_gmt":"2021-04-20T11:42:47","slug":"webinar","status":"publish","type":"page","link":"https:\/\/old.wildix.com\/sv\/webinar\/","title":{"rendered":"Wildix Webinar"},"content":{"rendered":"<section class=\"wpb-content-wrapper\">[mk_page_section bg_image=&#8221;https:\/\/old.wildix.com\/wp-content\/uploads\/2021\/01\/wizywebinar-background.jpg&#8221; bg_position=&#8221;center center&#8221; bg_repeat=&#8221;no-repeat&#8221; bg_stretch=&#8221;true&#8221; bg_gradient=&#8221;left_top&#8221; video_color_mask=&#8221;#003366&#8243; gr_end=&#8221;#90f3f2&#8243; video_opacity=&#8221;0.95&#8243; full_width=&#8221;true&#8221; padding_top=&#8221;0&#8243; padding_bottom=&#8221;0&#8243; sidebar=&#8221;sidebar-1&#8243; first_page=&#8221;false&#8221; last_page=&#8221;false&#8221;][vc_column][mk_padding_divider size=&#8221;125&#8243; visibility=&#8221;hidden-sm&#8221;][mk_padding_divider visibility=&#8221;visible-sm&#8221;][mk_fancy_title tag_name=&#8221;h1&#8243; color=&#8221;#ffffff&#8221; size=&#8221;50&#8243; force_font_size=&#8221;true&#8221; size_smallscreen=&#8221;50&#8243; size_tablet=&#8221;50&#8243; size_phone=&#8221;40&#8243; font_weight=&#8221;300&#8243; font_style=&#8221;normal&#8221; txt_transform=&#8221;none&#8221; margin_bottom=&#8221;0&#8243; font_family=&#8221;none&#8221; align=&#8221;center&#8221;]\n<p>Wildix Webinars<\/p>\n[\/mk_fancy_title][mk_fancy_title tag_name=&#8221;span&#8221; color=&#8221;#ffffff&#8221; size=&#8221;24&#8243; force_font_size=&#8221;true&#8221; size_smallscreen=&#8221;22&#8243; size_tablet=&#8221;22&#8243; size_phone=&#8221;20&#8243; font_weight=&#8221;300&#8243; font_style=&#8221;normal&#8221; txt_transform=&#8221;none&#8221; margin_bottom=&#8221;0&#8243; font_family=&#8221;none&#8221; align=&#8221;center&#8221;]Kunskap \u00e4r makt[\/mk_fancy_title][mk_padding_divider size=&#8221;30&#8243; visibility=&#8221;hidden-sm&#8221;][mk_padding_divider size=&#8221;10&#8243; visibility=&#8221;visible-sm&#8221;][\/vc_column][\/mk_page_section][vc_row fullwidth=&#8221;true&#8221;][vc_column][mk_padding_divider size=&#8221;50&#8243; visibility=&#8221;hidden-sm&#8221;][\/vc_column][\/vc_row][vc_row fullwidth=&#8221;true&#8221; fullwidth_content=&#8221;false&#8221;][vc_column width=&#8221;1\/2&#8243; css=&#8221;.vc_custom_1612756301216{padding-right: 3% !important;}&#8221;][mk_padding_divider size=&#8221;41&#8243;][vc_column_text css=&#8221;.vc_custom_1614239907751{margin-bottom: 0px !important;}&#8221;]\n<p style=\"text-align: left; color: #55595c;\"><strong>Wildix tror starkt p\u00e5 \u00e4ndl\u00f6st l\u00e4rande f\u00f6r kontinuerlig f\u00f6rb\u00e4ttring.<\/strong><\/p>\n<p style=\"text-align: left; color: #55595c;\">H\u00e4r finner du v\u00e5rt kompletta arkiv fullt med webbinarier vi genomf\u00f6rt f\u00f6r att st\u00f6tta v\u00e5ra partners inom teknik, f\u00f6rs\u00e4ljning och marknadsf\u00f6ring: <a href=\"https:\/\/manuals.wildix.com\/\" target=\"_blank\" rel=\"noopener noreferrer\">Wildix E-learning Platform<\/a>.<\/p>\n[\/vc_column_text][mk_padding_divider size=&#8221;42&#8243;][mk_image src=&#8221;https:\/\/old.wildix.com\/wp-content\/uploads\/2020\/04\/wildix-e-learning-platform.jpg&#8221; image_size=&#8221;full&#8221; link=&#8221;https:\/\/manuals.wildix.com\/&#8221; align=&#8221;center&#8221; margin_bottom=&#8221;30&#8243;][mk_padding_divider size=&#8221;20&#8243; visibility=&#8221;visible-sm&#8221;][\/vc_column][vc_column width=&#8221;1\/2&#8243; css=&#8221;.vc_custom_1612338585272{padding-right: 5% !important;padding-left: 5% !important;background-color: #f7f7f7 !important;}&#8221;][mk_padding_divider][mk_fancy_title color=&#8221;#54595f&#8221; size=&#8221;24&#8243; force_font_size=&#8221;true&#8221; size_smallscreen=&#8221;25&#8243; size_tablet=&#8221;25&#8243; size_phone=&#8221;20&#8243; margin_bottom=&#8221;0&#8243; font_family=&#8221;none&#8221; align=&#8221;center&#8221;]Vill du delta p\u00e5 v\u00e5rt n\u00e4sta webbinarie? [\/mk_fancy_title][vc_column_text css=&#8221;.vc_custom_1614239794248{margin-bottom: 0px !important;border-bottom-width: 0px !important;padding-bottom: 0px !important;}&#8221;]\n<p style=\"color: #55595c; text-align: center;\"><strong>Fyll i formul\u00e4ret och f\u00e5r all information du beh\u00f6ver.<\/strong><\/p>\n[\/vc_column_text][contact-form-7 id=&#8221;7866903&#8243;][mk_padding_divider size=&#8221;15&#8243;][\/vc_column][\/vc_row][vc_row fullwidth=&#8221;true&#8221;][vc_column][mk_padding_divider size=&#8221;30&#8243;][\/vc_column][\/vc_row][vc_row][vc_column][mk_divider style=&#8221;thin_solid&#8221; thin_color_style=&#8221;gradient_color&#8221; thin_grandient_color_from=&#8221;#ededed&#8221; thin_grandient_color_to=&#8221;#ffffff&#8221; thin_gradient_color_style=&#8221;radial&#8221; thin_gradient_color_angle=&#8221;horizontal&#8221; visibility=&#8221;hidden-sm&#8221;][mk_padding_divider size=&#8221;20&#8243; visibility=&#8221;hidden-sm&#8221;][\/vc_column][\/vc_row][vc_row][vc_column][mk_fancy_title size=&#8221;28&#8243; force_font_size=&#8221;true&#8221; size_smallscreen=&#8221;25&#8243; size_tablet=&#8221;25&#8243; size_phone=&#8221;20&#8243; margin_top=&#8221;20&#8243; margin_bottom=&#8221;10&#8243; font_family=&#8221;none&#8221; align=&#8221;center&#8221;]\u00c4r du intresserad av webbinarier som \u00f6kar din f\u00f6rs\u00e4ljning?[\/mk_fancy_title][mk_padding_divider size=&#8221;20&#8243;][\/vc_column][\/vc_row][vc_row][vc_column width=&#8221;1\/2&#8243;][mk_image_switch src_first=&#8221;https:\/\/old.wildix.com\/wp-content\/uploads\/2020\/12\/wildix-wizyconf-the-first-professional-easy-to-use-video-conference-2.jpg&#8221; src_second=&#8221;https:\/\/old.wildix.com\/wp-content\/uploads\/2020\/10\/wildix-wizyconf-the-first-professional-easy-to-use-video-conference.jpg&#8221; hover_animation=&#8221;fading&#8221; image_width=&#8221;550&#8243; image_height=&#8221;300&#8243; margin_bottom=&#8221;0&#8243;][\/vc_column][vc_column width=&#8221;1\/2&#8243;][mk_padding_divider size=&#8221;20&#8243; visibility=&#8221;hidden-sm&#8221;][mk_image src=&#8221;https:\/\/old.wildix.com\/wp-content\/uploads\/2021\/01\/wizywebinar-logo-transparent.png&#8221; image_size=&#8221;full&#8221; align=&#8221;center&#8221;][vc_column_text css=&#8221;.vc_custom_1614239828499{margin-bottom: 0px !important;}&#8221;]\n<p style=\"color: #55595c; text-align: center;\">Uppt\u00e4ck den f\u00f6rsta automatiserade filmstudion f\u00f6r webbinarier skapad av Wildix f\u00f6r att boosta din f\u00f6rs\u00e4ljning.<\/p>\n[\/vc_column_text][mk_button dimension=&#8221;outline&#8221; corner_style=&#8221;rounded&#8221; size=&#8221;large&#8221; letter_spacing=&#8221;1&#8243; url=&#8221;https:\/\/old.wildix.com\/sv\/wizywebinar-platform\/&#8221; align=&#8221;center&#8221; margin_right=&#8221;&#8221; outline_skin=&#8221;custom&#8221; outline_active_color=&#8221;#dd9933&#8243; outline_active_text_color=&#8221;#dd9933&#8243; outline_hover_bg_color=&#8221;#dd9933&#8243; outline_hover_color=&#8221;#ffffff&#8221;]Klicka h\u00e4r f\u00f6r Wizywebinar[\/mk_button][\/vc_column][\/vc_row][vc_row][vc_column][mk_padding_divider size=&#8221;20&#8243;][mk_padding_divider][\/vc_column][\/vc_row]\n<\/section>","protected":false},"excerpt":{"rendered":"<p>[mk_page_section bg_image=&#8221;https:\/\/old.wildix.com\/wp-content\/uploads\/2021\/01\/wizywebinar-background.jpg&#8221; bg_position=&#8221;center center&#8221; bg_repeat=&#8221;no-repeat&#8221; bg_stretch=&#8221;true&#8221; bg_gradient=&#8221;left_top&#8221; video_color_mask=&#8221;#003366&#8243; gr_end=&#8221;#90f3f2&#8243; video_opacity=&#8221;0.95&#8243; full_width=&#8221;true&#8221; padding_top=&#8221;0&#8243; padding_bottom=&#8221;0&#8243; sidebar=&#8221;sidebar-1&#8243; first_page=&#8221;false&#8221; last_page=&#8221;false&#8221;][vc_column][mk_padding_divider size=&#8221;125&#8243; visibility=&#8221;hidden-sm&#8221;][mk_padding_divider visibility=&#8221;visible-sm&#8221;][mk_fancy_title tag_name=&#8221;h1&#8243; color=&#8221;#ffffff&#8221; size=&#8221;50&#8243; force_font_size=&#8221;true&#8221; size_smallscreen=&#8221;50&#8243; size_tablet=&#8221;50&#8243; size_phone=&#8221;40&#8243; font_weight=&#8221;300&#8243; font_style=&#8221;normal&#8221; txt_transform=&#8221;none&#8221; margin_bottom=&#8221;0&#8243; font_family=&#8221;none&#8221; align=&#8221;center&#8221;] Wildix Webinars [\/mk_fancy_title][mk_fancy_title tag_name=&#8221;span&#8221; color=&#8221;#ffffff&#8221; size=&#8221;24&#8243; force_font_size=&#8221;true&#8221; size_smallscreen=&#8221;22&#8243; size_tablet=&#8221;22&#8243; size_phone=&#8221;20&#8243; font_weight=&#8221;300&#8243; font_style=&#8221;normal&#8221; txt_transform=&#8221;none&#8221; margin_bottom=&#8221;0&#8243; font_family=&#8221;none&#8221; align=&#8221;center&#8221;]Kunskap \u00e4r makt[\/mk_fancy_title][mk_padding_divider size=&#8221;30&#8243; visibility=&#8221;hidden-sm&#8221;][mk_padding_divider size=&#8221;10&#8243; visibility=&#8221;visible-sm&#8221;][\/vc_column][\/mk_page_section][vc_row fullwidth=&#8221;true&#8221;][vc_column][mk_padding_divider [&hellip;]<\/p>\n","protected":false},"author":1,"featured_media":7872188,"parent":0,"menu_order":0,"comment_status":"closed","ping_status":"closed","template":"","meta":{"wpupg_custom_link":[],"wpupg_custom_link_behaviour":["default"],"wpupg_custom_image":[],"wpupg_custom_image_id":[],"footnotes":""},"acf":[],"yoast_head":"<!-- This site is optimized with the Yoast SEO plugin v21.8 - https:\/\/yoast.com\/wordpress\/plugins\/seo\/ -->\n<title>Wildix Webinar Wildix<\/title>\n<meta name=\"robots\" content=\"noindex, nofollow\" \/>\n<meta property=\"og:locale\" content=\"sv_SE\" \/>\n<meta property=\"og:type\" content=\"article\" \/>\n<meta property=\"og:title\" content=\"Wildix Webinar Wildix\" \/>\n<meta property=\"og:description\" content=\"[mk_page_section bg_image=&#8221;https:\/\/old.wildix.com\/wp-content\/uploads\/2021\/01\/wizywebinar-background.jpg&#8221; bg_position=&#8221;center center&#8221; bg_repeat=&#8221;no-repeat&#8221; bg_stretch=&#8221;true&#8221; bg_gradient=&#8221;left_top&#8221; video_color_mask=&#8221;#003366&#8243; gr_end=&#8221;#90f3f2&#8243; video_opacity=&#8221;0.95&#8243; full_width=&#8221;true&#8221; padding_top=&#8221;0&#8243; padding_bottom=&#8221;0&#8243; sidebar=&#8221;sidebar-1&#8243; first_page=&#8221;false&#8221; last_page=&#8221;false&#8221;][vc_column][mk_padding_divider size=&#8221;125&#8243; visibility=&#8221;hidden-sm&#8221;][mk_padding_divider visibility=&#8221;visible-sm&#8221;][mk_fancy_title tag_name=&#8221;h1&#8243; color=&#8221;#ffffff&#8221; size=&#8221;50&#8243; force_font_size=&#8221;true&#8221; size_smallscreen=&#8221;50&#8243; size_tablet=&#8221;50&#8243; size_phone=&#8221;40&#8243; font_weight=&#8221;300&#8243; font_style=&#8221;normal&#8221; txt_transform=&#8221;none&#8221; margin_bottom=&#8221;0&#8243; font_family=&#8221;none&#8221; align=&#8221;center&#8221;] Wildix Webinars [\/mk_fancy_title][mk_fancy_title tag_name=&#8221;span&#8221; color=&#8221;#ffffff&#8221; size=&#8221;24&#8243; force_font_size=&#8221;true&#8221; size_smallscreen=&#8221;22&#8243; size_tablet=&#8221;22&#8243; size_phone=&#8221;20&#8243; font_weight=&#8221;300&#8243; font_style=&#8221;normal&#8221; txt_transform=&#8221;none&#8221; margin_bottom=&#8221;0&#8243; font_family=&#8221;none&#8221; align=&#8221;center&#8221;]Kunskap \u00e4r makt[\/mk_fancy_title][mk_padding_divider size=&#8221;30&#8243; visibility=&#8221;hidden-sm&#8221;][mk_padding_divider size=&#8221;10&#8243; visibility=&#8221;visible-sm&#8221;][\/vc_column][\/mk_page_section][vc_row fullwidth=&#8221;true&#8221;][vc_column][mk_padding_divider [&hellip;]\" \/>\n<meta property=\"og:url\" content=\"https:\/\/old.wildix.com\/sv\/webinar\/\" \/>\n<meta property=\"og:site_name\" content=\"Wildix\" \/>\n<meta property=\"article:modified_time\" content=\"2021-04-20T11:42:47+00:00\" \/>\n<meta property=\"og:image\" content=\"https:\/\/old.wildix.com\/wp-content\/uploads\/2021\/04\/wildix-wizywebinar-3.jpeg\" \/>\n\t<meta property=\"og:image:width\" content=\"800\" \/>\n\t<meta property=\"og:image:height\" content=\"500\" \/>\n\t<meta property=\"og:image:type\" content=\"image\/jpeg\" \/>\n<meta name=\"twitter:card\" content=\"summary_large_image\" \/>\n<meta name=\"twitter:image\" content=\"https:\/\/old.wildix.com\/wp-content\/uploads\/2021\/04\/wildix-wizywebinar-3.jpeg\" \/>\n<meta name=\"twitter:label1\" content=\"Ber\u00e4knad l\u00e4stid\" \/>\n\t<meta name=\"twitter:data1\" content=\"2 minuter\" \/>\n<script type=\"application\/ld+json\" class=\"yoast-schema-graph\">{\"@context\":\"https:\/\/schema.org\",\"@graph\":[{\"@type\":\"WebPage\",\"@id\":\"https:\/\/old.wildix.com\/sv\/webinar\/\",\"url\":\"https:\/\/old.wildix.com\/sv\/webinar\/\",\"name\":\"Wildix Webinar Wildix\",\"isPartOf\":{\"@id\":\"https:\/\/old.wildix.com\/#website\"},\"datePublished\":\"2020-02-21T15:13:37+00:00\",\"dateModified\":\"2021-04-20T11:42:47+00:00\",\"breadcrumb\":{\"@id\":\"https:\/\/old.wildix.com\/sv\/webinar\/#breadcrumb\"},\"inLanguage\":\"sv-SE\",\"potentialAction\":[{\"@type\":\"ReadAction\",\"target\":[\"https:\/\/old.wildix.com\/sv\/webinar\/\"]}]},{\"@type\":\"BreadcrumbList\",\"@id\":\"https:\/\/old.wildix.com\/sv\/webinar\/#breadcrumb\",\"itemListElement\":[{\"@type\":\"ListItem\",\"position\":1,\"name\":\"Home\",\"item\":\"https:\/\/old.wildix.com\/\"},{\"@type\":\"ListItem\",\"position\":2,\"name\":\"Wildix Webinar\"}]},{\"@type\":\"WebSite\",\"@id\":\"https:\/\/old.wildix.com\/#website\",\"url\":\"https:\/\/old.wildix.com\/\",\"name\":\"Wildix\",\"description\":\"Wildix PBX | VoIP Solutions | Unified Communications | WebRTC\",\"publisher\":{\"@id\":\"https:\/\/old.wildix.com\/#organization\"},\"potentialAction\":[{\"@type\":\"SearchAction\",\"target\":{\"@type\":\"EntryPoint\",\"urlTemplate\":\"https:\/\/old.wildix.com\/?s={search_term_string}\"},\"query-input\":\"required name=search_term_string\"}],\"inLanguage\":\"sv-SE\"},{\"@type\":\"Organization\",\"@id\":\"https:\/\/old.wildix.com\/#organization\",\"name\":\"Wildix\",\"url\":\"https:\/\/old.wildix.com\/\",\"logo\":{\"@type\":\"ImageObject\",\"inLanguage\":\"sv-SE\",\"@id\":\"https:\/\/old.wildix.com\/#\/schema\/logo\/image\/\",\"url\":\"https:\/\/old.wildix.com\/wp-content\/uploads\/2018\/04\/wildix-logo-2.png\",\"contentUrl\":\"https:\/\/old.wildix.com\/wp-content\/uploads\/2018\/04\/wildix-logo-2.png\",\"width\":440,\"height\":200,\"caption\":\"Wildix\"},\"image\":{\"@id\":\"https:\/\/old.wildix.com\/#\/schema\/logo\/image\/\"}}]}<\/script>\n<!-- \/ Yoast SEO plugin. -->","yoast_head_json":{"title":"Wildix Webinar Wildix","robots":{"index":"noindex","follow":"nofollow"},"og_locale":"sv_SE","og_type":"article","og_title":"Wildix Webinar Wildix","og_description":"[mk_page_section bg_image=&#8221;https:\/\/old.wildix.com\/wp-content\/uploads\/2021\/01\/wizywebinar-background.jpg&#8221; bg_position=&#8221;center center&#8221; bg_repeat=&#8221;no-repeat&#8221; bg_stretch=&#8221;true&#8221; bg_gradient=&#8221;left_top&#8221; video_color_mask=&#8221;#003366&#8243; gr_end=&#8221;#90f3f2&#8243; video_opacity=&#8221;0.95&#8243; full_width=&#8221;true&#8221; padding_top=&#8221;0&#8243; padding_bottom=&#8221;0&#8243; sidebar=&#8221;sidebar-1&#8243; first_page=&#8221;false&#8221; last_page=&#8221;false&#8221;][vc_column][mk_padding_divider size=&#8221;125&#8243; visibility=&#8221;hidden-sm&#8221;][mk_padding_divider visibility=&#8221;visible-sm&#8221;][mk_fancy_title tag_name=&#8221;h1&#8243; color=&#8221;#ffffff&#8221; size=&#8221;50&#8243; force_font_size=&#8221;true&#8221; size_smallscreen=&#8221;50&#8243; size_tablet=&#8221;50&#8243; size_phone=&#8221;40&#8243; font_weight=&#8221;300&#8243; font_style=&#8221;normal&#8221; txt_transform=&#8221;none&#8221; margin_bottom=&#8221;0&#8243; font_family=&#8221;none&#8221; align=&#8221;center&#8221;] Wildix Webinars [\/mk_fancy_title][mk_fancy_title tag_name=&#8221;span&#8221; color=&#8221;#ffffff&#8221; size=&#8221;24&#8243; force_font_size=&#8221;true&#8221; size_smallscreen=&#8221;22&#8243; size_tablet=&#8221;22&#8243; size_phone=&#8221;20&#8243; font_weight=&#8221;300&#8243; font_style=&#8221;normal&#8221; txt_transform=&#8221;none&#8221; margin_bottom=&#8221;0&#8243; font_family=&#8221;none&#8221; align=&#8221;center&#8221;]Kunskap \u00e4r makt[\/mk_fancy_title][mk_padding_divider size=&#8221;30&#8243; visibility=&#8221;hidden-sm&#8221;][mk_padding_divider size=&#8221;10&#8243; visibility=&#8221;visible-sm&#8221;][\/vc_column][\/mk_page_section][vc_row fullwidth=&#8221;true&#8221;][vc_column][mk_padding_divider [&hellip;]","og_url":"https:\/\/old.wildix.com\/sv\/webinar\/","og_site_name":"Wildix","article_modified_time":"2021-04-20T11:42:47+00:00","og_image":[{"width":800,"height":500,"url":"https:\/\/old.wildix.com\/wp-content\/uploads\/2021\/04\/wildix-wizywebinar-3.jpeg","type":"image\/jpeg"}],"twitter_card":"summary_large_image","twitter_image":"https:\/\/old.wildix.com\/wp-content\/uploads\/2021\/04\/wildix-wizywebinar-3.jpeg","twitter_misc":{"Ber\u00e4knad l\u00e4stid":"2 minuter"},"schema":{"@context":"https:\/\/schema.org","@graph":[{"@type":"WebPage","@id":"https:\/\/old.wildix.com\/sv\/webinar\/","url":"https:\/\/old.wildix.com\/sv\/webinar\/","name":"Wildix Webinar Wildix","isPartOf":{"@id":"https:\/\/old.wildix.com\/#website"},"datePublished":"2020-02-21T15:13:37+00:00","dateModified":"2021-04-20T11:42:47+00:00","breadcrumb":{"@id":"https:\/\/old.wildix.com\/sv\/webinar\/#breadcrumb"},"inLanguage":"sv-SE","potentialAction":[{"@type":"ReadAction","target":["https:\/\/old.wildix.com\/sv\/webinar\/"]}]},{"@type":"BreadcrumbList","@id":"https:\/\/old.wildix.com\/sv\/webinar\/#breadcrumb","itemListElement":[{"@type":"ListItem","position":1,"name":"Home","item":"https:\/\/old.wildix.com\/"},{"@type":"ListItem","position":2,"name":"Wildix Webinar"}]},{"@type":"WebSite","@id":"https:\/\/old.wildix.com\/#website","url":"https:\/\/old.wildix.com\/","name":"Wildix","description":"Wildix PBX | VoIP Solutions | Unified Communications | WebRTC","publisher":{"@id":"https:\/\/old.wildix.com\/#organization"},"potentialAction":[{"@type":"SearchAction","target":{"@type":"EntryPoint","urlTemplate":"https:\/\/old.wildix.com\/?s={search_term_string}"},"query-input":"required name=search_term_string"}],"inLanguage":"sv-SE"},{"@type":"Organization","@id":"https:\/\/old.wildix.com\/#organization","name":"Wildix","url":"https:\/\/old.wildix.com\/","logo":{"@type":"ImageObject","inLanguage":"sv-SE","@id":"https:\/\/old.wildix.com\/#\/schema\/logo\/image\/","url":"https:\/\/old.wildix.com\/wp-content\/uploads\/2018\/04\/wildix-logo-2.png","contentUrl":"https:\/\/old.wildix.com\/wp-content\/uploads\/2018\/04\/wildix-logo-2.png","width":440,"height":200,"caption":"Wildix"},"image":{"@id":"https:\/\/old.wildix.com\/#\/schema\/logo\/image\/"}}]}},"_links":{"self":[{"href":"https:\/\/old.wildix.com\/sv\/wp-json\/wp\/v2\/pages\/7868451"}],"collection":[{"href":"https:\/\/old.wildix.com\/sv\/wp-json\/wp\/v2\/pages"}],"about":[{"href":"https:\/\/old.wildix.com\/sv\/wp-json\/wp\/v2\/types\/page"}],"author":[{"embeddable":true,"href":"https:\/\/old.wildix.com\/sv\/wp-json\/wp\/v2\/users\/1"}],"replies":[{"embeddable":true,"href":"https:\/\/old.wildix.com\/sv\/wp-json\/wp\/v2\/comments?post=7868451"}],"version-history":[{"count":0,"href":"https:\/\/old.wildix.com\/sv\/wp-json\/wp\/v2\/pages\/7868451\/revisions"}],"wp:featuredmedia":[{"embeddable":true,"href":"https:\/\/old.wildix.com\/sv\/wp-json\/wp\/v2\/media\/7872188"}],"wp:attachment":[{"href":"https:\/\/old.wildix.com\/sv\/wp-json\/wp\/v2\/media?parent=7868451"}],"curies":[{"name":"wp","href":"https:\/\/api.w.org\/{rel}","templated":true}]}}